{"id":10007,"date":"2022-09-22T08:50:17","date_gmt":"2022-09-22T06:50:17","guid":{"rendered":"https:\/\/kalimo.eu\/?post_type=product&#038;p=10007"},"modified":"2022-09-22T08:59:22","modified_gmt":"2022-09-22T06:59:22","slug":"halka-maku-microfibra","status":"publish","type":"product","link":"https:\/\/kalimo.eu\/?product=halka-maku-microfibra","title":{"rendered":"HALKA MAKU (microfibra)"},"content":{"rendered":"<p>Pon\u0119tna halka o niecodziennym kroju \u2013 halka Maku.<\/p>\n<p>Dzi\u0119ki mikrofibrze, kt\u00f3ra dopasowuje si\u0119 do kszta\u0142t\u00f3w sylwetki, halka \u0142adnie wyeksponuje Twoje atuty. Asymetryczny d\u00f3\u0142, wyko\u0144czony zosta\u0142 szersz\u0105 koronk\u0105 w kwiatowym wzorze. G\u00f3ra halki jest g\u0142adka, gdy\u017c to dolna cz\u0119\u015b\u0107 ma przykuwa\u0107 uwag\u0119. Regulowane naramki pozwalaj\u0105 decydowa\u0107 o g\u0142\u0119boko\u015bci dekoltu.<\/p>\n<p>Do halki mo\u017cesz dobra\u0107 podomk\u0119, wykonan\u0105 r\u00f3wnie\u017c z microfibry.<\/p>\n<p>Styl:<\/p>\n<p>elegancki, seksowny, uwodzicielski<br \/>\nzapewniaj\u0105cy wysok\u0105 swobod\u0119 noszenia<br \/>\nd\u0142ugo\u015b\u0107 halki mierzona od pachy w d\u00f3\u0142 po d\u0142u\u017cszym boku: ok. 105cm<br \/>\nd\u0142ugo\u015b\u0107 halki mierzona od pachy w d\u00f3\u0142 po kr\u00f3tszym boku: ok. 63cm<br \/>\n\u00a0<\/p>\n<p>Materia\u0142:<\/p>\n<p>delikatniejsza od jedwabiu, niezwykle mi\u0119kka microfibra<br \/>\nidealna dla alergik\u00f3w-nie podra\u017cnia<br \/>\nlekko\u015b\u0107, przepuszczalno\u015b\u0107 powietrza<br \/>\nodporno\u015b\u0107 na odkszta\u0142canie oraz pranie<br \/>\n\u00a0<\/p>\n<p>Dodatkowe cechy produktu:<\/p>\n<p>wyko\u0144czenie koronkowe<br \/>\nbielizna pakowana w \u015bliczne, du\u017ce opakowanie (idealne na prezent)<br \/>\nsk\u0142ad microfibry: 87% poliamid, 13% elastan.<\/p>\n","protected":false},"excerpt":{"rendered":"<p>Pon\u0119tna halka o niecodziennym kroju \u2013 halka Maku.<\/p>\n<p>Dzi\u0119ki mikrofibrze, kt\u00f3ra dopasowuje si\u0119 do kszta\u0142t\u00f3w sylwetki, halka \u0142adnie wyeksponuje Twoje atuty. Asymetryczny d\u00f3\u0142, wyko\u0144czony zosta\u0142 szersz\u0105 koronk\u0105 w kwiatowym wzorze. G\u00f3ra halki jest g\u0142adka, gdy\u017c to dolna cz\u0119\u015b\u0107 ma przykuwa\u0107 uwag\u0119. Regulowane naramki pozwalaj\u0105 decydowa\u0107 o g\u0142\u0119boko\u015bci dekoltu.<\/p>\n<p>Do halki mo\u017cesz dobra\u0107 podomk\u0119, wykonan\u0105 r\u00f3wnie\u017c z microfibry.<\/p>\n","protected":false},"featured_media":9920,"comment_status":"open","ping_status":"closed","template":"","meta":[],"product_cat":[15],"product_tag":[],"class_list":{"0":"post-10007","1":"product","2":"type-product","3":"status-publish","4":"has-post-thumbnail","6":"product_cat-halki","8":"first","9":"instock","10":"shipping-taxable","11":"purchasable","12":"product-type-variable","13":"has-default-attributes"},"_links":{"self":[{"href":"https:\/\/kalimo.eu\/index.php?rest_route=\/wp\/v2\/product\/10007","targetHints":{"allow":["GET"]}}],"collection":[{"href":"https:\/\/kalimo.eu\/index.php?rest_route=\/wp\/v2\/product"}],"about":[{"href":"https:\/\/kalimo.eu\/index.php?rest_route=\/wp\/v2\/types\/product"}],"replies":[{"embeddable":true,"href":"https:\/\/kalimo.eu\/index.php?rest_route=%2Fwp%2Fv2%2Fcomments&post=10007"}],"wp:featuredmedia":[{"embeddable":true,"href":"https:\/\/kalimo.eu\/index.php?rest_route=\/wp\/v2\/media\/9920"}],"wp:attachment":[{"href":"https:\/\/kalimo.eu\/index.php?rest_route=%2Fwp%2Fv2%2Fmedia&parent=10007"}],"wp:term":[{"taxonomy":"product_cat","embeddable":true,"href":"https:\/\/kalimo.eu\/index.php?rest_route=%2Fwp%2Fv2%2Fproduct_cat&post=10007"},{"taxonomy":"product_tag","embeddable":true,"href":"https:\/\/kalimo.eu\/index.php?rest_route=%2Fwp%2Fv2%2Fproduct_tag&post=10007"}],"curies":[{"name":"wp","href":"https:\/\/api.w.org\/{rel}","templated":true}]}}