{"id":10084,"date":"2022-09-26T08:36:20","date_gmt":"2022-09-26T06:36:20","guid":{"rendered":"https:\/\/kalimo.eu\/?post_type=product&#038;p=10084"},"modified":"2022-09-26T08:50:57","modified_gmt":"2022-09-26T06:50:57","slug":"halka-mirihi-wiskozakolory","status":"publish","type":"product","link":"https:\/\/kalimo.eu\/?product=halka-mirihi-wiskozakolory","title":{"rendered":"HALKA MIRIHI (wiskoza)+kolory"},"content":{"rendered":"<p>Urocza, dziewcz\u0119ca i przede wszystkim wygodna halka Mirhi jest kolejn\u0105 propozycj\u0105 marki Kalimo.<\/p>\n<p>Wykonana z oddychaj\u0105cej wiskozy o d\u0142ugo\u015bci do po\u0142owy uda. Zdobiona pod biustem paskiem elastycznej koronki w kwiatowym motywie. Cienkie, regulowane naramki pozwol\u0105 zdecydowa\u0107 o g\u0142\u0119boko\u015bci dekoltu. Dost\u0119pno\u015b\u0107 kolor\u00f3w sprawia, \u017ce ka\u017cda Pani znajdzie odpowiedni dla siebie.<\/p>\n<p>Styl:<\/p>\n<p>komfortowy dzi\u0119ki wiskozie<br \/>\ncodzienny<br \/>\nca\u0142kowita d\u0142ugo\u015b\u0107 halki mierzona od pachy w d\u00f3\u0142: ok.62cm<br \/>\n\u00a0<\/p>\n<p>Materia\u0142:<\/p>\n<p>wysokogatunkowa, oddychaj\u0105ca wiskoza, tzw. \u201djedwab drzewny\u201d<br \/>\nodpowiednia mi\u0119kko\u015b\u0107 oraz elastyczno\u015b\u0107<br \/>\nlekko\u015b\u0107, przewiewno\u015b\u0107<br \/>\n\u00a0<\/p>\n<p>Dodatkowe cechy produktu:<\/p>\n<p>wstawka koronkowa<br \/>\nregulowane naramki<br \/>\nbielizna pakowana w \u015bliczne, du\u017ce opakowanie (idealne na prezent)<br \/>\nsk\u0142ad materia\u0142u: 95% wiskoza, 5% elastan.<\/p>\n","protected":false},"excerpt":{"rendered":"<p>Urocza, dziewcz\u0119ca i przede wszystkim wygodna halka Mirhi jest kolejn\u0105 propozycj\u0105 marki Kalimo.<\/p>\n<p>Wykonana z oddychaj\u0105cej wiskozy o d\u0142ugo\u015bci do po\u0142owy uda. Zdobiona pod biustem paskiem elastycznej koronki w kwiatowym motywie. Cienkie, regulowane naramki pozwol\u0105 zdecydowa\u0107 o g\u0142\u0119boko\u015bci dekoltu. Dost\u0119pno\u015b\u0107 kolor\u00f3w sprawia, \u017ce ka\u017cda Pani znajdzie odpowiedni dla siebie.<\/p>\n","protected":false},"featured_media":9942,"comment_status":"open","ping_status":"closed","template":"","meta":[],"product_cat":[15],"product_tag":[],"class_list":{"0":"post-10084","1":"product","2":"type-product","3":"status-publish","4":"has-post-thumbnail","6":"product_cat-halki","8":"first","9":"instock","10":"shipping-taxable","11":"purchasable","12":"product-type-variable","13":"has-default-attributes"},"_links":{"self":[{"href":"https:\/\/kalimo.eu\/index.php?rest_route=\/wp\/v2\/product\/10084","targetHints":{"allow":["GET"]}}],"collection":[{"href":"https:\/\/kalimo.eu\/index.php?rest_route=\/wp\/v2\/product"}],"about":[{"href":"https:\/\/kalimo.eu\/index.php?rest_route=\/wp\/v2\/types\/product"}],"replies":[{"embeddable":true,"href":"https:\/\/kalimo.eu\/index.php?rest_route=%2Fwp%2Fv2%2Fcomments&post=10084"}],"wp:featuredmedia":[{"embeddable":true,"href":"https:\/\/kalimo.eu\/index.php?rest_route=\/wp\/v2\/media\/9942"}],"wp:attachment":[{"href":"https:\/\/kalimo.eu\/index.php?rest_route=%2Fwp%2Fv2%2Fmedia&parent=10084"}],"wp:term":[{"taxonomy":"product_cat","embeddable":true,"href":"https:\/\/kalimo.eu\/index.php?rest_route=%2Fwp%2Fv2%2Fproduct_cat&post=10084"},{"taxonomy":"product_tag","embeddable":true,"href":"https:\/\/kalimo.eu\/index.php?rest_route=%2Fwp%2Fv2%2Fproduct_tag&post=10084"}],"curies":[{"name":"wp","href":"https:\/\/api.w.org\/{rel}","templated":true}]}}