{"id":1023,"date":"2021-10-29T07:41:44","date_gmt":"2021-10-29T05:41:44","guid":{"rendered":"http:\/\/expect.home.pl\/autoinstalator\/wordpresswoocommerce?post_type=product&#038;p=1023"},"modified":"2022-02-21T12:32:29","modified_gmt":"2022-02-21T11:32:29","slug":"body-praslin-microfibra","status":"publish","type":"product","link":"https:\/\/kalimo.eu\/?product=body-praslin-microfibra","title":{"rendered":"BODY PRASLIN (microfibra)"},"content":{"rendered":"<p>Body z ciekawymi, cielistymi wstawkami. Wygl\u0105da atrakcyjnie zar\u00f3wno samo, jak i w zestawie ze spodniami.<\/p>\n<p>Cieliste pasy podkre\u015blaj\u0105 sylwetk\u0119: jeden w talii, drugi od g\u00f3ry biustu po ramiona. Biust przepasany czarn\u0105 mikrofibr\u0105 z delikatnym profilowaniem. Body zapinane na jeden guziczek z ty\u0142u. Bez r\u0119kawk\u00f3w.<\/p>\n<p>Zar\u00f3wno mikrofibra jak i siateczka to bardzo mi\u0119kkie i przyjemne w dotyku materia\u0142y. Takie jakie powinna mie\u0107 dobra jako\u015bciowo bielizna. Do tego s\u0105 one elastyczne, wi\u0119c \u0142atwo dopasowuj\u0105 si\u0119 do kszta\u0142tu cia\u0142a.<\/p>\n<p>Body Praslin ma pewn\u0105 nutk\u0119 sportowego charakteru w sobie, co wida\u0107 na zdj\u0119ciach. Do tego oferuje du\u017co ods\u0142oni\u0119tego cia\u0142a, ale jednak w eleganckim wykonaniu.<\/p>\n<p>&nbsp;<\/p>\n<p><strong>Styl:<\/strong><\/p>\n<p>sportowo-elegancki<br \/>\nd\u0142ugo\u015b\u0107 body mierzona od ramienia: ok. 66cm<br \/>\nd\u0142ugo\u015b\u0107 mierzona od pachy w d\u00f3\u0142: ok.37cm<\/p>\n<p>&nbsp;<\/p>\n<p><strong>Materia\u0142:<\/strong><\/p>\n<p>delikatniejsza od jedwabiu, niezwykle mi\u0119kka microfibra<br \/>\nidealna dla alergik\u00f3w-nie podra\u017cnia<br \/>\nlekko\u015b\u0107, przepuszczalno\u015b\u0107 powietrza<br \/>\nodporno\u015b\u0107 na odkszta\u0142canie<br \/>\nwysokiej jako\u015bci siatka<\/p>\n<p>&nbsp;<\/p>\n<p><strong>Dodatkowe cechy produktu:<\/strong><\/p>\n<p>regulowane na haftki zapi\u0119cie w kroku<br \/>\nbielizna pakowana w \u015bliczne, du\u017ce opakowanie (idealne na prezent)<br \/>\nsk\u0142ad microfibry: 87% poliamid, 13% elastan.<\/p>\n","protected":false},"excerpt":{"rendered":"<p>Body z ciekawymi, cielistymi wstawkami. Wygl\u0105da atrakcyjnie zar\u00f3wno samo, jak i w zestawie ze spodniami.<\/p>\n<p>Cieliste pasy podkre\u015blaj\u0105 sylwetk\u0119: jeden w talii, drugi od g\u00f3ry biustu po ramiona. Biust przepasany czarn\u0105 mikrofibr\u0105 z delikatnym profilowaniem. Body zapinane na jeden guziczek z ty\u0142u. Bez r\u0119kawk\u00f3w.<\/p>\n<p>Zar\u00f3wno mikrofibra jak i siateczka to bardzo mi\u0119kkie i przyjemne w dotyku materia\u0142y. Takie jakie powinna mie\u0107 dobra jako\u015bciowo bielizna. Do tego s\u0105 one elastyczne, wi\u0119c \u0142atwo dopasowuj\u0105 si\u0119 do kszta\u0142tu cia\u0142a.<\/p>\n<p>Body Praslin ma pewn\u0105 nutk\u0119 sportowego charakteru w sobie, co wida\u0107 na zdj\u0119ciach. Do tego oferuje du\u017co ods\u0142oni\u0119tego cia\u0142a, ale jednak w eleganckim wykonaniu.<\/p>\n","protected":false},"featured_media":1055,"comment_status":"open","ping_status":"closed","template":"","meta":[],"product_cat":[19],"product_tag":[],"class_list":{"0":"post-1023","1":"product","2":"type-product","3":"status-publish","4":"has-post-thumbnail","6":"product_cat-body","8":"first","9":"instock","10":"shipping-taxable","11":"purchasable","12":"product-type-variable","13":"has-default-attributes"},"_links":{"self":[{"href":"https:\/\/kalimo.eu\/index.php?rest_route=\/wp\/v2\/product\/1023","targetHints":{"allow":["GET"]}}],"collection":[{"href":"https:\/\/kalimo.eu\/index.php?rest_route=\/wp\/v2\/product"}],"about":[{"href":"https:\/\/kalimo.eu\/index.php?rest_route=\/wp\/v2\/types\/product"}],"replies":[{"embeddable":true,"href":"https:\/\/kalimo.eu\/index.php?rest_route=%2Fwp%2Fv2%2Fcomments&post=1023"}],"wp:featuredmedia":[{"embeddable":true,"href":"https:\/\/kalimo.eu\/index.php?rest_route=\/wp\/v2\/media\/1055"}],"wp:attachment":[{"href":"https:\/\/kalimo.eu\/index.php?rest_route=%2Fwp%2Fv2%2Fmedia&parent=1023"}],"wp:term":[{"taxonomy":"product_cat","embeddable":true,"href":"https:\/\/kalimo.eu\/index.php?rest_route=%2Fwp%2Fv2%2Fproduct_cat&post=1023"},{"taxonomy":"product_tag","embeddable":true,"href":"https:\/\/kalimo.eu\/index.php?rest_route=%2Fwp%2Fv2%2Fproduct_tag&post=1023"}],"curies":[{"name":"wp","href":"https:\/\/api.w.org\/{rel}","templated":true}]}}