{"id":1071,"date":"2021-10-29T08:02:16","date_gmt":"2021-10-29T06:02:16","guid":{"rendered":"http:\/\/expect.home.pl\/autoinstalator\/wordpresswoocommerce?post_type=product&#038;p=1071"},"modified":"2022-02-22T12:25:43","modified_gmt":"2022-02-22T11:25:43","slug":"body-conception-microfibra","status":"publish","type":"product","link":"https:\/\/kalimo.eu\/?product=body-conception-microfibra","title":{"rendered":"BODY CONCEPTION (microfibra)"},"content":{"rendered":"<p>Body przygotowane specjalnie dla wielbicieli koronkowej bielizny. Kwintesencja koronkowego stylu w bieli\u017anianej garderobie.<\/p>\n<p>Body mocno podkre\u015blaj\u0105ce tali\u0119 i dopasowuj\u0105ce si\u0119 do cia\u0142a. W wi\u0119kszo\u015bci delikatnie prze\u015bwituj\u0105ce poza samym biustem, kt\u00f3ry od wewn\u0105trz ma mi\u0119kkie wstawki z mikrofibry dla lepszego komfortu w\u0142a\u015bcicielki body. U do\u0142u podw\u00f3jne przepasanie dodatkow\u0105 wst\u0105\u017ck\u0105 koronkow\u0105 koresponduj\u0105c\u0105 z wyko\u0144czeniem dekoltu w stylu V-neck. Plecy w ca\u0142o\u015bci koronkowe przechodz\u0105ce szerokimi naramkami do przodu. Bez r\u0119kawk\u00f3w.<\/p>\n<p>Bielizna z pewno\u015bci\u0105 wyr\u00f3\u017cniaj\u0105ca si\u0119 w\u015br\u00f3d innych w szafie. Nie jest to bielizna dla ka\u017cdego. Bardziej dla koneser\u00f3w dobrego stylu. Czy nale\u017cy do nich? A mo\u017ce chcesz spr\u00f3bowa\u0107?<\/p>\n<p><strong>Styl:<\/strong><\/p>\n<p>elegancki, boho<br \/>\nd\u0142ugo\u015b\u0107 body mierzona od ramienia: ok. 66cm<br \/>\nd\u0142ugo\u015b\u0107 mierzona od pachy w d\u00f3\u0142: ok.35cm<\/p>\n<p><strong> Materia\u0142:<\/strong><\/p>\n<p>mi\u0119kka koronka w kwiatowym motywie<br \/>\nmicrofibra w okolicy biustu<br \/>\nodporno\u015b\u0107 na odkszta\u0142canie<\/p>\n<p><strong> Dodatkowe cechy produktu:<\/strong><\/p>\n<p>regulowane na haftki zapi\u0119cie w kroku<br \/>\nbielizna pakowana w \u015bliczne, du\u017ce opakowanie (idealne na prezent)<\/p>\n","protected":false},"excerpt":{"rendered":"<p>Body przygotowane specjalnie dla wielbicieli koronkowej bielizny. Kwintesencja koronkowego stylu w bieli\u017anianej garderobie.<\/p>\n<p>Body mocno podkre\u015blaj\u0105ce tali\u0119 i dopasowuj\u0105ce si\u0119 do cia\u0142a. W wi\u0119kszo\u015bci delikatnie prze\u015bwituj\u0105ce poza samym biustem, kt\u00f3ry od wewn\u0105trz ma mi\u0119kkie wstawki z mikrofibry dla lepszego komfortu w\u0142a\u015bcicielki body. U do\u0142u podw\u00f3jne przepasanie dodatkow\u0105 wst\u0105\u017ck\u0105 koronkow\u0105 koresponduj\u0105c\u0105 z wyko\u0144czeniem dekoltu w stylu V-neck. Plecy w ca\u0142o\u015bci koronkowe przechodz\u0105ce szerokimi naramkami do przodu. Bez r\u0119kawk\u00f3w.<\/p>\n<p>Bielizna z pewno\u015bci\u0105 wyr\u00f3\u017cniaj\u0105ca si\u0119 w\u015br\u00f3d innych w szafie. Nie jest to bielizna dla ka\u017cdego. Bardziej dla koneser\u00f3w dobrego stylu. Czy nale\u017cy do nich? A mo\u017ce chcesz spr\u00f3bowa\u0107?<\/p>\n","protected":false},"featured_media":1043,"comment_status":"open","ping_status":"closed","template":"","meta":[],"product_cat":[19],"product_tag":[],"class_list":{"0":"post-1071","1":"product","2":"type-product","3":"status-publish","4":"has-post-thumbnail","6":"product_cat-body","8":"first","9":"instock","10":"shipping-taxable","11":"purchasable","12":"product-type-variable","13":"has-default-attributes"},"_links":{"self":[{"href":"https:\/\/kalimo.eu\/index.php?rest_route=\/wp\/v2\/product\/1071","targetHints":{"allow":["GET"]}}],"collection":[{"href":"https:\/\/kalimo.eu\/index.php?rest_route=\/wp\/v2\/product"}],"about":[{"href":"https:\/\/kalimo.eu\/index.php?rest_route=\/wp\/v2\/types\/product"}],"replies":[{"embeddable":true,"href":"https:\/\/kalimo.eu\/index.php?rest_route=%2Fwp%2Fv2%2Fcomments&post=1071"}],"wp:featuredmedia":[{"embeddable":true,"href":"https:\/\/kalimo.eu\/index.php?rest_route=\/wp\/v2\/media\/1043"}],"wp:attachment":[{"href":"https:\/\/kalimo.eu\/index.php?rest_route=%2Fwp%2Fv2%2Fmedia&parent=1071"}],"wp:term":[{"taxonomy":"product_cat","embeddable":true,"href":"https:\/\/kalimo.eu\/index.php?rest_route=%2Fwp%2Fv2%2Fproduct_cat&post=1071"},{"taxonomy":"product_tag","embeddable":true,"href":"https:\/\/kalimo.eu\/index.php?rest_route=%2Fwp%2Fv2%2Fproduct_tag&post=1071"}],"curies":[{"name":"wp","href":"https:\/\/api.w.org\/{rel}","templated":true}]}}