{"id":1095,"date":"2021-10-29T08:37:51","date_gmt":"2021-10-29T06:37:51","guid":{"rendered":"http:\/\/expect.home.pl\/autoinstalator\/wordpresswoocommerce?post_type=product&#038;p=1095"},"modified":"2022-02-22T12:28:05","modified_gmt":"2022-02-22T11:28:05","slug":"body-cay-microfibra","status":"publish","type":"product","link":"https:\/\/kalimo.eu\/?product=body-cay-microfibra","title":{"rendered":"BODY CAY (microfibra)"},"content":{"rendered":"<p>Body Cay by Kalimo zosta\u0142o zaprojektowane tak, aby \u015bwietnie le\u017ca\u0142o na kobiecym ciele. Cz\u0119\u015b\u0107 zasadnicza body jest wykonana z mi\u0142ej, elastycznej mikrofibry. Natomiast ramiona i r\u0119kawki zrobione s\u0105 z prze\u015bwituj\u0105cej siateczki. U g\u00f3ry otwarta \u0142ezka zapinana na jeden guziczek.<\/p>\n<p>To body nie ma du\u017cego dekoltu, aczkolwiek \u015bwietnie podkre\u015bli biust, dzi\u0119ki elastycznej mikrofibrze i konstrukcji samego body, kt\u00f3re ze swej natury ma \u015bwietnie le\u017ce\u0107 i dopasowywa\u0107 si\u0119 do sylwetki. To body to propozycja maj\u0105ca wachlarz zastosowa\u0144. Abstrahuj\u0105c od jego bieli\u017anianego charakteru, zauwa\u017cysz do czego jeszcze mo\u017ce Ci si\u0119 przyda\u0107. Body na spotkanie biznesowe? No way? A mo\u017ce jednak? Zauwa\u017c, \u017ce body ma t\u0119 zalet\u0119, \u017ce\u2026 &#8230;nikt nie wie, \u017ce to body \ud83d\ude42<\/p>\n<p>Wykorzystaj to! We\u017a to body na sobie na spotkanie biznesowe. Nie jest a\u017c tak wyzywaj\u0105ce, a pod \u017cakietem b\u0119dzie wygl\u0105da\u0107 rewelacyjnie. Nikt nie musi wiedzie\u0107, \u017ce to dopasowana bielizna. Mo\u017ce z powodzeniem udawa\u0107 eleganck\u0105 bluzeczk\u0119. Spr\u00f3buj. Znasz to uczucie gdy dobry wygl\u0105d z dobrym ciuchem daje Tobie plus 10 punkt\u00f3w pewno\u015bci siebie? Zaufaj nam &#8211; to dzia\u0142a! \ud83d\ude42<\/p>\n<p>&nbsp;<\/p>\n<p><strong>Styl:<\/strong><\/p>\n<p>elegancki, boho<br \/>\nd\u0142ugo\u015b\u0107 body mierzona od ramienia: ok. 66cm<br \/>\nd\u0142ugo\u015b\u0107 mierzona od pachy w d\u00f3\u0142: ok.35cm<\/p>\n<p>&nbsp;<\/p>\n<p><strong>Materia\u0142:<\/strong><\/p>\n<p>delikatniejsza od jedwabiu, niezwykle mi\u0119kka microfibra<br \/>\nidealna dla alergik\u00f3w-nie podra\u017cnia<br \/>\nlekko\u015b\u0107, przepuszczalno\u015b\u0107 powietrza<br \/>\nodporno\u015b\u0107 na odkszta\u0142canie<br \/>\nelastyczna siatka<\/p>\n<p>&nbsp;<\/p>\n<p><strong>Dodatkowe cechy produktu:<\/strong><\/p>\n<p>regulowane na haftki zapi\u0119cie w kroku<br \/>\nbielizna pakowana w \u015bliczne, du\u017ce opakowanie (idealne na prezent)<br \/>\nsk\u0142ad microfibry: 87% poliamid, 13% elastan.<\/p>\n","protected":false},"excerpt":{"rendered":"<p>Body Cay by Kalimo zosta\u0142o zaprojektowane tak, aby \u015bwietnie le\u017ca\u0142o na kobiecym ciele. Cz\u0119\u015b\u0107 zasadnicza body jest wykonana z mi\u0142ej, elastycznej mikrofibry. Natomiast ramiona i r\u0119kawki zrobione s\u0105 z prze\u015bwituj\u0105cej siateczki. U g\u00f3ry otwarta \u0142ezka zapinana na jeden guziczek.<\/p>\n<p>To body nie ma du\u017cego dekoltu, aczkolwiek \u015bwietnie podkre\u015bli biust, dzi\u0119ki elastycznej mikrofibrze i konstrukcji samego body, kt\u00f3re ze swej natury ma \u015bwietnie le\u017ce\u0107 i dopasowywa\u0107 si\u0119 do sylwetki. To body to propozycja maj\u0105ca wachlarz zastosowa\u0144. Abstrahuj\u0105c od jego bieli\u017anianego charakteru, zauwa\u017cysz do czego jeszcze mo\u017ce Ci si\u0119 przyda\u0107. Body na spotkanie biznesowe? No way? A mo\u017ce jednak? Zauwa\u017c, \u017ce body ma t\u0119 zalet\u0119, \u017ce\u2026 &#8230;nikt nie wie, \u017ce to body \ud83d\ude42<\/p>\n<p>Wykorzystaj to! We\u017a to body na sobie na spotkanie biznesowe. Nie jest a\u017c tak wyzywaj\u0105ce, a pod \u017cakietem b\u0119dzie wygl\u0105da\u0107 rewelacyjnie. Nikt nie musi wiedzie\u0107, \u017ce to dopasowana bielizna. Mo\u017ce z powodzeniem udawa\u0107 eleganck\u0105 bluzeczk\u0119. Spr\u00f3buj. Znasz to uczucie gdy dobry wygl\u0105d z dobrym ciuchem daje Tobie plus 10 punkt\u00f3w pewno\u015bci siebie? Zaufaj nam &#8211; to dzia\u0142a! \ud83d\ude42<\/p>\n","protected":false},"featured_media":1033,"comment_status":"open","ping_status":"closed","template":"","meta":[],"product_cat":[19],"product_tag":[],"class_list":{"0":"post-1095","1":"product","2":"type-product","3":"status-publish","4":"has-post-thumbnail","6":"product_cat-body","8":"first","9":"instock","10":"shipping-taxable","11":"purchasable","12":"product-type-variable","13":"has-default-attributes"},"_links":{"self":[{"href":"https:\/\/kalimo.eu\/index.php?rest_route=\/wp\/v2\/product\/1095","targetHints":{"allow":["GET"]}}],"collection":[{"href":"https:\/\/kalimo.eu\/index.php?rest_route=\/wp\/v2\/product"}],"about":[{"href":"https:\/\/kalimo.eu\/index.php?rest_route=\/wp\/v2\/types\/product"}],"replies":[{"embeddable":true,"href":"https:\/\/kalimo.eu\/index.php?rest_route=%2Fwp%2Fv2%2Fcomments&post=1095"}],"wp:featuredmedia":[{"embeddable":true,"href":"https:\/\/kalimo.eu\/index.php?rest_route=\/wp\/v2\/media\/1033"}],"wp:attachment":[{"href":"https:\/\/kalimo.eu\/index.php?rest_route=%2Fwp%2Fv2%2Fmedia&parent=1095"}],"wp:term":[{"taxonomy":"product_cat","embeddable":true,"href":"https:\/\/kalimo.eu\/index.php?rest_route=%2Fwp%2Fv2%2Fproduct_cat&post=1095"},{"taxonomy":"product_tag","embeddable":true,"href":"https:\/\/kalimo.eu\/index.php?rest_route=%2Fwp%2Fv2%2Fproduct_tag&post=1095"}],"curies":[{"name":"wp","href":"https:\/\/api.w.org\/{rel}","templated":true}]}}