{"id":1109,"date":"2021-10-29T08:57:57","date_gmt":"2021-10-29T06:57:57","guid":{"rendered":"http:\/\/expect.home.pl\/autoinstalator\/wordpresswoocommerce?post_type=product&#038;p=1109"},"modified":"2022-02-22T12:52:13","modified_gmt":"2022-02-22T11:52:13","slug":"body-therese-microfibra","status":"publish","type":"product","link":"https:\/\/kalimo.eu\/?product=body-therese-microfibra","title":{"rendered":"BODY THERESE (microfibra)"},"content":{"rendered":"<p>Body reprezentatywne z przodu, odwa\u017cne z ty\u0142u. Od przodu wygl\u0105da jak \u015bwietnie dopasowana bluzeczka. To sprawa konstrukcji samego body: spi\u0119te z do\u0142u (wi\u0119c elegancko przylega) i jednolicie otulaj\u0105ce biust przyjemnym elastycznym materia\u0142em (mikrofibra). Dodatkowo przeszycie pod biust dla jeszcze lepszego dopasowania.<\/p>\n<p>Ty\u0142 body to zupe\u0142nie inna historia. Tutaj jest odwa\u017cnie. Bardzo du\u017ce wyci\u0119cie na plecach schodz\u0105ce, a\u017c do widocznej cz\u0119\u015bci nad spodniami (je\u017celi je masz na sobie). G\u00f3ra koronkowa zapinana na trzy eleganckie guziczki. R\u0119kawki to delikatna prze\u015bwituj\u0105ca siateczka zwie\u0144czona ponownie t\u0105 sam\u0105 koronk\u0105 ku d\u0142oniom. \u0141adne, prawda? \ud83d\ude42<\/p>\n<p>Dlaczego taka kombinacja przodu i ty\u0142u? Ha, zgadnij! &#8230;albo inaczej: za\u0142\u00f3\u017c to body, za\u0142\u00f3\u017c na nie \u017cakiet lub kurteczk\u0119. Widzisz teraz? \u0141adnie, elegancko. A sexy b\u0119dzie wtedy kiedy b\u0119dziesz chcia\u0142a. Ty decydujesz.<\/p>\n<p><strong><br \/>\nStyl:<\/strong><\/p>\n<p>elegancki, boho<br \/>\nd\u0142ugo\u015b\u0107 body mierzona od ramienia: ok. 66cm<br \/>\nd\u0142ugo\u015b\u0107 mierzona od pachy w d\u00f3\u0142: ok.31cm<\/p>\n<p>&nbsp;<\/p>\n<p><strong>Materia\u0142:<\/strong><\/p>\n<p>delikatniejsza od jedwabiu, niezwykle mi\u0119kka microfibra<br \/>\nidealna dla alergik\u00f3w-nie podra\u017cnia<br \/>\nlekko\u015b\u0107, przepuszczalno\u015b\u0107 powietrza<br \/>\nodporno\u015b\u0107 na odkszta\u0142canie<br \/>\nwysokiej jako\u015bci koronka<\/p>\n<p>&nbsp;<\/p>\n<p><strong>Dodatkowe cechy produktu:<\/strong><\/p>\n<p>regulowane na haftki zapi\u0119cie w kroku<br \/>\nbielizna pakowana w \u015bliczne, du\u017ce opakowanie (idealne na prezent)<br \/>\nsk\u0142ad microfibry: 87% poliamid, 13% elastan.<\/p>\n","protected":false},"excerpt":{"rendered":"<p>Body reprezentatywne z przodu, odwa\u017cne z ty\u0142u. Od przodu wygl\u0105da jak \u015bwietnie dopasowana bluzeczka. To sprawa konstrukcji samego body: spi\u0119te z do\u0142u (wi\u0119c elegancko przylega) i jednolicie otulaj\u0105ce biust przyjemnym elastycznym materia\u0142em (mikrofibra). Dodatkowo przeszycie pod biust dla jeszcze lepszego dopasowania.<\/p>\n<p>Ty\u0142 body to zupe\u0142nie inna historia. Tutaj jest odwa\u017cnie. Bardzo du\u017ce wyci\u0119cie na plecach schodz\u0105ce, a\u017c do widocznej cz\u0119\u015bci nad spodniami (je\u017celi je masz na sobie). G\u00f3ra koronkowa zapinana na trzy eleganckie guziczki. R\u0119kawki to delikatna prze\u015bwituj\u0105ca siateczka zwie\u0144czona ponownie t\u0105 sam\u0105 koronk\u0105 ku d\u0142oniom. \u0141adne, prawda? \ud83d\ude42<\/p>\n<p>Dlaczego taka kombinacja przodu i ty\u0142u? Ha, zgadnij! &#8230;albo inaczej: za\u0142\u00f3\u017c to body, za\u0142\u00f3\u017c na nie \u017cakiet lub kurteczk\u0119. Widzisz teraz? \u0141adnie, elegancko. A sexy b\u0119dzie wtedy kiedy b\u0119dziesz chcia\u0142a. Ty decydujesz.<\/p>\n","protected":false},"featured_media":1059,"comment_status":"open","ping_status":"closed","template":"","meta":[],"product_cat":[19],"product_tag":[],"class_list":{"0":"post-1109","1":"product","2":"type-product","3":"status-publish","4":"has-post-thumbnail","6":"product_cat-body","8":"first","9":"instock","10":"shipping-taxable","11":"purchasable","12":"product-type-variable","13":"has-default-attributes"},"_links":{"self":[{"href":"https:\/\/kalimo.eu\/index.php?rest_route=\/wp\/v2\/product\/1109","targetHints":{"allow":["GET"]}}],"collection":[{"href":"https:\/\/kalimo.eu\/index.php?rest_route=\/wp\/v2\/product"}],"about":[{"href":"https:\/\/kalimo.eu\/index.php?rest_route=\/wp\/v2\/types\/product"}],"replies":[{"embeddable":true,"href":"https:\/\/kalimo.eu\/index.php?rest_route=%2Fwp%2Fv2%2Fcomments&post=1109"}],"wp:featuredmedia":[{"embeddable":true,"href":"https:\/\/kalimo.eu\/index.php?rest_route=\/wp\/v2\/media\/1059"}],"wp:attachment":[{"href":"https:\/\/kalimo.eu\/index.php?rest_route=%2Fwp%2Fv2%2Fmedia&parent=1109"}],"wp:term":[{"taxonomy":"product_cat","embeddable":true,"href":"https:\/\/kalimo.eu\/index.php?rest_route=%2Fwp%2Fv2%2Fproduct_cat&post=1109"},{"taxonomy":"product_tag","embeddable":true,"href":"https:\/\/kalimo.eu\/index.php?rest_route=%2Fwp%2Fv2%2Fproduct_tag&post=1109"}],"curies":[{"name":"wp","href":"https:\/\/api.w.org\/{rel}","templated":true}]}}