{"id":1125,"date":"2021-10-29T10:55:35","date_gmt":"2021-10-29T08:55:35","guid":{"rendered":"http:\/\/expect.home.pl\/autoinstalator\/wordpresswoocommerce?post_type=product&#038;p=1125"},"modified":"2022-02-22T12:15:20","modified_gmt":"2022-02-22T11:15:20","slug":"body-mai-microfibra","status":"publish","type":"product","link":"https:\/\/kalimo.eu\/?product=body-mai-microfibra","title":{"rendered":"BODY MAI (microfibra)"},"content":{"rendered":"<p>Zmys\u0142owe, szykowne body Mai zosta\u0142o powsta\u0142o z my\u015bl\u0105 o kobietach ceni\u0105cych wysoki komfort i elegancj\u0119. Prz\u00f3d zosta\u0142 wykonany z delikatnej microfiby, na kt\u00f3r\u0105 zosta\u0142a na\u0142o\u017cona koronka w kwiatowym motywie. Ca\u0142o\u015bci dope\u0142nia dekolt oraz plecy zdobiony mi\u0119kk\u0105 siatk\u0105. Body Mai doskonale modeluje sylwetk\u0119, dzi\u0119ki zastosowaniu mikrofibry o wysokiej gramaturze.<\/p>\n<p>Zak\u0142adaj\u0105c body Mai z jeansami uzyskasz idealn\u0105 propozycj\u0119 na wyj\u015bcie na miasto. Je\u015bli skomponujesz je ze sp\u00f3dnic\u0105 lub eleganckimi spodniami, \u015bmia\u0142o mo\u017cesz wybra\u0107 si\u0119 do pracy czy te\u017c na bardziej oficjalne przyj\u0119cie.<\/p>\n<p>&nbsp;<\/p>\n<p><strong>Styl:<\/strong><\/p>\n<p>elegancki, boho<br \/>\nd\u0142ugo\u015b\u0107 body mierzona od ramienia: ok. 71cm<br \/>\nd\u0142ugo\u015b\u0107 mierzona od pachy w d\u00f3\u0142: ok.36cm<\/p>\n<p>&nbsp;<\/p>\n<p><strong>Materia\u0142:<\/strong><\/p>\n<p>delikatniejsza od jedwabiu, niezwykle mi\u0119kka microfibra<br \/>\nidealna dla alergik\u00f3w-nie podra\u017cnia<br \/>\nlekko\u015b\u0107, przepuszczalno\u015b\u0107 powietrza<br \/>\nodporno\u015b\u0107 na odkszta\u0142canie<br \/>\nwysokiej jako\u015bci koronka<br \/>\ndelikatny, elastyczny tiul<\/p>\n<p>&nbsp;<\/p>\n<p><strong>Dodatkowe cechy produktu:<\/strong><\/p>\n<p>regulowane na haftki zapi\u0119cie w kroku<br \/>\nbielizna pakowana w \u015bliczne, du\u017ce opakowanie (idealne na prezent)<br \/>\nsk\u0142ad microfibry: 87% poliamid, 13% elastan.<\/p>\n","protected":false},"excerpt":{"rendered":"<p>Zmys\u0142owe, szykowne body Mai zosta\u0142o powsta\u0142o z my\u015bl\u0105 o kobietach ceni\u0105cych wysoki komfort i elegancj\u0119. Prz\u00f3d zosta\u0142 wykonany z delikatnej microfiby, na kt\u00f3r\u0105 zosta\u0142a na\u0142o\u017cona koronka w kwiatowym motywie. Ca\u0142o\u015bci dope\u0142nia dekolt oraz plecy zdobiony mi\u0119kk\u0105 siatk\u0105. Body Mai doskonale modeluje sylwetk\u0119, dzi\u0119ki zastosowaniu mikrofibry o wysokiej gramaturze.<\/p>\n<p>Zak\u0142adaj\u0105c body Mai z jeansami uzyskasz idealn\u0105 propozycj\u0119 na wyj\u015bcie na miasto. Je\u015bli skomponujesz je ze sp\u00f3dnic\u0105 lub eleganckimi spodniami, \u015bmia\u0142o mo\u017cesz wybra\u0107 si\u0119 do pracy czy te\u017c na bardziej oficjalne przyj\u0119cie.<\/p>\n","protected":false},"featured_media":1135,"comment_status":"open","ping_status":"closed","template":"","meta":[],"product_cat":[19],"product_tag":[],"class_list":{"0":"post-1125","1":"product","2":"type-product","3":"status-publish","4":"has-post-thumbnail","6":"product_cat-body","8":"first","9":"instock","10":"shipping-taxable","11":"purchasable","12":"product-type-variable","13":"has-default-attributes"},"_links":{"self":[{"href":"https:\/\/kalimo.eu\/index.php?rest_route=\/wp\/v2\/product\/1125","targetHints":{"allow":["GET"]}}],"collection":[{"href":"https:\/\/kalimo.eu\/index.php?rest_route=\/wp\/v2\/product"}],"about":[{"href":"https:\/\/kalimo.eu\/index.php?rest_route=\/wp\/v2\/types\/product"}],"replies":[{"embeddable":true,"href":"https:\/\/kalimo.eu\/index.php?rest_route=%2Fwp%2Fv2%2Fcomments&post=1125"}],"wp:featuredmedia":[{"embeddable":true,"href":"https:\/\/kalimo.eu\/index.php?rest_route=\/wp\/v2\/media\/1135"}],"wp:attachment":[{"href":"https:\/\/kalimo.eu\/index.php?rest_route=%2Fwp%2Fv2%2Fmedia&parent=1125"}],"wp:term":[{"taxonomy":"product_cat","embeddable":true,"href":"https:\/\/kalimo.eu\/index.php?rest_route=%2Fwp%2Fv2%2Fproduct_cat&post=1125"},{"taxonomy":"product_tag","embeddable":true,"href":"https:\/\/kalimo.eu\/index.php?rest_route=%2Fwp%2Fv2%2Fproduct_tag&post=1125"}],"curies":[{"name":"wp","href":"https:\/\/api.w.org\/{rel}","templated":true}]}}