{"id":1147,"date":"2021-10-29T11:04:00","date_gmt":"2021-10-29T09:04:00","guid":{"rendered":"http:\/\/expect.home.pl\/autoinstalator\/wordpresswoocommerce?post_type=product&#038;p=1147"},"modified":"2022-02-21T08:45:34","modified_gmt":"2022-02-21T07:45:34","slug":"body-kradan-microfibra","status":"publish","type":"product","link":"https:\/\/kalimo.eu\/?product=body-kradan-microfibra","title":{"rendered":"BODY KRADAN (microfibra)"},"content":{"rendered":"<p>Je\u015bli zale\u017cy Ci na delikatnym wymodelowaniu sylwetki i zmys\u0142owym wygl\u0105dzie to polecamy body Cradan. Wykonane z microfibry o wysokiej gramaturze, kt\u00f3ra doskonale modeluje cia\u0142o a jest do tego delikatniejsza od jedwabiu, zapewni nie tylko komfort ale r\u00f3wnie\u017c pon\u0119tny wygl\u0105d. Sko\u015bne koronkowe wstawki dodaj\u0105 pikanterii i przykujwaj\u0105 uwag\u0119. W mistrzowski spos\u00f3b skonstruowane mi\u0119kkie miseczki sprawdz\u0105 si\u0119 r\u00f3wnie\u017c przy wi\u0119kszym biu\u015bcie.<\/p>\n<p>Propozycja do spodni, sukienki czy te\u017c jako bielizna pod sweterek.<\/p>\n<p>&nbsp;<\/p>\n<p><strong>Styl:<\/strong><\/p>\n<p>elegancki, seksowny<br \/>\nd\u0142ugo\u015b\u0107 body mierzona od ramienia: ok. 66cm<br \/>\nd\u0142ugo\u015b\u0107 mierzona od pachy w d\u00f3\u0142: ok.32cm<\/p>\n<p>&nbsp;<\/p>\n<p><strong>Materia\u0142:<\/strong><\/p>\n<p>delikatniejsza od jedwabiu, niezwykle mi\u0119kka microfibra<br \/>\nidealna dla alergik\u00f3w-nie podra\u017cnia<br \/>\nlekko\u015b\u0107, przepuszczalno\u015b\u0107 powietrza<br \/>\nodporno\u015b\u0107 na odkszta\u0142canie<\/p>\n<p>&nbsp;<\/p>\n<p><strong>Dodatkowe cechy produktu:<\/strong><\/p>\n<p>koronkowe wstawki, kt\u00f3re optycznie modeluj\u0105 sylwetk\u0119<br \/>\nregulowane na haftki zapi\u0119cie w kroku<br \/>\nbielizna pakowana w \u015bliczne, du\u017ce opakowanie (idealne na prezent)<br \/>\nsk\u0142ad microfibry: 87% poliamid, 13% elastan.<\/p>\n","protected":false},"excerpt":{"rendered":"<p>Je\u015bli zale\u017cy Ci na delikatnym wymodelowaniu sylwetki i zmys\u0142owym wygl\u0105dzie to polecamy body Cradan. Wykonane z microfibry o wysokiej gramaturze, kt\u00f3ra doskonale modeluje cia\u0142o a jest do tego delikatniejsza od jedwabiu, zapewni nie tylko komfort ale r\u00f3wnie\u017c pon\u0119tny wygl\u0105d. Sko\u015bne koronkowe wstawki dodaj\u0105 pikanterii i przykujwaj\u0105 uwag\u0119. W mistrzowski spos\u00f3b skonstruowane mi\u0119kkie miseczki sprawdz\u0105 si\u0119 r\u00f3wnie\u017c przy wi\u0119kszym biu\u015bcie.<\/p>\n<p>Propozycja do spodni, sukienki czy te\u017c jako bielizna pod sweterek.<\/p>\n","protected":false},"featured_media":1157,"comment_status":"open","ping_status":"closed","template":"","meta":[],"product_cat":[19],"product_tag":[],"class_list":{"0":"post-1147","1":"product","2":"type-product","3":"status-publish","4":"has-post-thumbnail","6":"product_cat-body","8":"first","9":"instock","10":"shipping-taxable","11":"purchasable","12":"product-type-variable","13":"has-default-attributes"},"_links":{"self":[{"href":"https:\/\/kalimo.eu\/index.php?rest_route=\/wp\/v2\/product\/1147","targetHints":{"allow":["GET"]}}],"collection":[{"href":"https:\/\/kalimo.eu\/index.php?rest_route=\/wp\/v2\/product"}],"about":[{"href":"https:\/\/kalimo.eu\/index.php?rest_route=\/wp\/v2\/types\/product"}],"replies":[{"embeddable":true,"href":"https:\/\/kalimo.eu\/index.php?rest_route=%2Fwp%2Fv2%2Fcomments&post=1147"}],"wp:featuredmedia":[{"embeddable":true,"href":"https:\/\/kalimo.eu\/index.php?rest_route=\/wp\/v2\/media\/1157"}],"wp:attachment":[{"href":"https:\/\/kalimo.eu\/index.php?rest_route=%2Fwp%2Fv2%2Fmedia&parent=1147"}],"wp:term":[{"taxonomy":"product_cat","embeddable":true,"href":"https:\/\/kalimo.eu\/index.php?rest_route=%2Fwp%2Fv2%2Fproduct_cat&post=1147"},{"taxonomy":"product_tag","embeddable":true,"href":"https:\/\/kalimo.eu\/index.php?rest_route=%2Fwp%2Fv2%2Fproduct_tag&post=1147"}],"curies":[{"name":"wp","href":"https:\/\/api.w.org\/{rel}","templated":true}]}}