{"id":1167,"date":"2021-10-29T11:31:52","date_gmt":"2021-10-29T09:31:52","guid":{"rendered":"http:\/\/expect.home.pl\/autoinstalator\/wordpresswoocommerce?post_type=product&#038;p=1167"},"modified":"2022-02-21T08:44:27","modified_gmt":"2022-02-21T07:44:27","slug":"body-chang-tiul","status":"publish","type":"product","link":"https:\/\/kalimo.eu\/?product=body-chang-tiul","title":{"rendered":"BODY CHANG (tiul)"},"content":{"rendered":"<p>Je\u015bli szukasz zmys\u0142owej bielizny na wyj\u0105tkowe chwile to pon\u0119tne body Chang jest strza\u0142em w dziesi\u0105tk\u0119. W kroku wygodne zapi\u0119cie na haftki.<\/p>\n<p>Mi\u0119kki, elastyczny tiul w po\u0142\u0105czeniu z eleganck\u0105 koronk\u0105 wyeksponuje w Tobie esencj\u0119 kobieco\u015bci. Je\u015bli masz obfity biust i my\u015blisz: \u201emi\u0119kkie miseczki nie s\u0105 dla mnie\u201d? Nic mylnego! Miseczki w body Chang s\u0105 tak skonstruowane, \u017ce nawet du\u017cy biust b\u0119dzie odpowiednio w nim podtrzymany. Dobierz do kompletu podomk\u0119 Mak i ciesz si\u0119 wyj\u0105tkowymi chwilami we dwoje.<\/p>\n<p>&nbsp;<\/p>\n<p><strong>Styl:<\/strong><br \/>\nzmys\u0142owy, seksowny<br \/>\nd\u0142ugo\u015b\u0107 body mierzona od ramienia: ok. 67cm<br \/>\nd\u0142ugo\u015b\u0107 mierzona od pachy w d\u00f3\u0142: ok.36cm<\/p>\n<p>&nbsp;<\/p>\n<p><strong>Materia\u0142:<\/strong><br \/>\nmi\u0119kka siatka<br \/>\nwysokiej jako\u015bci koronka<br \/>\nlekko\u015b\u0107<\/p>\n<p>&nbsp;<\/p>\n<p><strong>Dodatkowe cechy produktu:<\/strong><br \/>\nregulowane na haftki zapi\u0119cie w kroku<br \/>\nbielizna pakowana w \u015bliczne, du\u017ce opakowanie (idealne na prezent)<\/p>\n","protected":false},"excerpt":{"rendered":"<p>Je\u015bli szukasz zmys\u0142owej bielizny na wyj\u0105tkowe chwile to pon\u0119tne body Chang jest strza\u0142em w dziesi\u0105tk\u0119. W kroku wygodne zapi\u0119cie na haftki.<\/p>\n<p>Mi\u0119kki, elastyczny tiul w po\u0142\u0105czeniu z eleganck\u0105 koronk\u0105 wyeksponuje w Tobie esencj\u0119 kobieco\u015bci. Je\u015bli masz obfity biust i my\u015blisz: \u201emi\u0119kkie miseczki nie s\u0105 dla mnie\u201d? Nic mylnego! Miseczki w body Chang s\u0105 tak skonstruowane, \u017ce nawet du\u017cy biust b\u0119dzie odpowiednio w nim podtrzymany. Dobierz do kompletu podomk\u0119 Mak i ciesz si\u0119 wyj\u0105tkowymi chwilami we dwoje.<\/p>\n","protected":false},"featured_media":1191,"comment_status":"open","ping_status":"closed","template":"","meta":[],"product_cat":[19],"product_tag":[],"class_list":{"0":"post-1167","1":"product","2":"type-product","3":"status-publish","4":"has-post-thumbnail","6":"product_cat-body","8":"first","9":"instock","10":"shipping-taxable","11":"purchasable","12":"product-type-variable","13":"has-default-attributes"},"_links":{"self":[{"href":"https:\/\/kalimo.eu\/index.php?rest_route=\/wp\/v2\/product\/1167","targetHints":{"allow":["GET"]}}],"collection":[{"href":"https:\/\/kalimo.eu\/index.php?rest_route=\/wp\/v2\/product"}],"about":[{"href":"https:\/\/kalimo.eu\/index.php?rest_route=\/wp\/v2\/types\/product"}],"replies":[{"embeddable":true,"href":"https:\/\/kalimo.eu\/index.php?rest_route=%2Fwp%2Fv2%2Fcomments&post=1167"}],"wp:featuredmedia":[{"embeddable":true,"href":"https:\/\/kalimo.eu\/index.php?rest_route=\/wp\/v2\/media\/1191"}],"wp:attachment":[{"href":"https:\/\/kalimo.eu\/index.php?rest_route=%2Fwp%2Fv2%2Fmedia&parent=1167"}],"wp:term":[{"taxonomy":"product_cat","embeddable":true,"href":"https:\/\/kalimo.eu\/index.php?rest_route=%2Fwp%2Fv2%2Fproduct_cat&post=1167"},{"taxonomy":"product_tag","embeddable":true,"href":"https:\/\/kalimo.eu\/index.php?rest_route=%2Fwp%2Fv2%2Fproduct_tag&post=1167"}],"curies":[{"name":"wp","href":"https:\/\/api.w.org\/{rel}","templated":true}]}}