{"id":141,"date":"2021-07-12T12:47:39","date_gmt":"2021-07-12T10:47:39","guid":{"rendered":"http:\/\/expect.home.pl\/autoinstalator\/wordpresswoocommerce\/?post_type=product&#038;p=141"},"modified":"2022-01-17T08:14:29","modified_gmt":"2022-01-17T07:14:29","slug":"bluzka-nevada-kopia","status":"publish","type":"product","link":"https:\/\/kalimo.eu\/?product=bluzka-nevada-kopia","title":{"rendered":"BLUZKA NEVADA"},"content":{"rendered":"<p align=\"JUSTIFY\">Niezwykle urocza, niemal\u017ce uniwersalna bluzka wykonana z przyjemnej dzianiny oraz elastycznej tiulowej siateczki. Bluzka o dopasowanym kroju sprawdzi si\u0119 w ka\u017cdej stylizacji. Idealna zar\u00f3wno na co dzie\u0144 do jeans\u00f3w jak i pod marynark\u0119.<\/p>\n<p align=\"JUSTIFY\">Bluzeczka seksowna, a zarazem bardzo elegancka, stanowi\u0105ca uzupe\u0142nienie codziennej garderoby ka\u017cdej kobiety pod\u0105\u017caj\u0105cej za aktualnym trendami.<\/p>\n<div>\n<p><strong>Styl:<\/strong><\/p>\n<ul>\n<li>dopasowany do odpowiednich partii cia\u0142a<\/li>\n<li>zapewniaj\u0105cy wysoki komfort noszenia<\/li>\n<li>zapewniaj\u0105cy elastyczno\u015b\u0107 materia\u0142u w odpowiednich kierunkach<\/li>\n<li>ca\u0142kowita d\u0142ugo\u015b\u0107 bluzki mierzona po szwie bocznym: ok. 41cm<\/li>\n<li>sk\u0142ad materia\u0142u: 95% wiskoza, 5% elastan.<\/li>\n<\/ul>\n<\/div>\n","protected":false},"excerpt":{"rendered":"<p align=\"JUSTIFY\">Niezwykle urocza, niemal\u017ce uniwersalna bluzka wykonana z przyjemnej dzianiny oraz elastycznej tiulowej siateczki. Bluzka o dopasowanym kroju sprawdzi si\u0119 w ka\u017cdej stylizacji. Idealna zar\u00f3wno na co dzie\u0144 do jeans\u00f3w jak i pod marynark\u0119.<\/p>\n<p align=\"JUSTIFY\">Bluzeczka seksowna, a zarazem bardzo elegancka, stanowi\u0105ca uzupe\u0142nienie codziennej garderoby ka\u017cdej kobiety pod\u0105\u017caj\u0105cej za aktualnym trendami.<\/p>\n<div>\n<p><strong>Styl:<\/strong><\/p>\n<ul>\n<li>dopasowany do odpowiednich partii cia\u0142a<\/li>\n<li>zapewniaj\u0105cy wysoki komfort noszenia<\/li>\n<li>zapewniaj\u0105cy elastyczno\u015b\u0107 materia\u0142u w odpowiednich kierunkach<\/li>\n<li>ca\u0142kowita d\u0142ugo\u015b\u0107 bluzki mierzona po szwie bocznym: ok. 41cm<\/li>\n<li>sk\u0142ad materia\u0142u: 95% wiskoza, 5% elastan.<\/li>\n<\/ul>\n<\/div>\n","protected":false},"featured_media":84,"comment_status":"open","ping_status":"closed","template":"","meta":[],"product_cat":[20],"product_tag":[],"class_list":{"0":"post-141","1":"product","2":"type-product","3":"status-publish","4":"has-post-thumbnail","6":"product_cat-bluzki","8":"first","9":"outofstock","10":"shipping-taxable","11":"purchasable","12":"product-type-variable","13":"has-default-attributes"},"_links":{"self":[{"href":"https:\/\/kalimo.eu\/index.php?rest_route=\/wp\/v2\/product\/141","targetHints":{"allow":["GET"]}}],"collection":[{"href":"https:\/\/kalimo.eu\/index.php?rest_route=\/wp\/v2\/product"}],"about":[{"href":"https:\/\/kalimo.eu\/index.php?rest_route=\/wp\/v2\/types\/product"}],"replies":[{"embeddable":true,"href":"https:\/\/kalimo.eu\/index.php?rest_route=%2Fwp%2Fv2%2Fcomments&post=141"}],"wp:featuredmedia":[{"embeddable":true,"href":"https:\/\/kalimo.eu\/index.php?rest_route=\/wp\/v2\/media\/84"}],"wp:attachment":[{"href":"https:\/\/kalimo.eu\/index.php?rest_route=%2Fwp%2Fv2%2Fmedia&parent=141"}],"wp:term":[{"taxonomy":"product_cat","embeddable":true,"href":"https:\/\/kalimo.eu\/index.php?rest_route=%2Fwp%2Fv2%2Fproduct_cat&post=141"},{"taxonomy":"product_tag","embeddable":true,"href":"https:\/\/kalimo.eu\/index.php?rest_route=%2Fwp%2Fv2%2Fproduct_tag&post=141"}],"curies":[{"name":"wp","href":"https:\/\/api.w.org\/{rel}","templated":true}]}}