{"id":1413,"date":"2021-10-29T12:13:34","date_gmt":"2021-10-29T10:13:34","guid":{"rendered":"http:\/\/expect.home.pl\/autoinstalator\/wordpresswoocommerce?post_type=product&#038;p=1413"},"modified":"2022-02-21T08:46:34","modified_gmt":"2022-02-21T07:46:34","slug":"body-adang-mikrofibra","status":"publish","type":"product","link":"https:\/\/kalimo.eu\/?product=body-adang-mikrofibra","title":{"rendered":"BODY ADANG (mikrofibra)"},"content":{"rendered":"<p>Je\u015bli jeste\u015b romantyczk\u0105, kt\u00f3ra lubi nieszablonowe rozwi\u0105zania to body Adang spe\u0142ni Twoje oczekiwania. Wykonane z delikatniejszej od jedwabiu microfibry body delikatnie modeluje sylwetk\u0119 podkre\u015blaj\u0105c pi\u0119kno kobiecego cia\u0142a. Elastyczna, mi\u0119kka koronka biegn\u0105ca od naramek wzd\u0142u\u017c dekoltu pi\u0119knie eksponuje biust i pobudza zmys\u0142y. Regulowane zapi\u0119cie w kroku dla jeszcze wi\u0119kszego komfortu.<\/p>\n<p>Propozycja na wyj\u015bcie na miasto lub wiecz\u00f3r we dwoje.<\/p>\n<p>&nbsp;<\/p>\n<p><strong>Styl:<\/strong><\/p>\n<p>elegancki, seksowny<br \/>\nd\u0142ugo\u015b\u0107 body mierzona od ramienia: ok. 67cm<br \/>\nd\u0142ugo\u015b\u0107 mierzona od pachy w d\u00f3\u0142: ok.32cm<\/p>\n<p>&nbsp;<\/p>\n<p><strong>Materia\u0142:<\/strong><\/p>\n<p>delikatniejsza od jedwabiu, niezwykle mi\u0119kka microfibra<br \/>\nidealna dla alergik\u00f3w-nie podra\u017cnia<br \/>\nlekko\u015b\u0107, przepuszczalno\u015b\u0107 powietrza<br \/>\nodporno\u015b\u0107 na odkszta\u0142canie<br \/>\n<strong><br \/>\n<\/strong><\/p>\n<p><strong>Dodatkowe cechy produktu:<\/strong><\/p>\n<p>dekoracyjny, koronkowy dekolt<br \/>\nregulowane na haftki zapi\u0119cie w kroku<br \/>\nbielizna pakowana w \u015bliczne, du\u017ce opakowanie (idealne na prezent)<br \/>\nsk\u0142ad microfibry: 87% poliamid, 13% elastan.<\/p>\n","protected":false},"excerpt":{"rendered":"<p>Je\u015bli jeste\u015b romantyczk\u0105, kt\u00f3ra lubi nieszablonowe rozwi\u0105zania to body Adang spe\u0142ni Twoje oczekiwania. Wykonane z delikatniejszej od jedwabiu microfibry body delikatnie modeluje sylwetk\u0119 podkre\u015blaj\u0105c pi\u0119kno kobiecego cia\u0142a. Elastyczna, mi\u0119kka koronka biegn\u0105ca od naramek wzd\u0142u\u017c dekoltu pi\u0119knie eksponuje biust i pobudza zmys\u0142y. Regulowane zapi\u0119cie w kroku dla jeszcze wi\u0119kszego komfortu.<\/p>\n<p>Propozycja na wyj\u015bcie na miasto lub wiecz\u00f3r we dwoje.<\/p>\n","protected":false},"featured_media":1177,"comment_status":"open","ping_status":"closed","template":"","meta":[],"product_cat":[19],"product_tag":[],"class_list":{"0":"post-1413","1":"product","2":"type-product","3":"status-publish","4":"has-post-thumbnail","6":"product_cat-body","8":"first","9":"instock","10":"shipping-taxable","11":"purchasable","12":"product-type-variable","13":"has-default-attributes"},"_links":{"self":[{"href":"https:\/\/kalimo.eu\/index.php?rest_route=\/wp\/v2\/product\/1413","targetHints":{"allow":["GET"]}}],"collection":[{"href":"https:\/\/kalimo.eu\/index.php?rest_route=\/wp\/v2\/product"}],"about":[{"href":"https:\/\/kalimo.eu\/index.php?rest_route=\/wp\/v2\/types\/product"}],"replies":[{"embeddable":true,"href":"https:\/\/kalimo.eu\/index.php?rest_route=%2Fwp%2Fv2%2Fcomments&post=1413"}],"wp:featuredmedia":[{"embeddable":true,"href":"https:\/\/kalimo.eu\/index.php?rest_route=\/wp\/v2\/media\/1177"}],"wp:attachment":[{"href":"https:\/\/kalimo.eu\/index.php?rest_route=%2Fwp%2Fv2%2Fmedia&parent=1413"}],"wp:term":[{"taxonomy":"product_cat","embeddable":true,"href":"https:\/\/kalimo.eu\/index.php?rest_route=%2Fwp%2Fv2%2Fproduct_cat&post=1413"},{"taxonomy":"product_tag","embeddable":true,"href":"https:\/\/kalimo.eu\/index.php?rest_route=%2Fwp%2Fv2%2Fproduct_tag&post=1413"}],"curies":[{"name":"wp","href":"https:\/\/api.w.org\/{rel}","templated":true}]}}