{"id":1471,"date":"2021-10-29T12:45:42","date_gmt":"2021-10-29T10:45:42","guid":{"rendered":"http:\/\/expect.home.pl\/autoinstalator\/wordpresswoocommerce?post_type=product&#038;p=1471"},"modified":"2022-02-18T13:47:34","modified_gmt":"2022-02-18T12:47:34","slug":"body-luzon","status":"publish","type":"product","link":"https:\/\/kalimo.eu\/?product=body-luzon","title":{"rendered":"BODY LUZON"},"content":{"rendered":"<p>Przepi\u0119kne zmys\u0142owe body, kt\u00f3re powsta\u0142o przy po\u0142\u0105czeniu wiskozy z elastyczn\u0105, delikatn\u0105 koronk\u0105.<\/p>\n<p>Dekolt wykonany z koronki w kwiatowym motywie, profilowany-idealnie podtrzymuje biust. Koronka przechodzi na plecy, tym samym tworz\u0105c ich g\u00f3r\u0119. Dolna cz\u0119\u015b\u0107 to mi\u0119kka wiskoza. Zapi\u0119cie w kroku z mo\u017cliwo\u015bci\u0105 regulacji.<\/p>\n<p>Body Luzon to zmys\u0142owy element garderoby dla Niej a dla Niego zapewnienie mi\u0142ych dla oka dozna\u0144.<\/p>\n<p>&nbsp;<\/p>\n<p><strong>Styl:<\/strong><\/p>\n<p>komfortowy, dopasowany dzi\u0119ki elastycznej wiskozie oraz koronce<br \/>\nelegancki, luksusowy<br \/>\nd\u0142ugo\u015b\u0107 body mierzona po szwie bocznym ok.35cm (wymiar podany bez cz\u0119\u015bci majtkowej)<br \/>\n<strong><br \/>\n<\/strong><\/p>\n<p><strong>Materia\u0142:<\/strong><\/p>\n<p>wysokogatunkowa, elastyczna koronka oraz mi\u0119kka wiskoza.<br \/>\nodpowiednia mi\u0119kko\u015b\u0107 oraz delikatno\u015b\u0107<br \/>\nlekko\u015b\u0107<\/p>\n<p>&nbsp;<\/p>\n<p><strong>Dodatkowe cechy produktu:<\/strong><\/p>\n<p>3 stopniowe zapi\u0119cie w kroku<br \/>\ncz\u0119\u015b\u0107 majtkowa typu figi<br \/>\nbielizna pakowana w \u015bliczne, du\u017ce opakowanie (idealne na prezent)<\/p>\n","protected":false},"excerpt":{"rendered":"<p>Przepi\u0119kne zmys\u0142owe body, kt\u00f3re powsta\u0142o przy po\u0142\u0105czeniu wiskozy z elastyczn\u0105, delikatn\u0105 koronk\u0105.<\/p>\n<p>Dekolt wykonany z koronki w kwiatowym motywie, profilowany-idealnie podtrzymuje biust. Koronka przechodzi na plecy, tym samym tworz\u0105c ich g\u00f3r\u0119. Dolna cz\u0119\u015b\u0107 to mi\u0119kka wiskoza. Zapi\u0119cie w kroku z mo\u017cliwo\u015bci\u0105 regulacji.<\/p>\n<p>Body Luzon to zmys\u0142owy element garderoby dla Niej a dla Niego zapewnienie mi\u0142ych dla oka dozna\u0144.<\/p>\n","protected":false},"featured_media":1213,"comment_status":"open","ping_status":"closed","template":"","meta":[],"product_cat":[19],"product_tag":[],"class_list":{"0":"post-1471","1":"product","2":"type-product","3":"status-publish","4":"has-post-thumbnail","6":"product_cat-body","8":"first","9":"instock","10":"shipping-taxable","11":"purchasable","12":"product-type-variable","13":"has-default-attributes"},"_links":{"self":[{"href":"https:\/\/kalimo.eu\/index.php?rest_route=\/wp\/v2\/product\/1471","targetHints":{"allow":["GET"]}}],"collection":[{"href":"https:\/\/kalimo.eu\/index.php?rest_route=\/wp\/v2\/product"}],"about":[{"href":"https:\/\/kalimo.eu\/index.php?rest_route=\/wp\/v2\/types\/product"}],"replies":[{"embeddable":true,"href":"https:\/\/kalimo.eu\/index.php?rest_route=%2Fwp%2Fv2%2Fcomments&post=1471"}],"wp:featuredmedia":[{"embeddable":true,"href":"https:\/\/kalimo.eu\/index.php?rest_route=\/wp\/v2\/media\/1213"}],"wp:attachment":[{"href":"https:\/\/kalimo.eu\/index.php?rest_route=%2Fwp%2Fv2%2Fmedia&parent=1471"}],"wp:term":[{"taxonomy":"product_cat","embeddable":true,"href":"https:\/\/kalimo.eu\/index.php?rest_route=%2Fwp%2Fv2%2Fproduct_cat&post=1471"},{"taxonomy":"product_tag","embeddable":true,"href":"https:\/\/kalimo.eu\/index.php?rest_route=%2Fwp%2Fv2%2Fproduct_tag&post=1471"}],"curies":[{"name":"wp","href":"https:\/\/api.w.org\/{rel}","templated":true}]}}