{"id":1498,"date":"2021-10-29T13:03:43","date_gmt":"2021-10-29T11:03:43","guid":{"rendered":"http:\/\/expect.home.pl\/autoinstalator\/wordpresswoocommerce?post_type=product&#038;p=1498"},"modified":"2022-02-18T10:47:40","modified_gmt":"2022-02-18T09:47:40","slug":"body-samar","status":"publish","type":"product","link":"https:\/\/kalimo.eu\/?product=body-samar","title":{"rendered":"BODY SAMAR"},"content":{"rendered":"<p>Luksusowe i niezwykle eleganckie body to nowa propozycja marki Kalimo.<\/p>\n<p>Body Samar z mi\u0119kkimi miseczkami oraz elastyczn\u0105 siatk\u0105 bardzo \u0142adnie modeluje sylwetk\u0119. Dekolt zosta\u0142 wykonany z mi\u0119kkiej wiskozy z pionowymi przeszyciami dla lepszego wyeksponowania biustu. D\u00f3\u0142 to to elastyczna, dobrze dopasowuj\u0105ca si\u0119 dzianina siatkowa. Plecy zosta\u0142y ozdobione przepi\u0119kn\u0105, zmys\u0142ow\u0105 koronk\u0105. Body zapinane w kroku-dla wygody u\u017cytkowania.<\/p>\n<p>Idealna propozycja bieli\u017aniania lub jako pon\u0119tna bluzka pod marynark\u0119.<\/p>\n<p>&nbsp;<\/p>\n<p><strong>Styl:<\/strong><\/p>\n<p>komfortowy, dopasowany dzi\u0119ki elastycznej wiskozie oraz siatce<br \/>\nelegancki, luksusowy<br \/>\nd\u0142ugo\u015b\u0107 body mierzona po szwie bocznym ok.35cm (wymiar podany bez cz\u0119\u015bci majtkowej)<\/p>\n<p>&nbsp;<\/p>\n<p><strong>Materia\u0142:<\/strong><\/p>\n<p>wysokogatunkowa, elastyczna siatka oraz mi\u0119kka wiskoza.<br \/>\nodpowiednia mi\u0119kko\u015b\u0107 oraz delikatno\u015b\u0107<br \/>\nwysokiej jako\u015bci koronka<\/p>\n<p>&nbsp;<\/p>\n<p><strong>Dodatkowe cechy produktu:<\/strong><\/p>\n<p>3 stopniowe zapi\u0119cie w kroku<br \/>\ncz\u0119\u015b\u0107 majtkowa typu stringi<br \/>\nbielizna pakowana w \u015bliczne, du\u017ce opakowanie (idealne na prezent)<\/p>\n","protected":false},"excerpt":{"rendered":"<p>Luksusowe i niezwykle eleganckie body to nowa propozycja marki Kalimo.<\/p>\n<p>Body Samar z mi\u0119kkimi miseczkami oraz elastyczn\u0105 siatk\u0105 bardzo \u0142adnie modeluje sylwetk\u0119. Dekolt zosta\u0142 wykonany z mi\u0119kkiej wiskozy z pionowymi przeszyciami dla lepszego wyeksponowania biustu. D\u00f3\u0142 to to elastyczna, dobrze dopasowuj\u0105ca si\u0119 dzianina siatkowa. Plecy zosta\u0142y ozdobione przepi\u0119kn\u0105, zmys\u0142ow\u0105 koronk\u0105. Body zapinane w kroku-dla wygody u\u017cytkowania.<\/p>\n<p>Idealna propozycja bieli\u017aniania lub jako pon\u0119tna bluzka pod marynark\u0119.<\/p>\n","protected":false},"featured_media":1211,"comment_status":"open","ping_status":"closed","template":"","meta":[],"product_cat":[19],"product_tag":[],"class_list":{"0":"post-1498","1":"product","2":"type-product","3":"status-publish","4":"has-post-thumbnail","6":"product_cat-body","8":"first","9":"instock","10":"shipping-taxable","11":"purchasable","12":"product-type-variable","13":"has-default-attributes"},"_links":{"self":[{"href":"https:\/\/kalimo.eu\/index.php?rest_route=\/wp\/v2\/product\/1498","targetHints":{"allow":["GET"]}}],"collection":[{"href":"https:\/\/kalimo.eu\/index.php?rest_route=\/wp\/v2\/product"}],"about":[{"href":"https:\/\/kalimo.eu\/index.php?rest_route=\/wp\/v2\/types\/product"}],"replies":[{"embeddable":true,"href":"https:\/\/kalimo.eu\/index.php?rest_route=%2Fwp%2Fv2%2Fcomments&post=1498"}],"wp:featuredmedia":[{"embeddable":true,"href":"https:\/\/kalimo.eu\/index.php?rest_route=\/wp\/v2\/media\/1211"}],"wp:attachment":[{"href":"https:\/\/kalimo.eu\/index.php?rest_route=%2Fwp%2Fv2%2Fmedia&parent=1498"}],"wp:term":[{"taxonomy":"product_cat","embeddable":true,"href":"https:\/\/kalimo.eu\/index.php?rest_route=%2Fwp%2Fv2%2Fproduct_cat&post=1498"},{"taxonomy":"product_tag","embeddable":true,"href":"https:\/\/kalimo.eu\/index.php?rest_route=%2Fwp%2Fv2%2Fproduct_tag&post=1498"}],"curies":[{"name":"wp","href":"https:\/\/api.w.org\/{rel}","templated":true}]}}