{"id":3284,"date":"2021-11-04T09:44:11","date_gmt":"2021-11-04T08:44:11","guid":{"rendered":"http:\/\/kalimo.eu\/?post_type=product&#038;p=3284"},"modified":"2022-01-12T06:40:49","modified_gmt":"2022-01-12T05:40:49","slug":"halka-argentina-satynakolory","status":"publish","type":"product","link":"https:\/\/kalimo.eu\/?product=halka-argentina-satynakolory","title":{"rendered":"HALKA ARGENTINA (satyna)+kolory"},"content":{"rendered":"<p>Propozycja dla Pa\u0144, kt\u00f3re lubi\u0105 w kusz\u0105cy spos\u00f3b zakrywa\u0107 nogi.<\/p>\n<p>D\u0142uga, zmys\u0142owa halka Argentina wykonana z wysokiej jako\u015bci lej\u0105cej satyny w przyjemny spos\u00f3b otuli ca\u0142e cia\u0142o. Dopasowana w g\u00f3rnej cz\u0119\u015bci a jednocze\u015bnie odpowiednio szeroka do\u0142em sprawia, \u017ce ka\u017cda kobieta poczuje si\u0119 w niej seksownie a zarazem swobodnie. Regulowane naramki daj\u0105 mo\u017cliwo\u015b\u0107 zwi\u0119kszenia lub zmniejszenia dekoltu-wszystko zale\u017cy od Twojej fantazji.<\/p>\n<p>Za\u0142\u00f3\u017c d\u0142ug\u0105 halk\u0119, zapal \u015bwiecie i poczuj si\u0119 niezwykle pi\u0119kna&#8230;<\/p>\n<p>Haleczka pakowana jest w eleganckie, dwucz\u0119\u015bciowe opakowanie, wi\u0119c je\u015bli szukasz czego\u015b na prezent to koniecznie zobacz propozycje bielizny marki KALIMO.<\/p>\n<p><strong>Styl:<\/strong><\/p>\n<p>dopasowany do odpowiednich partii cia\u0142a<br \/>\nzapewniaj\u0105cy wysoki komfort noszenia<br \/>\nzapewniaj\u0105cy elastyczno\u015b\u0107 materia\u0142u w odpowiednich kierunkach<br \/>\nzapewniaj\u0105cy odpowiedni\u0105 prac\u0119 materia\u0142u (efekt lej\u0105cej si\u0119 satyny)<br \/>\nregulowane rami\u0105czka umo\u017cliwiaj\u0105ce dopasowanie g\u0142\u0119boko\u015bci dekoltu<br \/>\nca\u0142kowita d\u0142ugo\u015b\u0107 mierzona po szwie bocznym: 100cm.<\/p>\n<p><strong>Materia\u0142:<\/strong><\/p>\n<p>wysokogatunkowa , mi\u0119sista satyna<br \/>\nodpowiednia mi\u0119kko\u015b\u0107 po wewn\u0119trznej stronie<br \/>\nwysoki po\u0142ysk po stronie zewn\u0119trznej<br \/>\nwysokiej jako\u015bci splot<\/p>\n<p><strong>Dodatkowe cechy produktu:<\/strong><\/p>\n<p>regulowane naramki w kolorze halki<br \/>\nwyko\u0144czenie cieniutk\u0105 lam\u00f3wk\u0105<br \/>\nbielizna pakowana w \u015bliczne, du\u017ce opakowanie (idealne na prezent)<br \/>\nsk\u0142ad materia\u0142u: 97% poliester, 3% elastan. Splot satynowy.<br \/>\n\u00a0<\/p>\n","protected":false},"excerpt":{"rendered":"<p>Propozycja dla Pa\u0144, kt\u00f3re lubi\u0105 w kusz\u0105cy spos\u00f3b zakrywa\u0107 nogi.<\/p>\n<p>D\u0142uga, zmys\u0142owa halka Argentina wykonana z wysokiej jako\u015bci lej\u0105cej satyny w przyjemny spos\u00f3b otuli ca\u0142e cia\u0142o. Dopasowana w g\u00f3rnej cz\u0119\u015bci a jednocze\u015bnie odpowiednio szeroka do\u0142em sprawia, \u017ce ka\u017cda kobieta poczuje si\u0119 w niej seksownie a zarazem swobodnie. Regulowane naramki daj\u0105 mo\u017cliwo\u015b\u0107 zwi\u0119kszenia lub zmniejszenia dekoltu-wszystko zale\u017cy od Twojej fantazji.<\/p>\n<p>Za\u0142\u00f3\u017c d\u0142ug\u0105 halk\u0119, zapal \u015bwiecie i poczuj si\u0119 niezwykle pi\u0119kna&#8230;<\/p>\n<p>Haleczka pakowana jest w eleganckie, dwucz\u0119\u015bciowe opakowanie, wi\u0119c je\u015bli szukasz czego\u015b na prezent to koniecznie zobacz propozycje bielizny marki KALIMO.<\/p>\n","protected":false},"featured_media":2073,"comment_status":"open","ping_status":"closed","template":"","meta":[],"product_cat":[15],"product_tag":[],"class_list":{"0":"post-3284","1":"product","2":"type-product","3":"status-publish","4":"has-post-thumbnail","6":"product_cat-halki","8":"first","9":"instock","10":"shipping-taxable","11":"purchasable","12":"product-type-variable","13":"has-default-attributes"},"_links":{"self":[{"href":"https:\/\/kalimo.eu\/index.php?rest_route=\/wp\/v2\/product\/3284","targetHints":{"allow":["GET"]}}],"collection":[{"href":"https:\/\/kalimo.eu\/index.php?rest_route=\/wp\/v2\/product"}],"about":[{"href":"https:\/\/kalimo.eu\/index.php?rest_route=\/wp\/v2\/types\/product"}],"replies":[{"embeddable":true,"href":"https:\/\/kalimo.eu\/index.php?rest_route=%2Fwp%2Fv2%2Fcomments&post=3284"}],"wp:featuredmedia":[{"embeddable":true,"href":"https:\/\/kalimo.eu\/index.php?rest_route=\/wp\/v2\/media\/2073"}],"wp:attachment":[{"href":"https:\/\/kalimo.eu\/index.php?rest_route=%2Fwp%2Fv2%2Fmedia&parent=3284"}],"wp:term":[{"taxonomy":"product_cat","embeddable":true,"href":"https:\/\/kalimo.eu\/index.php?rest_route=%2Fwp%2Fv2%2Fproduct_cat&post=3284"},{"taxonomy":"product_tag","embeddable":true,"href":"https:\/\/kalimo.eu\/index.php?rest_route=%2Fwp%2Fv2%2Fproduct_tag&post=3284"}],"curies":[{"name":"wp","href":"https:\/\/api.w.org\/{rel}","templated":true}]}}