{"id":3476,"date":"2021-11-04T10:58:18","date_gmt":"2021-11-04T09:58:18","guid":{"rendered":"http:\/\/kalimo.eu\/?post_type=product&#038;p=3476"},"modified":"2022-01-13T10:15:17","modified_gmt":"2022-01-13T09:15:17","slug":"halka-costa-rica-wiskozakolory","status":"publish","type":"product","link":"https:\/\/kalimo.eu\/?product=halka-costa-rica-wiskozakolory","title":{"rendered":"HALKA COSTA RICA (wiskoza)+kolory"},"content":{"rendered":"<p>Mi\u0119kka wiskozowa haleczka utrzymana w gor\u0105cym klimacie o d\u0142ugo\u015bci przed kolano to propozycja na pozytywny nastr\u00f3j o dowolnej porze roku. Odpowiednie dopasowanie halki na wysoko\u015bci biustu oraz talii sprawia, \u017ce jest ona nie tylko seksowna, ale jednocze\u015bnie bardzo wygodna.<\/p>\n<p>Elegancji dodaj\u0105 jej koronkowe rami\u0105czka sp\u0142ywaj\u0105ce zdobieniami na umiarkowanie g\u0142\u0119boki dekolt. D\u00f3\u0142 halki zwiewny, podkre\u015blaj\u0105cy jej lekko\u015b\u0107.<\/p>\n<p>Kusz\u0105ca Costa Rica to halka dla Pa\u0144, kt\u00f3re ceni\u0105 wysoki komfort bielizny nocnej, a jednocze\u015bnie chc\u0105 po\u0142\u0105czy\u0107 szczypt\u0119 seksapilu z wyrafinowan\u0105 elegancj\u0105.<\/p>\n<p>Halka jest pakowana w eleganckie pude\u0142ko \u2013 idealna propozycja prezentu.<\/p>\n<p><strong>Styl:<\/strong><\/p>\n<p>komfortowy, dopasowany do odpowiednich partii cia\u0142a<br \/>\nzapewniaj\u0105cy wysok\u0105 swobod\u0119 noszenia<br \/>\nzapewniaj\u0105cy elastyczno\u015b\u0107 materia\u0142u w odpowiednich kierunkach<br \/>\ndekolt z koronki w kszta\u0142cie kwiatk\u00f3w<br \/>\nca\u0142kowita d\u0142ugo\u015b\u0107 koszulki mierzona po szwie bocznym: 63cm<\/p>\n<p><strong>Materia\u0142:<\/strong><\/p>\n<p>wysokogatunkowa, oddychaj\u0105ca wiskoza, tzw. \u201djedwab drzewny\u201d<br \/>\nodpowiednia mi\u0119kko\u015b\u0107 oraz elastyczno\u015b\u0107<br \/>\nlekko\u015b\u0107, przewiewno\u015b\u0107<\/p>\n<p><strong>Dodatkowe cechy produktu:<\/strong><\/p>\n<p>wyko\u0144czenie dekoltu z mi\u0119kkiej, wysokogatunkowej koronki<br \/>\nozdobna, satynowa kokardka przy biu\u015bcie<br \/>\nszerokie, wygodne naramki<br \/>\nbielizna pakowana w \u015bliczne, du\u017ce opakowanie (idealne na prezent)<br \/>\nsk\u0142ad materia\u0142u: 95% wiskoza, 5% elastan.<\/p>\n","protected":false},"excerpt":{"rendered":"<p>Mi\u0119kka wiskozowa haleczka utrzymana w gor\u0105cym klimacie o d\u0142ugo\u015bci przed kolano to propozycja na pozytywny nastr\u00f3j o dowolnej porze roku. Odpowiednie dopasowanie halki na wysoko\u015bci biustu oraz talii sprawia, \u017ce jest ona nie tylko seksowna, ale jednocze\u015bnie bardzo wygodna.<\/p>\n<p>Elegancji dodaj\u0105 jej koronkowe rami\u0105czka sp\u0142ywaj\u0105ce zdobieniami na umiarkowanie g\u0142\u0119boki dekolt. D\u00f3\u0142 halki zwiewny, podkre\u015blaj\u0105cy jej lekko\u015b\u0107.<\/p>\n<p>Kusz\u0105ca Costa Rica to halka dla Pa\u0144, kt\u00f3re ceni\u0105 wysoki komfort bielizny nocnej, a jednocze\u015bnie chc\u0105 po\u0142\u0105czy\u0107 szczypt\u0119 seksapilu z wyrafinowan\u0105 elegancj\u0105.<\/p>\n<p>Halka jest pakowana w eleganckie pude\u0142ko \u2013 idealna propozycja prezentu.<\/p>\n","protected":false},"featured_media":2347,"comment_status":"open","ping_status":"closed","template":"","meta":[],"product_cat":[15],"product_tag":[],"class_list":{"0":"post-3476","1":"product","2":"type-product","3":"status-publish","4":"has-post-thumbnail","6":"product_cat-halki","8":"first","9":"instock","10":"shipping-taxable","11":"purchasable","12":"product-type-variable","13":"has-default-attributes"},"_links":{"self":[{"href":"https:\/\/kalimo.eu\/index.php?rest_route=\/wp\/v2\/product\/3476","targetHints":{"allow":["GET"]}}],"collection":[{"href":"https:\/\/kalimo.eu\/index.php?rest_route=\/wp\/v2\/product"}],"about":[{"href":"https:\/\/kalimo.eu\/index.php?rest_route=\/wp\/v2\/types\/product"}],"replies":[{"embeddable":true,"href":"https:\/\/kalimo.eu\/index.php?rest_route=%2Fwp%2Fv2%2Fcomments&post=3476"}],"wp:featuredmedia":[{"embeddable":true,"href":"https:\/\/kalimo.eu\/index.php?rest_route=\/wp\/v2\/media\/2347"}],"wp:attachment":[{"href":"https:\/\/kalimo.eu\/index.php?rest_route=%2Fwp%2Fv2%2Fmedia&parent=3476"}],"wp:term":[{"taxonomy":"product_cat","embeddable":true,"href":"https:\/\/kalimo.eu\/index.php?rest_route=%2Fwp%2Fv2%2Fproduct_cat&post=3476"},{"taxonomy":"product_tag","embeddable":true,"href":"https:\/\/kalimo.eu\/index.php?rest_route=%2Fwp%2Fv2%2Fproduct_tag&post=3476"}],"curies":[{"name":"wp","href":"https:\/\/api.w.org\/{rel}","templated":true}]}}