{"id":368,"date":"2021-09-14T11:44:15","date_gmt":"2021-09-14T09:44:15","guid":{"rendered":"http:\/\/expect.home.pl\/autoinstalator\/wordpresswoocommerce\/?post_type=product&#038;p=368"},"modified":"2023-02-06T07:57:56","modified_gmt":"2023-02-06T06:57:56","slug":"bransoletka-srebrna-pozlacana-sloneczne-kolo-kalimo-bsp-003","status":"publish","type":"product","link":"https:\/\/kalimo.eu\/?product=bransoletka-srebrna-pozlacana-sloneczne-kolo-kalimo-bsp-003","title":{"rendered":"Bransoletka srebrna poz\u0142acana &#8211; s\u0142oneczne ko\u0142o &#8211; Kalimo BSP-003"},"content":{"rendered":"<div class=\"product-tab\" data-tab=\"box_description\">\n<div class=\"innerbox\">\n<div class=\"resetcss\">\n<p><strong>Bransoletka srebrna, poz\u0142acana 24-karatowym z\u0142otem, z a\u017curowym s\u0142onecznym ko\u0142em.<\/strong><\/p>\n<p><strong>Materia\u0142:\u00a0<\/strong>Srebro pr. 925, powlekane 24-karatowym z\u0142otem<\/p>\n<p><strong>Pr\u00f3ba:<\/strong>\u00a00,925<\/p>\n<p><strong>D\u0142ugo\u015b\u0107:<\/strong>\u00a019 cm<\/p>\n<p><strong>Waga ca\u0142o\u015bci:<\/strong> 2,4 g<\/p>\n<p><strong>Waga srebra:<\/strong> 2,4 g<\/p>\n<p><strong>Wielko\u015b\u0107 elementu ozdobnego:<\/strong> \u015brednica 1,7 cm<\/p>\n<p><strong>Zapi\u0119cie:<\/strong> federing<\/p>\n<\/div>\n<\/div>\n<\/div>\n","protected":false},"excerpt":{"rendered":"<div class=\"product-tab\" data-tab=\"box_description\">\n<div class=\"innerbox\">\n<div class=\"resetcss\">\n<p><strong>Bransoletka srebrna, poz\u0142acana 24-karatowym z\u0142otem, z a\u017curowym s\u0142onecznym ko\u0142em.<\/strong><\/p>\n<p><strong>Materia\u0142:\u00a0<\/strong>Srebro pr. 925, powlekane 24-karatowym z\u0142otem<\/p>\n<p><strong>Pr\u00f3ba:<\/strong>\u00a00,925<\/p>\n<p><strong>D\u0142ugo\u015b\u0107:<\/strong>\u00a019 cm<\/p>\n<p><strong>Waga ca\u0142o\u015bci:<\/strong> 2,4 g<\/p>\n<p><strong>Waga srebra:<\/strong> 2,4 g<\/p>\n<p><strong>Wielko\u015b\u0107 elementu ozdobnego:<\/strong> \u015brednica 1,7 cm<\/p>\n<p><strong>Zapi\u0119cie:<\/strong> federing<\/p>\n<\/div>\n<\/div>\n<\/div>\n","protected":false},"featured_media":1603,"comment_status":"open","ping_status":"closed","template":"","meta":[],"product_cat":[27],"product_tag":[],"class_list":{"0":"post-368","1":"product","2":"type-product","3":"status-publish","4":"has-post-thumbnail","6":"product_cat-bransoletki","8":"first","9":"outofstock","10":"shipping-taxable","11":"purchasable","12":"product-type-simple"},"_links":{"self":[{"href":"https:\/\/kalimo.eu\/index.php?rest_route=\/wp\/v2\/product\/368","targetHints":{"allow":["GET"]}}],"collection":[{"href":"https:\/\/kalimo.eu\/index.php?rest_route=\/wp\/v2\/product"}],"about":[{"href":"https:\/\/kalimo.eu\/index.php?rest_route=\/wp\/v2\/types\/product"}],"replies":[{"embeddable":true,"href":"https:\/\/kalimo.eu\/index.php?rest_route=%2Fwp%2Fv2%2Fcomments&post=368"}],"wp:featuredmedia":[{"embeddable":true,"href":"https:\/\/kalimo.eu\/index.php?rest_route=\/wp\/v2\/media\/1603"}],"wp:attachment":[{"href":"https:\/\/kalimo.eu\/index.php?rest_route=%2Fwp%2Fv2%2Fmedia&parent=368"}],"wp:term":[{"taxonomy":"product_cat","embeddable":true,"href":"https:\/\/kalimo.eu\/index.php?rest_route=%2Fwp%2Fv2%2Fproduct_cat&post=368"},{"taxonomy":"product_tag","embeddable":true,"href":"https:\/\/kalimo.eu\/index.php?rest_route=%2Fwp%2Fv2%2Fproduct_tag&post=368"}],"curies":[{"name":"wp","href":"https:\/\/api.w.org\/{rel}","templated":true}]}}