{"id":369,"date":"2021-09-14T11:49:01","date_gmt":"2021-09-14T09:49:01","guid":{"rendered":"http:\/\/expect.home.pl\/autoinstalator\/wordpresswoocommerce\/?post_type=product&#038;p=369"},"modified":"2023-01-26T15:02:33","modified_gmt":"2023-01-26T14:02:33","slug":"naszyjnik-srebrny-pozlacany-sloneczne-kolo-kalimo-nsp-005","status":"publish","type":"product","link":"https:\/\/kalimo.eu\/?product=naszyjnik-srebrny-pozlacany-sloneczne-kolo-kalimo-nsp-005","title":{"rendered":"Naszyjnik srebrny poz\u0142acany \u2013 s\u0142oneczne ko\u0142o \u2013 Kalimo NSP-005"},"content":{"rendered":"<p><strong>Srebrny naszyjnik, pokryty 24-karatowym z\u0142otem, z a\u017curowym s\u0142onecznym ko\u0142em.<br \/>\n<\/strong><\/p>\n<p><strong>Materia\u0142:\u00a0<\/strong>Srebro pr. 925, powlekane 24-karatowym z\u0142otem<\/p>\n<p><strong>Pr\u00f3ba:<\/strong>\u00a00,925<\/p>\n<p><strong>Waga ca\u0142o\u015bci:<\/strong> 4,6 g<\/p>\n<p><strong>Waga srebra:<\/strong> 4,6 g<\/p>\n<p><strong>D\u0142ugo\u015b\u0107:<\/strong> 45 cm + element ozdobny<strong><br \/>\n<\/strong><\/p>\n<p><strong>\u015arednica ko\u0142a ozdobnego:<\/strong> 1,7 cm<\/p>\n<p><strong>Zapi\u0119cie:<\/strong> federing<\/p>\n","protected":false},"excerpt":{"rendered":"<p><strong>Srebrny naszyjnik, pokryty 24-karatowym z\u0142otem, z a\u017curowym s\u0142onecznym ko\u0142em.<br \/>\n<\/strong><\/p>\n<p><strong>Materia\u0142:\u00a0<\/strong>Srebro pr. 925, powlekane 24-karatowym z\u0142otem<\/p>\n<p><strong>Pr\u00f3ba:<\/strong>\u00a00,925<\/p>\n<p><strong>Waga ca\u0142o\u015bci:<\/strong> 4,6 g<\/p>\n<p><strong>Waga srebra:<\/strong> 4,6 g<\/p>\n<p><strong>D\u0142ugo\u015b\u0107:<\/strong> 45 cm + element ozdobny<strong><br \/>\n<\/strong><\/p>\n<p><strong>\u015arednica ko\u0142a ozdobnego:<\/strong> 1,7 cm<\/p>\n<p><strong>Zapi\u0119cie:<\/strong> federing<\/p>\n","protected":false},"featured_media":1713,"comment_status":"open","ping_status":"closed","template":"","meta":[],"product_cat":[26],"product_tag":[],"class_list":{"0":"post-369","1":"product","2":"type-product","3":"status-publish","4":"has-post-thumbnail","6":"product_cat-naszyjniki","8":"first","9":"outofstock","10":"shipping-taxable","11":"purchasable","12":"product-type-simple"},"_links":{"self":[{"href":"https:\/\/kalimo.eu\/index.php?rest_route=\/wp\/v2\/product\/369","targetHints":{"allow":["GET"]}}],"collection":[{"href":"https:\/\/kalimo.eu\/index.php?rest_route=\/wp\/v2\/product"}],"about":[{"href":"https:\/\/kalimo.eu\/index.php?rest_route=\/wp\/v2\/types\/product"}],"replies":[{"embeddable":true,"href":"https:\/\/kalimo.eu\/index.php?rest_route=%2Fwp%2Fv2%2Fcomments&post=369"}],"wp:featuredmedia":[{"embeddable":true,"href":"https:\/\/kalimo.eu\/index.php?rest_route=\/wp\/v2\/media\/1713"}],"wp:attachment":[{"href":"https:\/\/kalimo.eu\/index.php?rest_route=%2Fwp%2Fv2%2Fmedia&parent=369"}],"wp:term":[{"taxonomy":"product_cat","embeddable":true,"href":"https:\/\/kalimo.eu\/index.php?rest_route=%2Fwp%2Fv2%2Fproduct_cat&post=369"},{"taxonomy":"product_tag","embeddable":true,"href":"https:\/\/kalimo.eu\/index.php?rest_route=%2Fwp%2Fv2%2Fproduct_tag&post=369"}],"curies":[{"name":"wp","href":"https:\/\/api.w.org\/{rel}","templated":true}]}}