{"id":3696,"date":"2021-11-08T08:07:32","date_gmt":"2021-11-08T07:07:32","guid":{"rendered":"http:\/\/kalimo.eu\/?post_type=product&#038;p=3696"},"modified":"2022-02-18T07:47:06","modified_gmt":"2022-02-18T06:47:06","slug":"bluzka-coco","status":"publish","type":"product","link":"https:\/\/kalimo.eu\/?product=bluzka-coco","title":{"rendered":"BLUZKA COCO"},"content":{"rendered":"<p>Seksowna i przyjemna w noszeniu bluzka z kr\u00f3tkim r\u0119kawkiem oraz koronkowymi plecami-idealna zar\u00f3wno na co dzie\u0144 do jeans\u00f3w jak i od \u015bwi\u0119ta lub do pracy pod marynark\u0119.<\/p>\n<p>Wykonana z przyjemnej mi\u0119kkiej dzianiny oraz elastycznej koronki.<\/p>\n<p><strong>Styl:<\/strong><\/p>\n<p>dopasowany do odpowiednich partii cia\u0142a<br \/>\nzapewniaj\u0105cy wysoki komfort noszenia<br \/>\nzapewniaj\u0105cy elastyczno\u015b\u0107 materia\u0142u w odpowiednich kierunkach<br \/>\nca\u0142kowita d\u0142ugo\u015b\u0107 bluzki mierzona po szwie bocznym:ok. \u00a041cm<br \/>\nsk\u0142ad materia\u0142u: 95% wiskoza, 5% elastan<br \/>\n\u00a0<\/p>\n","protected":false},"excerpt":{"rendered":"<p>Seksowna i przyjemna w noszeniu bluzka z kr\u00f3tkim r\u0119kawkiem oraz koronkowymi plecami-idealna zar\u00f3wno na co dzie\u0144 do jeans\u00f3w jak i od \u015bwi\u0119ta lub do pracy pod marynark\u0119.<\/p>\n<p>Wykonana z przyjemnej mi\u0119kkiej dzianiny oraz elastycznej koronki.<\/p>\n","protected":false},"featured_media":2319,"comment_status":"open","ping_status":"closed","template":"","meta":[],"product_cat":[20],"product_tag":[],"class_list":{"0":"post-3696","1":"product","2":"type-product","3":"status-publish","4":"has-post-thumbnail","6":"product_cat-bluzki","8":"first","9":"outofstock","10":"shipping-taxable","11":"purchasable","12":"product-type-variable","13":"has-default-attributes"},"_links":{"self":[{"href":"https:\/\/kalimo.eu\/index.php?rest_route=\/wp\/v2\/product\/3696","targetHints":{"allow":["GET"]}}],"collection":[{"href":"https:\/\/kalimo.eu\/index.php?rest_route=\/wp\/v2\/product"}],"about":[{"href":"https:\/\/kalimo.eu\/index.php?rest_route=\/wp\/v2\/types\/product"}],"replies":[{"embeddable":true,"href":"https:\/\/kalimo.eu\/index.php?rest_route=%2Fwp%2Fv2%2Fcomments&post=3696"}],"wp:featuredmedia":[{"embeddable":true,"href":"https:\/\/kalimo.eu\/index.php?rest_route=\/wp\/v2\/media\/2319"}],"wp:attachment":[{"href":"https:\/\/kalimo.eu\/index.php?rest_route=%2Fwp%2Fv2%2Fmedia&parent=3696"}],"wp:term":[{"taxonomy":"product_cat","embeddable":true,"href":"https:\/\/kalimo.eu\/index.php?rest_route=%2Fwp%2Fv2%2Fproduct_cat&post=3696"},{"taxonomy":"product_tag","embeddable":true,"href":"https:\/\/kalimo.eu\/index.php?rest_route=%2Fwp%2Fv2%2Fproduct_tag&post=3696"}],"curies":[{"name":"wp","href":"https:\/\/api.w.org\/{rel}","templated":true}]}}