{"id":371,"date":"2021-09-14T11:58:58","date_gmt":"2021-09-14T09:58:58","guid":{"rendered":"http:\/\/expect.home.pl\/autoinstalator\/wordpresswoocommerce\/?post_type=product&#038;p=371"},"modified":"2022-09-13T10:47:08","modified_gmt":"2022-09-13T08:47:08","slug":"kolczyki-srebrne-pozlacane-globe-kalimo-ksp-005","status":"publish","type":"product","link":"https:\/\/kalimo.eu\/?product=kolczyki-srebrne-pozlacane-globe-kalimo-ksp-005","title":{"rendered":"Kolczyki srebrne poz\u0142acane \u2013 Globe \u2013 Kalimo KSP-005"},"content":{"rendered":"<div class=\"woocommerce-product-details__short-description\">\n<p><strong>Kolczyki srebrne, pokryte w ca\u0142o\u015bci 24-karatowym z\u0142otem, w kszta\u0142cie globu.\u00a0<\/strong><\/p>\n<p><strong>Materia\u0142:\u00a0<\/strong>Srebro pr. 925, powlekane 24-karatowym z\u0142otem<\/p>\n<p><strong>Pr\u00f3ba:<\/strong>\u00a00,925<\/p>\n<p><strong>D\u0142ugo\u015b\u0107:<\/strong> 1,0 cm<\/p>\n<p><strong>Waga ca\u0142o\u015bci:<\/strong> 0,8 g<\/p>\n<p><strong>Waga srebra:<\/strong> 0,8 g<\/p>\n<p><strong>Wielko\u015b\u0107 elementu ozdobnego:<\/strong> \u015brednica planety 1,0 cm<\/p>\n<p><strong>Zapi\u0119cie:<\/strong> sztyft<\/p>\n<\/div>\n","protected":false},"excerpt":{"rendered":"<div class=\"woocommerce-product-details__short-description\">\n<p><strong>Kolczyki srebrne, pokryte w ca\u0142o\u015bci 24-karatowym z\u0142otem, w kszta\u0142cie globu.\u00a0<\/strong><\/p>\n<p><strong>Materia\u0142:\u00a0<\/strong>Srebro pr. 925, powlekane 24-karatowym z\u0142otem<\/p>\n<p><strong>Pr\u00f3ba:<\/strong>\u00a00,925<\/p>\n<p><strong>D\u0142ugo\u015b\u0107:<\/strong> 1,0 cm<\/p>\n<p><strong>Waga ca\u0142o\u015bci:<\/strong> 0,8 g<\/p>\n<p><strong>Waga srebra:<\/strong> 0,8 g<\/p>\n<p><strong>Wielko\u015b\u0107 elementu ozdobnego:<\/strong> \u015brednica planety 1,0 cm<\/p>\n<p><strong>Zapi\u0119cie:<\/strong> sztyft<\/p>\n<\/div>\n","protected":false},"featured_media":1651,"comment_status":"open","ping_status":"closed","template":"","meta":[],"product_cat":[25],"product_tag":[],"class_list":{"0":"post-371","1":"product","2":"type-product","3":"status-publish","4":"has-post-thumbnail","6":"product_cat-kolczyki","8":"first","9":"instock","10":"shipping-taxable","11":"purchasable","12":"product-type-simple"},"_links":{"self":[{"href":"https:\/\/kalimo.eu\/index.php?rest_route=\/wp\/v2\/product\/371","targetHints":{"allow":["GET"]}}],"collection":[{"href":"https:\/\/kalimo.eu\/index.php?rest_route=\/wp\/v2\/product"}],"about":[{"href":"https:\/\/kalimo.eu\/index.php?rest_route=\/wp\/v2\/types\/product"}],"replies":[{"embeddable":true,"href":"https:\/\/kalimo.eu\/index.php?rest_route=%2Fwp%2Fv2%2Fcomments&post=371"}],"wp:featuredmedia":[{"embeddable":true,"href":"https:\/\/kalimo.eu\/index.php?rest_route=\/wp\/v2\/media\/1651"}],"wp:attachment":[{"href":"https:\/\/kalimo.eu\/index.php?rest_route=%2Fwp%2Fv2%2Fmedia&parent=371"}],"wp:term":[{"taxonomy":"product_cat","embeddable":true,"href":"https:\/\/kalimo.eu\/index.php?rest_route=%2Fwp%2Fv2%2Fproduct_cat&post=371"},{"taxonomy":"product_tag","embeddable":true,"href":"https:\/\/kalimo.eu\/index.php?rest_route=%2Fwp%2Fv2%2Fproduct_tag&post=371"}],"curies":[{"name":"wp","href":"https:\/\/api.w.org\/{rel}","templated":true}]}}