{"id":3777,"date":"2021-11-08T13:25:52","date_gmt":"2021-11-08T12:25:52","guid":{"rendered":"http:\/\/kalimo.eu\/?post_type=product&#038;p=3777"},"modified":"2022-01-12T06:43:27","modified_gmt":"2022-01-12T05:43:27","slug":"komplet-venice-satynakolory","status":"publish","type":"product","link":"https:\/\/kalimo.eu\/?product=komplet-venice-satynakolory","title":{"rendered":"KOMPLET VENICE (satyna)+kolory"},"content":{"rendered":"<p>Wygodny i uroczy komplet satynowy sk\u0142adaj\u0105cy si\u0119 z koszulki oraz szort\u00f3w zdobionych male\u0144kimi kokardkami. Spodenki zosta\u0142y skrojone w taki spos\u00f3b, aby dawa\u0142y maksimum wygody podczas noszenia a jednocze\u015bnie seksownie podkre\u015bla\u0142y kr\u0105g\u0142o\u015bci po\u015bladk\u00f3w.<\/p>\n<p>Pi\u017camka ta jest idealnym rozwi\u0105zaniem dla Pa\u0144, kt\u00f3re ceni\u0105 eleganck\u0105 i zmys\u0142ow\u0105 bielizn\u0119 nocn\u0105 a niekoniecznie lubi\u0105 halki.<\/p>\n<p>Komplet pakowany jest w eleganckie, dwucz\u0119\u015bciowe opakowanie, wi\u0119c mo\u017ce by\u0107 ciekawym pomys\u0142em r\u00f3wnie\u017c na prezent.<\/p>\n<p><strong>Styl:<\/strong><\/p>\n<p>dopasowany do odpowiednich partii cia\u0142a<br \/>\nzapewniaj\u0105cy wysoki komfort noszenia<br \/>\nzapewniaj\u0105cy elastyczno\u015b\u0107 materia\u0142u w odpowiednich kierunkach<br \/>\nzapewniaj\u0105cy odpowiedni\u0105 prac\u0119 materia\u0142u (efekt lej\u0105cej si\u0119 satyny)<br \/>\nregulowane rami\u0105czka umo\u017cliwiaj\u0105ce dopasowanie g\u0142\u0119boko\u015bci dekoltu<br \/>\nca\u0142kowita d\u0142ugo\u015b\u0107 koszulki mierzona po szwie bocznym: 35cm.<\/p>\n<p><strong>Materia\u0142:<\/strong><\/p>\n<p>wysokogatunkowa , mi\u0119sista satyna<br \/>\nodpowiednia mi\u0119kko\u015b\u0107 po wewn\u0119trznej stronie<br \/>\nwysoki po\u0142ysk po stronie zewn\u0119trznej<br \/>\nwysokiej jako\u015bci splot<\/p>\n<p><strong>Dodatkowe cechy produktu:<\/strong><\/p>\n<p>regulowane naramki w kolorze halki<br \/>\nwyko\u0144czenie cieniutk\u0105 lam\u00f3wk\u0105<br \/>\nbielizna pakowana w \u015bliczne, du\u017ce opakowanie (idealne na prezent)<br \/>\nsk\u0142ad materia\u0142u: 97% poliester, 3% elastan. Splot satynowy.<\/p>\n","protected":false},"excerpt":{"rendered":"<p>Wygodny i uroczy komplet satynowy sk\u0142adaj\u0105cy si\u0119 z koszulki oraz szort\u00f3w zdobionych male\u0144kimi kokardkami. Spodenki zosta\u0142y skrojone w taki spos\u00f3b, aby dawa\u0142y maksimum wygody podczas noszenia a jednocze\u015bnie seksownie podkre\u015bla\u0142y kr\u0105g\u0142o\u015bci po\u015bladk\u00f3w.<\/p>\n<p>Pi\u017camka ta jest idealnym rozwi\u0105zaniem dla Pa\u0144, kt\u00f3re ceni\u0105 eleganck\u0105 i zmys\u0142ow\u0105 bielizn\u0119 nocn\u0105 a niekoniecznie lubi\u0105 halki.<\/p>\n<p>Komplet pakowany jest w eleganckie, dwucz\u0119\u015bciowe opakowanie, wi\u0119c mo\u017ce by\u0107 ciekawym pomys\u0142em r\u00f3wnie\u017c na prezent.<\/p>\n","protected":false},"featured_media":3235,"comment_status":"open","ping_status":"closed","template":"","meta":[],"product_cat":[17],"product_tag":[],"class_list":{"0":"post-3777","1":"product","2":"type-product","3":"status-publish","4":"has-post-thumbnail","6":"product_cat-komplety","8":"first","9":"instock","10":"shipping-taxable","11":"purchasable","12":"product-type-variable","13":"has-default-attributes"},"_links":{"self":[{"href":"https:\/\/kalimo.eu\/index.php?rest_route=\/wp\/v2\/product\/3777","targetHints":{"allow":["GET"]}}],"collection":[{"href":"https:\/\/kalimo.eu\/index.php?rest_route=\/wp\/v2\/product"}],"about":[{"href":"https:\/\/kalimo.eu\/index.php?rest_route=\/wp\/v2\/types\/product"}],"replies":[{"embeddable":true,"href":"https:\/\/kalimo.eu\/index.php?rest_route=%2Fwp%2Fv2%2Fcomments&post=3777"}],"wp:featuredmedia":[{"embeddable":true,"href":"https:\/\/kalimo.eu\/index.php?rest_route=\/wp\/v2\/media\/3235"}],"wp:attachment":[{"href":"https:\/\/kalimo.eu\/index.php?rest_route=%2Fwp%2Fv2%2Fmedia&parent=3777"}],"wp:term":[{"taxonomy":"product_cat","embeddable":true,"href":"https:\/\/kalimo.eu\/index.php?rest_route=%2Fwp%2Fv2%2Fproduct_cat&post=3777"},{"taxonomy":"product_tag","embeddable":true,"href":"https:\/\/kalimo.eu\/index.php?rest_route=%2Fwp%2Fv2%2Fproduct_tag&post=3777"}],"curies":[{"name":"wp","href":"https:\/\/api.w.org\/{rel}","templated":true}]}}