{"id":380,"date":"2021-09-14T12:54:17","date_gmt":"2021-09-14T10:54:17","guid":{"rendered":"http:\/\/expect.home.pl\/autoinstalator\/wordpresswoocommerce\/?post_type=product&#038;p=380"},"modified":"2023-02-06T08:36:22","modified_gmt":"2023-02-06T07:36:22","slug":"kolczyki-srebrne-rodowane-tytanowa-pelnia-kalimo-ks-001","status":"publish","type":"product","link":"https:\/\/kalimo.eu\/?product=kolczyki-srebrne-rodowane-tytanowa-pelnia-kalimo-ks-001","title":{"rendered":"Kolczyki srebrne rodowane z tytanem &#8211; titanium sunset &#8211; Kalimo KS-001"},"content":{"rendered":"<p><strong>Kolczyki z rodowanego srebra z r\u0119cznie wybarwianym tytanem &#8211; titanium sunset.<br \/>\n<\/strong><\/p>\n<div class=\"product-tab\" data-tab=\"box_description\">\n<div class=\"innerbox\">\n<div class=\"resetcss\">\n<p><strong>Pr\u00f3ba:<\/strong>\u00a00,925<\/p>\n<p><strong>D\u0142ugo\u015b\u0107:<\/strong> 2 cm<\/p>\n<p><strong>Szeroko\u015b\u0107 zdobienia:<\/strong> ok 1,6 cm<\/p>\n<p><strong>Waga ca\u0142o\u015bci:<\/strong> 1,9 g<\/p>\n<p><strong>Waga srebra:<\/strong> 0,8 g<\/p>\n<p><strong>Zapi\u0119cie:<\/strong> sztyft<\/p>\n<\/div>\n<\/div>\n<\/div>\n","protected":false},"excerpt":{"rendered":"<p><strong>Kolczyki z rodowanego srebra z r\u0119cznie wybarwianym tytanem &#8211; titanium sunset.<br \/>\n<\/strong><\/p>\n<div class=\"product-tab\" data-tab=\"box_description\">\n<div class=\"innerbox\">\n<div class=\"resetcss\">\n<p><strong>Pr\u00f3ba:<\/strong>\u00a00,925<\/p>\n<p><strong>D\u0142ugo\u015b\u0107:<\/strong> 2 cm<\/p>\n<p><strong>Szeroko\u015b\u0107 zdobienia:<\/strong> ok 1,6 cm<\/p>\n<p><strong>Waga ca\u0142o\u015bci:<\/strong> 1,9 g<\/p>\n<p><strong>Waga srebra:<\/strong> 0,8 g<\/p>\n<p><strong>Zapi\u0119cie:<\/strong> sztyft<\/p>\n<\/div>\n<\/div>\n<\/div>\n","protected":false},"featured_media":1625,"comment_status":"open","ping_status":"closed","template":"","meta":[],"product_cat":[25],"product_tag":[],"class_list":{"0":"post-380","1":"product","2":"type-product","3":"status-publish","4":"has-post-thumbnail","6":"product_cat-kolczyki","8":"first","9":"outofstock","10":"shipping-taxable","11":"purchasable","12":"product-type-simple"},"_links":{"self":[{"href":"https:\/\/kalimo.eu\/index.php?rest_route=\/wp\/v2\/product\/380","targetHints":{"allow":["GET"]}}],"collection":[{"href":"https:\/\/kalimo.eu\/index.php?rest_route=\/wp\/v2\/product"}],"about":[{"href":"https:\/\/kalimo.eu\/index.php?rest_route=\/wp\/v2\/types\/product"}],"replies":[{"embeddable":true,"href":"https:\/\/kalimo.eu\/index.php?rest_route=%2Fwp%2Fv2%2Fcomments&post=380"}],"wp:featuredmedia":[{"embeddable":true,"href":"https:\/\/kalimo.eu\/index.php?rest_route=\/wp\/v2\/media\/1625"}],"wp:attachment":[{"href":"https:\/\/kalimo.eu\/index.php?rest_route=%2Fwp%2Fv2%2Fmedia&parent=380"}],"wp:term":[{"taxonomy":"product_cat","embeddable":true,"href":"https:\/\/kalimo.eu\/index.php?rest_route=%2Fwp%2Fv2%2Fproduct_cat&post=380"},{"taxonomy":"product_tag","embeddable":true,"href":"https:\/\/kalimo.eu\/index.php?rest_route=%2Fwp%2Fv2%2Fproduct_tag&post=380"}],"curies":[{"name":"wp","href":"https:\/\/api.w.org\/{rel}","templated":true}]}}