{"id":3831,"date":"2021-11-09T12:06:50","date_gmt":"2021-11-09T11:06:50","guid":{"rendered":"http:\/\/kalimo.eu\/?post_type=product&#038;p=3831"},"modified":"2022-01-13T08:42:15","modified_gmt":"2022-01-13T07:42:15","slug":"komplet-morocco-wiskozakolory","status":"publish","type":"product","link":"https:\/\/kalimo.eu\/?product=komplet-morocco-wiskozakolory","title":{"rendered":"KOMPLET MOROCCO (wiskoza)+kolory"},"content":{"rendered":"<p>Seksowny i jednocze\u015bnie niesamowicie wygodny wiskozowy komplet z dedykacj\u0105 dla kobiet lubi\u0105cych zmiany w swojej garderobie. Komplet sk\u0142ada si\u0119 z d\u0142u\u017cszej koszulki oraz majtek &#8211; bokserek. Koszulka oplata cia\u0142o tak, aby zakrywa\u0107 po\u015bladki, a zatem je\u017celi masz odpowiedni nastr\u00f3j to r\u00f3wnie dobrze mo\u017cesz j\u0105 nosi\u0107 sam\u0105&#8230;<\/p>\n<p>Dekolt w zmys\u0142owy spos\u00f3b podkre\u015bla mi\u0119kka czarna koronka w kwiatowym motywie, natomiast d\u00f3\u0142 koszulki wyko\u0144czony jest gustown\u0105 czarn\u0105 falbank\u0105 nadaj\u0105c\u0105 jej odrobin\u0119 lekko\u015bci i delikatno\u015bci.<\/p>\n<p>Komplet Morocco to po\u0142\u0105czenie elegancji, komfortu i zmys\u0142owo\u015bci. Z pewno\u015bci\u0105 taka kombinacja b\u0119dzie mi\u0142ym akcentem w Twojej sypialni&#8230; Komplet jest pakowany w \u0142adne, du\u017ce opakowanie, wi\u0119c idealnie nadaje si\u0119 idealnie na prezent..<\/p>\n<p><strong>Styl:<\/strong><\/p>\n<p>komfortowy, dopasowany do odpowiednich partii cia\u0142a<br \/>\nzapewniaj\u0105cy wysok\u0105 swobod\u0119 noszenia<br \/>\nzapewniaj\u0105cy elastyczno\u015b\u0107 materia\u0142u w odpowiednich kierunkach<br \/>\ng\u0142\u0119boki, koronkowy dekolt<br \/>\nwyko\u0144czenie koszulki delikatn\u0105 falbank\u0105<br \/>\nca\u0142kowita d\u0142ugo\u015b\u0107 koszulki mierzona po szwie bocznym: 51cm.<br \/>\n\u00a0<\/p>\n<p><strong>Materia\u0142:<\/strong><\/p>\n<p>wysokogatunkowa, oddychaj\u0105ca wiskoza, tzw. \u201djedwab drzewny\u201d<br \/>\nodpowiednia mi\u0119kko\u015b\u0107 oraz elastyczno\u015b\u0107<br \/>\nlekko\u015b\u0107, przewiewno\u015b\u0107<br \/>\n\u00a0<\/p>\n<p><strong>Dodatkowe cechy produktu:<\/strong><\/p>\n<p>majtki zdobione koronk\u0105 w komplecie<br \/>\nregulowane naramki<br \/>\nbielizna pakowana w \u015bliczne, du\u017ce opakowanie (idealne na prezent)<br \/>\nsk\u0142ad materia\u0142u: 95% wiskoza, 5% elastan.<\/p>\n","protected":false},"excerpt":{"rendered":"<p>Seksowny i jednocze\u015bnie niesamowicie wygodny wiskozowy komplet z dedykacj\u0105 dla kobiet lubi\u0105cych zmiany w swojej garderobie. Komplet sk\u0142ada si\u0119 z d\u0142u\u017cszej koszulki oraz majtek &#8211; bokserek. Koszulka oplata cia\u0142o tak, aby zakrywa\u0107 po\u015bladki, a zatem je\u017celi masz odpowiedni nastr\u00f3j to r\u00f3wnie dobrze mo\u017cesz j\u0105 nosi\u0107 sam\u0105&#8230;<\/p>\n<p>Dekolt w zmys\u0142owy spos\u00f3b podkre\u015bla mi\u0119kka czarna koronka w kwiatowym motywie, natomiast d\u00f3\u0142 koszulki wyko\u0144czony jest gustown\u0105 czarn\u0105 falbank\u0105 nadaj\u0105c\u0105 jej odrobin\u0119 lekko\u015bci i delikatno\u015bci.<\/p>\n<p>Komplet Morocco to po\u0142\u0105czenie elegancji, komfortu i zmys\u0142owo\u015bci. Z pewno\u015bci\u0105 taka kombinacja b\u0119dzie mi\u0142ym akcentem w Twojej sypialni&#8230; Komplet jest pakowany w \u0142adne, du\u017ce opakowanie, wi\u0119c idealnie nadaje si\u0119 idealnie na prezent..<\/p>\n","protected":false},"featured_media":2815,"comment_status":"open","ping_status":"closed","template":"","meta":[],"product_cat":[17],"product_tag":[],"class_list":{"0":"post-3831","1":"product","2":"type-product","3":"status-publish","4":"has-post-thumbnail","6":"product_cat-komplety","8":"first","9":"instock","10":"shipping-taxable","11":"purchasable","12":"product-type-variable","13":"has-default-attributes"},"_links":{"self":[{"href":"https:\/\/kalimo.eu\/index.php?rest_route=\/wp\/v2\/product\/3831","targetHints":{"allow":["GET"]}}],"collection":[{"href":"https:\/\/kalimo.eu\/index.php?rest_route=\/wp\/v2\/product"}],"about":[{"href":"https:\/\/kalimo.eu\/index.php?rest_route=\/wp\/v2\/types\/product"}],"replies":[{"embeddable":true,"href":"https:\/\/kalimo.eu\/index.php?rest_route=%2Fwp%2Fv2%2Fcomments&post=3831"}],"wp:featuredmedia":[{"embeddable":true,"href":"https:\/\/kalimo.eu\/index.php?rest_route=\/wp\/v2\/media\/2815"}],"wp:attachment":[{"href":"https:\/\/kalimo.eu\/index.php?rest_route=%2Fwp%2Fv2%2Fmedia&parent=3831"}],"wp:term":[{"taxonomy":"product_cat","embeddable":true,"href":"https:\/\/kalimo.eu\/index.php?rest_route=%2Fwp%2Fv2%2Fproduct_cat&post=3831"},{"taxonomy":"product_tag","embeddable":true,"href":"https:\/\/kalimo.eu\/index.php?rest_route=%2Fwp%2Fv2%2Fproduct_tag&post=3831"}],"curies":[{"name":"wp","href":"https:\/\/api.w.org\/{rel}","templated":true}]}}