{"id":393,"date":"2021-09-14T13:34:00","date_gmt":"2021-09-14T11:34:00","guid":{"rendered":"http:\/\/expect.home.pl\/autoinstalator\/wordpresswoocommerce\/?post_type=product&#038;p=393"},"modified":"2023-09-18T13:41:14","modified_gmt":"2023-09-18T11:41:14","slug":"bransoletka-srebrna-rodowana-cyrkonie-i-blask-kalimo-bs-002","status":"publish","type":"product","link":"https:\/\/kalimo.eu\/?product=bransoletka-srebrna-rodowana-cyrkonie-i-blask-kalimo-bs-002","title":{"rendered":"Bransoletka srebrna rodowana &#8211; blask cyrkonii &#8211; Kalimo BS-002"},"content":{"rendered":"<p><strong>Bransoletka srebrna, rodowana &#8211; blask cyrkonii<br \/>\n<\/strong><\/p>\n<p><strong>Pr\u00f3ba:<\/strong>\u00a00,925<\/p>\n<p><strong>D\u0142ugo\u015b\u0107:<\/strong>\u00a0 16 cm + wyd\u0142u\u017cenie 3,5 cm<\/p>\n<p><strong>Waga ca\u0142o\u015bci:<\/strong> 1,0 g<\/p>\n<p><strong>Waga srebra:<\/strong> 0,9 g<\/p>\n<p><strong>Wielko\u015b\u0107 elementu ozdobnego:<\/strong> cyrkonia ok: 0,5&#215;0,7 cm, tarczki: 0,7cm x 0,7cm<\/p>\n<p><strong>Zapi\u0119cie:<\/strong>\u00a0karabi\u0144czyk<\/p>\n<p>Rodowanie srebra zapobiega jego utlenianiu (srebro nie ciemnieje z czasem), zapewnia ochron\u0119 mechaniczn\u0105 przed rysami oraz dodaje jeszcze wi\u0119kszego po\u0142ysku.<\/p>\n","protected":false},"excerpt":{"rendered":"<p><strong>Bransoletka srebrna, rodowana &#8211; blask cyrkoni<br \/>\n<\/strong><\/p>\n<p><strong>Pr\u00f3ba:<\/strong>\u00a00,925<\/p>\n<p><strong>D\u0142ugo\u015b\u0107:<\/strong>\u00a0 16 cm + wyd\u0142u\u017cenie 3,5 cm<\/p>\n<p><strong>Waga ca\u0142o\u015bci:<\/strong> 1,0 g<\/p>\n<p><strong>Waga srebra:<\/strong> 0,9 g<\/p>\n<p><strong>Wielko\u015b\u0107 elementu ozdobnego:<\/strong> cyrkonia ok: 0,5&#215;0,7 cm, tarczki: 0,7cm x 0,7cm<\/p>\n<p><strong>Zapi\u0119cie:<\/strong>\u00a0karabi\u0144czyk<\/p>\n<p>Rodowanie srebra zapobiega jego utlenianiu (srebro nie ciemnieje z czasem), zapewnia ochron\u0119 mechaniczn\u0105 przed rysami oraz dodaje jeszcze wi\u0119kszego po\u0142ysku.<\/p>\n","protected":false},"featured_media":1593,"comment_status":"open","ping_status":"closed","template":"","meta":[],"product_cat":[27],"product_tag":[],"class_list":{"0":"post-393","1":"product","2":"type-product","3":"status-publish","4":"has-post-thumbnail","6":"product_cat-bransoletki","8":"first","9":"instock","10":"shipping-taxable","11":"purchasable","12":"product-type-simple"},"_links":{"self":[{"href":"https:\/\/kalimo.eu\/index.php?rest_route=\/wp\/v2\/product\/393","targetHints":{"allow":["GET"]}}],"collection":[{"href":"https:\/\/kalimo.eu\/index.php?rest_route=\/wp\/v2\/product"}],"about":[{"href":"https:\/\/kalimo.eu\/index.php?rest_route=\/wp\/v2\/types\/product"}],"replies":[{"embeddable":true,"href":"https:\/\/kalimo.eu\/index.php?rest_route=%2Fwp%2Fv2%2Fcomments&post=393"}],"wp:featuredmedia":[{"embeddable":true,"href":"https:\/\/kalimo.eu\/index.php?rest_route=\/wp\/v2\/media\/1593"}],"wp:attachment":[{"href":"https:\/\/kalimo.eu\/index.php?rest_route=%2Fwp%2Fv2%2Fmedia&parent=393"}],"wp:term":[{"taxonomy":"product_cat","embeddable":true,"href":"https:\/\/kalimo.eu\/index.php?rest_route=%2Fwp%2Fv2%2Fproduct_cat&post=393"},{"taxonomy":"product_tag","embeddable":true,"href":"https:\/\/kalimo.eu\/index.php?rest_route=%2Fwp%2Fv2%2Fproduct_tag&post=393"}],"curies":[{"name":"wp","href":"https:\/\/api.w.org\/{rel}","templated":true}]}}