{"id":401,"date":"2021-09-14T15:19:26","date_gmt":"2021-09-14T13:19:26","guid":{"rendered":"http:\/\/expect.home.pl\/autoinstalator\/wordpresswoocommerce\/?post_type=product&#038;p=401"},"modified":"2021-12-10T14:13:54","modified_gmt":"2021-12-10T13:13:54","slug":"bransoletka-srebrna-pozlacana-clip-black-kalimo-bsp-008","status":"publish","type":"product","link":"https:\/\/kalimo.eu\/?product=bransoletka-srebrna-pozlacana-clip-black-kalimo-bsp-008","title":{"rendered":"Bransoletka srebrna poz\u0142acana &#8211; black clips &#8211; Kalimo BSP-008"},"content":{"rendered":"<p><strong>Bransoletka srebrna poz\u0142acana &#8211; black clips.<br \/>\n<\/strong><\/p>\n<p><strong>Materia\u0142:\u00a0<\/strong>Srebro rodowane<\/p>\n<p><strong>Pr\u00f3ba:<\/strong>\u00a00,925<\/p>\n<p><strong>D\u0142ugo\u015b\u0107:<\/strong>\u00a0\u015brednica max. 20 cm<\/p>\n<p><strong>Waga ca\u0142o\u015bci:<\/strong> 1,0 g<\/p>\n<p><strong>Waga srebra:<\/strong> 0,8 g<\/p>\n<p><strong>Wielko\u015b\u0107 elementu ozdobnego:<\/strong>\u00a05 cm x 0,4 cm<\/p>\n<p><strong>Zapi\u0119cie:<\/strong> regulowane<\/p>\n","protected":false},"excerpt":{"rendered":"<p><strong>Bransoletka srebrna poz\u0142acana &#8211; black clips.<br \/>\n<\/strong><\/p>\n<p><strong>Materia\u0142:\u00a0<\/strong>Srebro rodowane<\/p>\n<p><strong>Pr\u00f3ba:<\/strong>\u00a00,925<\/p>\n<p><strong>D\u0142ugo\u015b\u0107:<\/strong>\u00a0\u015brednica max. 20 cm<\/p>\n<p><strong>Waga ca\u0142o\u015bci:<\/strong> 1,0 g<\/p>\n<p><strong>Waga srebra:<\/strong> 0,8 g<\/p>\n<p><strong>Wielko\u015b\u0107 elementu ozdobnego:<\/strong>\u00a05 cm x 0,4 cm<\/p>\n<p><strong>Zapi\u0119cie:<\/strong> regulowane<\/p>\n","protected":false},"featured_media":1613,"comment_status":"open","ping_status":"closed","template":"","meta":[],"product_cat":[27],"product_tag":[],"class_list":{"0":"post-401","1":"product","2":"type-product","3":"status-publish","4":"has-post-thumbnail","6":"product_cat-bransoletki","8":"first","9":"instock","10":"shipping-taxable","11":"purchasable","12":"product-type-simple"},"_links":{"self":[{"href":"https:\/\/kalimo.eu\/index.php?rest_route=\/wp\/v2\/product\/401","targetHints":{"allow":["GET"]}}],"collection":[{"href":"https:\/\/kalimo.eu\/index.php?rest_route=\/wp\/v2\/product"}],"about":[{"href":"https:\/\/kalimo.eu\/index.php?rest_route=\/wp\/v2\/types\/product"}],"replies":[{"embeddable":true,"href":"https:\/\/kalimo.eu\/index.php?rest_route=%2Fwp%2Fv2%2Fcomments&post=401"}],"wp:featuredmedia":[{"embeddable":true,"href":"https:\/\/kalimo.eu\/index.php?rest_route=\/wp\/v2\/media\/1613"}],"wp:attachment":[{"href":"https:\/\/kalimo.eu\/index.php?rest_route=%2Fwp%2Fv2%2Fmedia&parent=401"}],"wp:term":[{"taxonomy":"product_cat","embeddable":true,"href":"https:\/\/kalimo.eu\/index.php?rest_route=%2Fwp%2Fv2%2Fproduct_cat&post=401"},{"taxonomy":"product_tag","embeddable":true,"href":"https:\/\/kalimo.eu\/index.php?rest_route=%2Fwp%2Fv2%2Fproduct_tag&post=401"}],"curies":[{"name":"wp","href":"https:\/\/api.w.org\/{rel}","templated":true}]}}