{"id":4061,"date":"2021-11-14T14:16:11","date_gmt":"2021-11-14T13:16:11","guid":{"rendered":"http:\/\/kalimo.eu\/?post_type=product&#038;p=4061"},"modified":"2022-01-17T08:17:25","modified_gmt":"2022-01-17T07:17:25","slug":"halka-alicante-satynakolory","status":"publish","type":"product","link":"https:\/\/kalimo.eu\/?product=halka-alicante-satynakolory","title":{"rendered":"HALKA ALICANTE (satyna)+kolory"},"content":{"rendered":"<p>Niezwykle subtelna i urocza haleczka o charakterze zdecydowanie dziewcz\u0119cym. Bielizna wykonana z lej\u0105cej satyny zdobionej tiulow\u0105 falbank\u0105 przypadnie do gustu niejednej kobiecie. Halka ta podkre\u015bli zar\u00f3wno dekolt jak i ramiona nadaj\u0105c sylwetce lekko\u015bci, a zaraz poczucia elegancji.<\/p>\n<p>Komfortowa d\u0142ugo\u015b\u0107 (do po\u0142owy uda) sprawi, \u017ce w takiej halce b\u0119dziesz czu\u0142a si\u0119 swobodnie. Ca\u0142o\u015b\u0107 uzupe\u0142niaj\u0105 stringi zdobione pasuj\u0105c\u0105 falbank\u0105. Koszulka jest idealn\u0105 propozycj\u0105 na codzienne oraz wyj\u0105tkowe noce.<\/p>\n<p><strong>Styl:<\/strong><\/p>\n<p>dopasowany do odpowiednich partii cia\u0142a<br \/>\nzapewniaj\u0105cy wysoki komfort noszenia<br \/>\nzapewniaj\u0105cy elastyczno\u015b\u0107 materia\u0142u w odpowiednich kierunkach<br \/>\nzapewniaj\u0105cy odpowiedni\u0105 prac\u0119 materia\u0142u (efekt lej\u0105cej si\u0119 satyny)<br \/>\nregulowane rami\u0105czka umo\u017cliwiaj\u0105ce dopasowanie g\u0142\u0119boko\u015bci dekoltu<br \/>\nca\u0142kowita d\u0142ugo\u015b\u0107 mierzona po szwie bocznym: 54cm.<br \/>\n\u00a0<\/p>\n<p><strong>Materia\u0142:<\/strong><\/p>\n<p>wysokogatunkowa , mi\u0119sista satyna<br \/>\nodpowiednia mi\u0119kko\u015b\u0107 po wewn\u0119trznej stronie<br \/>\ndelikatna tiulowa falbanka<br \/>\nwysokiej jako\u015bci splot<br \/>\n\u00a0<\/p>\n<p><strong>Dodatkowe cechy produktu:<\/strong><\/p>\n<p>regulowane naramki w kolorze halki<br \/>\nbielizna pakowana w \u015bliczne, du\u017ce opakowanie (idealne na prezent)<br \/>\nsk\u0142ad materia\u0142u: 97% poliester, 3% elastan. Splot satynowy.<\/p>\n","protected":false},"excerpt":{"rendered":"<p>Niezwykle subtelna i urocza haleczka o charakterze zdecydowanie dziewcz\u0119cym. Bielizna wykonana z lej\u0105cej satyny zdobionej tiulow\u0105 falbank\u0105 przypadnie do gustu niejednej kobiecie. Halka ta podkre\u015bli zar\u00f3wno dekolt jak i ramiona nadaj\u0105c sylwetce lekko\u015bci, a zaraz poczucia elegancji.<\/p>\n<p>Komfortowa d\u0142ugo\u015b\u0107 (do po\u0142owy uda) sprawi, \u017ce w takiej halce b\u0119dziesz czu\u0142a si\u0119 swobodnie. Ca\u0142o\u015b\u0107 uzupe\u0142niaj\u0105 stringi zdobione pasuj\u0105c\u0105 falbank\u0105. Koszulka jest idealn\u0105 propozycj\u0105 na codzienne oraz wyj\u0105tkowe noce.<\/p>\n","protected":false},"featured_media":1229,"comment_status":"open","ping_status":"closed","template":"","meta":[],"product_cat":[15],"product_tag":[],"class_list":{"0":"post-4061","1":"product","2":"type-product","3":"status-publish","4":"has-post-thumbnail","6":"product_cat-halki","8":"first","9":"instock","10":"shipping-taxable","11":"purchasable","12":"product-type-variable","13":"has-default-attributes"},"_links":{"self":[{"href":"https:\/\/kalimo.eu\/index.php?rest_route=\/wp\/v2\/product\/4061","targetHints":{"allow":["GET"]}}],"collection":[{"href":"https:\/\/kalimo.eu\/index.php?rest_route=\/wp\/v2\/product"}],"about":[{"href":"https:\/\/kalimo.eu\/index.php?rest_route=\/wp\/v2\/types\/product"}],"replies":[{"embeddable":true,"href":"https:\/\/kalimo.eu\/index.php?rest_route=%2Fwp%2Fv2%2Fcomments&post=4061"}],"wp:featuredmedia":[{"embeddable":true,"href":"https:\/\/kalimo.eu\/index.php?rest_route=\/wp\/v2\/media\/1229"}],"wp:attachment":[{"href":"https:\/\/kalimo.eu\/index.php?rest_route=%2Fwp%2Fv2%2Fmedia&parent=4061"}],"wp:term":[{"taxonomy":"product_cat","embeddable":true,"href":"https:\/\/kalimo.eu\/index.php?rest_route=%2Fwp%2Fv2%2Fproduct_cat&post=4061"},{"taxonomy":"product_tag","embeddable":true,"href":"https:\/\/kalimo.eu\/index.php?rest_route=%2Fwp%2Fv2%2Fproduct_tag&post=4061"}],"curies":[{"name":"wp","href":"https:\/\/api.w.org\/{rel}","templated":true}]}}