{"id":407,"date":"2021-09-14T15:36:38","date_gmt":"2021-09-14T13:36:38","guid":{"rendered":"http:\/\/expect.home.pl\/autoinstalator\/wordpresswoocommerce\/?post_type=product&#038;p=407"},"modified":"2022-09-13T10:46:40","modified_gmt":"2022-09-13T08:46:40","slug":"kolczyki-srebrne-pozlacane-v-rings-kalimo-ksp-011","status":"publish","type":"product","link":"https:\/\/kalimo.eu\/?product=kolczyki-srebrne-pozlacane-v-rings-kalimo-ksp-011","title":{"rendered":"Kolczyki srebrne poz\u0142acane &#8211; V rings &#8211; Kalimo KSP-011"},"content":{"rendered":"<div class=\"product-tabs\">\n<div class=\"product-tab\" data-tab=\"box_description\">\n<div class=\"innerbox\">\n<div class=\"resetcss\">\n<p class=\"p1\"><strong>Kolczyki ze srebra, pokryte 24-karatowym z\u0142otem &#8211; V rings<br \/>\n<\/strong><\/p>\n<p><strong>Materia\u0142:\u00a0<\/strong>Srebro pr. 925, powlekane 24-karatowym z\u0142otem<\/p>\n<p><strong>Pr\u00f3ba:<\/strong>\u00a00,925<\/p>\n<p><strong>Waga ca\u0142o\u015bci:<\/strong> 3,4 g<\/p>\n<p><strong>Waga srebra:<\/strong> 3,4 g<\/p>\n<p class=\"p1\"><strong>D\u0142ugo\u015b\u0107:<\/strong> 3,5 cm<\/p>\n<p class=\"p1\"><strong>Wielko\u015b\u0107 elementu ozdobnego:<\/strong> spinacz ok: 2,0\u00d70,8 cm, ko\u0142a \u2013 \u015brednia: 2,0cm<\/p>\n<p><strong>Zapi\u0119cie:<\/strong> sztyft<\/p>\n<\/div>\n<\/div>\n<\/div>\n<\/div>\n","protected":false},"excerpt":{"rendered":"<div class=\"product-tabs\">\n<div class=\"product-tab\" data-tab=\"box_description\">\n<div class=\"innerbox\">\n<div class=\"resetcss\">\n<div class=\"product-tabs\">\n<div class=\"product-tab\" data-tab=\"box_description\">\n<div class=\"innerbox\">\n<div class=\"resetcss\">\n<p class=\"p1\"><strong>Kolczyki ze srebra, pokryte 24-karatowym z\u0142otem &#8211; V rings<br \/>\n<\/strong><\/p>\n<p><strong>Materia\u0142:\u00a0<\/strong>Srebro pr. 925, powlekane 24-karatowym z\u0142otem<\/p>\n<p><strong>Pr\u00f3ba:<\/strong>\u00a00,925<\/p>\n<p><strong>Waga ca\u0142o\u015bci:<\/strong> 3,4 g<\/p>\n<p><strong>Waga srebra:<\/strong> 3,4 g<\/p>\n<p class=\"p1\"><strong>D\u0142ugo\u015b\u0107:<\/strong> 3,5 cm<\/p>\n<p class=\"p1\"><strong>Wielko\u015b\u0107 elementu ozdobnego:<\/strong> spinacz ok: 2,0\u00d70,8 cm, ko\u0142a \u2013 \u015brednia: 2,0cm<\/p>\n<p><strong>Zapi\u0119cie:<\/strong> sztyft<\/p>\n<\/div>\n<\/div>\n<\/div>\n<\/div>\n<\/div>\n<\/div>\n<\/div>\n<\/div>\n","protected":false},"featured_media":1663,"comment_status":"open","ping_status":"closed","template":"","meta":[],"product_cat":[25],"product_tag":[],"class_list":{"0":"post-407","1":"product","2":"type-product","3":"status-publish","4":"has-post-thumbnail","6":"product_cat-kolczyki","8":"first","9":"instock","10":"shipping-taxable","11":"purchasable","12":"product-type-simple"},"_links":{"self":[{"href":"https:\/\/kalimo.eu\/index.php?rest_route=\/wp\/v2\/product\/407","targetHints":{"allow":["GET"]}}],"collection":[{"href":"https:\/\/kalimo.eu\/index.php?rest_route=\/wp\/v2\/product"}],"about":[{"href":"https:\/\/kalimo.eu\/index.php?rest_route=\/wp\/v2\/types\/product"}],"replies":[{"embeddable":true,"href":"https:\/\/kalimo.eu\/index.php?rest_route=%2Fwp%2Fv2%2Fcomments&post=407"}],"wp:featuredmedia":[{"embeddable":true,"href":"https:\/\/kalimo.eu\/index.php?rest_route=\/wp\/v2\/media\/1663"}],"wp:attachment":[{"href":"https:\/\/kalimo.eu\/index.php?rest_route=%2Fwp%2Fv2%2Fmedia&parent=407"}],"wp:term":[{"taxonomy":"product_cat","embeddable":true,"href":"https:\/\/kalimo.eu\/index.php?rest_route=%2Fwp%2Fv2%2Fproduct_cat&post=407"},{"taxonomy":"product_tag","embeddable":true,"href":"https:\/\/kalimo.eu\/index.php?rest_route=%2Fwp%2Fv2%2Fproduct_tag&post=407"}],"curies":[{"name":"wp","href":"https:\/\/api.w.org\/{rel}","templated":true}]}}