{"id":413,"date":"2021-09-14T16:06:40","date_gmt":"2021-09-14T14:06:40","guid":{"rendered":"http:\/\/expect.home.pl\/autoinstalator\/wordpresswoocommerce\/?post_type=product&#038;p=413"},"modified":"2022-03-01T12:35:57","modified_gmt":"2022-03-01T11:35:57","slug":"bransoletka-srebrna-pozlacana-square-gold-and-black-kalimo-bsp-010","status":"publish","type":"product","link":"https:\/\/kalimo.eu\/?product=bransoletka-srebrna-pozlacana-square-gold-and-black-kalimo-bsp-010","title":{"rendered":"Bransoletka srebrna poz\u0142acana &#8211; square gold and black \u2013 Kalimo BSP-010"},"content":{"rendered":"<div class=\"woocommerce-product-details__short-description\">\n<p><strong>Srebrna bransoletka, pokryta 24-karatowym z\u0142otem \u2013 square gold and black<br \/>\n<\/strong><\/p>\n<p><strong>Materia\u0142:\u00a0<\/strong>Srebro pr. 925, powlekane 24-karatowym z\u0142otem<\/p>\n<p><strong>Pr\u00f3ba:<\/strong>\u00a00,925<\/p>\n<p><strong>D\u0142ugo\u015b\u0107:<\/strong>\u00a016 cm + wyd\u0142u\u017cenie 3 cm<\/p>\n<p><strong>Waga ca\u0142o\u015bci:<\/strong> 2,8 g<\/p>\n<p><strong>Waga srebra:<\/strong> 2,5 g<\/p>\n<p><strong>Wielko\u015b\u0107 elementu ozdobnego:<\/strong> 1,6 cm x 0,8 cm<\/p>\n<p><strong>Rodzaj kamienia:<\/strong>\u00a0onyks<\/p>\n<p><strong>Zapi\u0119cie:<\/strong>\u00a0federing<\/p>\n<\/div>\n","protected":false},"excerpt":{"rendered":"<div class=\"woocommerce-product-details__short-description\">\n<p><strong>Srebrna bransoletka, pokryta 24-karatowym z\u0142otem \u2013 square gold and black<br \/>\n<\/strong><\/p>\n<p><strong>Materia\u0142:\u00a0<\/strong>Srebro pr. 925, powlekane 24-karatowym z\u0142otem<\/p>\n<p><strong>Pr\u00f3ba:<\/strong>\u00a00,925<\/p>\n<p><strong>D\u0142ugo\u015b\u0107:<\/strong>\u00a016 cm + wyd\u0142u\u017cenie 3 cm<\/p>\n<p><strong>Waga ca\u0142o\u015bci:<\/strong> 2,8 g<\/p>\n<p><strong>Waga srebra:<\/strong> 2,5 g<\/p>\n<p><strong>Wielko\u015b\u0107 elementu ozdobnego:<\/strong> 1,6 cm x 0,8 cm<\/p>\n<p><strong>Rodzaj kamienia:<\/strong>\u00a0onyks<\/p>\n<p><strong>Zapi\u0119cie:<\/strong>\u00a0federing<\/p>\n<\/div>\n","protected":false},"featured_media":1617,"comment_status":"open","ping_status":"closed","template":"","meta":[],"product_cat":[27],"product_tag":[],"class_list":{"0":"post-413","1":"product","2":"type-product","3":"status-publish","4":"has-post-thumbnail","6":"product_cat-bransoletki","8":"first","9":"instock","10":"shipping-taxable","11":"purchasable","12":"product-type-simple"},"_links":{"self":[{"href":"https:\/\/kalimo.eu\/index.php?rest_route=\/wp\/v2\/product\/413","targetHints":{"allow":["GET"]}}],"collection":[{"href":"https:\/\/kalimo.eu\/index.php?rest_route=\/wp\/v2\/product"}],"about":[{"href":"https:\/\/kalimo.eu\/index.php?rest_route=\/wp\/v2\/types\/product"}],"replies":[{"embeddable":true,"href":"https:\/\/kalimo.eu\/index.php?rest_route=%2Fwp%2Fv2%2Fcomments&post=413"}],"wp:featuredmedia":[{"embeddable":true,"href":"https:\/\/kalimo.eu\/index.php?rest_route=\/wp\/v2\/media\/1617"}],"wp:attachment":[{"href":"https:\/\/kalimo.eu\/index.php?rest_route=%2Fwp%2Fv2%2Fmedia&parent=413"}],"wp:term":[{"taxonomy":"product_cat","embeddable":true,"href":"https:\/\/kalimo.eu\/index.php?rest_route=%2Fwp%2Fv2%2Fproduct_cat&post=413"},{"taxonomy":"product_tag","embeddable":true,"href":"https:\/\/kalimo.eu\/index.php?rest_route=%2Fwp%2Fv2%2Fproduct_tag&post=413"}],"curies":[{"name":"wp","href":"https:\/\/api.w.org\/{rel}","templated":true}]}}