{"id":4170,"date":"2021-11-16T07:54:07","date_gmt":"2021-11-16T06:54:07","guid":{"rendered":"http:\/\/kalimo.eu\/?post_type=product&#038;p=4170"},"modified":"2022-01-17T08:20:48","modified_gmt":"2022-01-17T07:20:48","slug":"podomka-liberia-satynakolory","status":"publish","type":"product","link":"https:\/\/kalimo.eu\/?product=podomka-liberia-satynakolory","title":{"rendered":"PODOMKA LIBERIA (satyna)+kolory"},"content":{"rendered":"<p>Wiecz\u00f3r przy kominku? Poranek z ciep\u0142\u0105 kaw\u0105? Odpocznij&#8230;<\/p>\n<p>Pod spodem seksowna pi\u017camka, na wierzchu podomka Liberia i dowolnego dnia mo\u017cesz przed\u0142u\u017cy\u0107 te leniwe szcz\u0119\u015bliwe chwile. Zobacz jak elegancko i seksownie mo\u017cesz zaczyna\u0107 i ko\u0144czy\u0107 ka\u017cdy dzie\u0144 dzi\u0119ki naszym propozycj\u0105 marki Kalimo.<\/p>\n<p>Podomka Liberia mo\u017ce skrywa\u0107 zar\u00f3wno nagie cia\u0142o jak i bardziej sk\u0105p\u0105 bielizn\u0119, w szczeg\u00f3lno\u015bci pasuj\u0105ce modele satynowe z oferty Kalimo. Podomka Liberia z pewno\u015bci\u0105 doda elegancji (sp\u00f3jrz na koronkowe zdobienia na r\u0119kawach, delikatny ko\u0142nierzyk p\u0142ynnie przechodz\u0105cy w dekolt) oraz smaku zale\u017cnego od Twojego nastroju. Mo\u017cesz wszak\u017ce nosi\u0107 podomk\u0119 na kilka sposob\u00f3w: podnie\u015b ko\u0142nierzyk, podwi\u0144 r\u0119kawki, zdejmij pasek. A mo\u017ce wolisz r\u0119kawki mankietowe? Mo\u017ce lepiej przepasa\u0107 tali\u0119 paskiem dla podkre\u015blenia kobiecej figury? Wi\u0105zanie z boku? Z przodu? Wszystko zale\u017cy od Ciebie&#8230;<\/p>\n<p>My tylko mamy dla Ciebie ma\u0142a sugesti\u0119 \u2013 je\u017celi chcesz to mo\u017cesz skompletowa\u0107 t\u0119 podomk\u0119 z halk\u0105 Odessa marki Kalimo. Halka Odessa i podomka Liberia s\u0105 zdobione identyczn\u0105 koronk\u0105. Wi\u0119kszy prezent? Dlaczego nie! \ud83d\ude42<\/p>\n<p><strong>Styl:<\/strong><\/p>\n<p>dopasowany do odpowiednich partii cia\u0142a<br \/>\nzapewniaj\u0105cy wysoki komfort noszenia<br \/>\nzapewniaj\u0105cy elastyczno\u015b\u0107 materia\u0142u w odpowiednich kierunkach<br \/>\nzapewniaj\u0105cy odpowiedni\u0105 prac\u0119 materia\u0142u (efekt lej\u0105cej si\u0119 satyny)<br \/>\nca\u0142kowita d\u0142ugo\u015b\u0107 podomki : 80cm.<br \/>\n\u00a0<\/p>\n<p><strong>Materia\u0142:<\/strong><\/p>\n<p>wysokogatunkowa , mi\u0119sista satyna<br \/>\ndelikatna, misterna koronka<br \/>\nwysoki po\u0142ysk po stronie zewn\u0119trznej<br \/>\nwysokiej jako\u015bci splot<br \/>\n\u00a0<\/p>\n<p><strong>Dodatkowe cechy produktu:<\/strong><\/p>\n<p>pasek do przewi\u0105zania w talii<br \/>\nbielizna pakowana w \u015bliczne, du\u017ce opakowanie (idealne na prezent)<br \/>\nsk\u0142ad materia\u0142u: 97% poliester, 3% elastan. Splot satynowy.<br \/>\n\u00a0<\/p>\n","protected":false},"excerpt":{"rendered":"<p>Pod spodem seksowna pi\u017camka, na wierzchu podomka Liberia i dowolnego dnia mo\u017cesz przed\u0142u\u017cy\u0107 te leniwe szcz\u0119\u015bliwe chwile. Zobacz jak elegancko i seksownie mo\u017cesz zaczyna\u0107 i ko\u0144czy\u0107 ka\u017cdy dzie\u0144 dzi\u0119ki naszym propozycj\u0105 marki Kalimo.<\/p>\n<p>Podomka Liberia mo\u017ce skrywa\u0107 zar\u00f3wno nagie cia\u0142o jak i bardziej sk\u0105p\u0105 bielizn\u0119, w szczeg\u00f3lno\u015bci pasuj\u0105ce modele satynowe z oferty Kalimo. Podomka Liberia z pewno\u015bci\u0105 doda elegancji (sp\u00f3jrz na koronkowe zdobienia na r\u0119kawach, delikatny ko\u0142nierzyk p\u0142ynnie przechodz\u0105cy w dekolt) oraz smaku zale\u017cnego od Twojego nastroju. Mo\u017cesz wszak\u017ce nosi\u0107 podomk\u0119 na kilka sposob\u00f3w: podnie\u015b ko\u0142nierzyk, podwi\u0144 r\u0119kawki, zdejmij pasek. A mo\u017ce wolisz r\u0119kawki mankietowe? Mo\u017ce lepiej przepasa\u0107 tali\u0119 paskiem dla podkre\u015blenia kobiecej figury? Wi\u0105zanie z boku? Z przodu? Wszystko zale\u017cy od Ciebie&#8230;<\/p>\n<p>My tylko mamy dla Ciebie ma\u0142a sugesti\u0119 \u2013 je\u017celi chcesz to mo\u017cesz skompletowa\u0107 t\u0119 podomk\u0119 z halk\u0105 Odessa marki Kalimo. Halka Odessa i podomka Liberia s\u0105 zdobione identyczn\u0105 koronk\u0105. Wi\u0119kszy prezent? Dlaczego nie! \ud83d\ude42<\/p>\n","protected":false},"featured_media":2603,"comment_status":"open","ping_status":"closed","template":"","meta":[],"product_cat":[18],"product_tag":[],"class_list":{"0":"post-4170","1":"product","2":"type-product","3":"status-publish","4":"has-post-thumbnail","6":"product_cat-podomki","8":"first","9":"instock","10":"shipping-taxable","11":"purchasable","12":"product-type-variable","13":"has-default-attributes"},"_links":{"self":[{"href":"https:\/\/kalimo.eu\/index.php?rest_route=\/wp\/v2\/product\/4170","targetHints":{"allow":["GET"]}}],"collection":[{"href":"https:\/\/kalimo.eu\/index.php?rest_route=\/wp\/v2\/product"}],"about":[{"href":"https:\/\/kalimo.eu\/index.php?rest_route=\/wp\/v2\/types\/product"}],"replies":[{"embeddable":true,"href":"https:\/\/kalimo.eu\/index.php?rest_route=%2Fwp%2Fv2%2Fcomments&post=4170"}],"wp:featuredmedia":[{"embeddable":true,"href":"https:\/\/kalimo.eu\/index.php?rest_route=\/wp\/v2\/media\/2603"}],"wp:attachment":[{"href":"https:\/\/kalimo.eu\/index.php?rest_route=%2Fwp%2Fv2%2Fmedia&parent=4170"}],"wp:term":[{"taxonomy":"product_cat","embeddable":true,"href":"https:\/\/kalimo.eu\/index.php?rest_route=%2Fwp%2Fv2%2Fproduct_cat&post=4170"},{"taxonomy":"product_tag","embeddable":true,"href":"https:\/\/kalimo.eu\/index.php?rest_route=%2Fwp%2Fv2%2Fproduct_tag&post=4170"}],"curies":[{"name":"wp","href":"https:\/\/api.w.org\/{rel}","templated":true}]}}