{"id":418,"date":"2021-09-14T16:21:49","date_gmt":"2021-09-14T14:21:49","guid":{"rendered":"http:\/\/expect.home.pl\/autoinstalator\/wordpresswoocommerce\/?post_type=product&#038;p=418"},"modified":"2023-01-26T15:04:00","modified_gmt":"2023-01-26T14:04:00","slug":"naszyjnik-srebrny-pure-silver-kalimo-ns-007","status":"publish","type":"product","link":"https:\/\/kalimo.eu\/?product=naszyjnik-srebrny-pure-silver-kalimo-ns-007","title":{"rendered":"Srebrna zawieszka &#8211; pure silver &#8211; Kalimo ZS-001"},"content":{"rendered":"<div class=\"woocommerce-product-details__short-description\">\n<p><strong>Srebrna zawieszka &#8211; pure silver<br \/>\n<\/strong><\/p>\n<div class=\"woocommerce-product-details__short-description\">\n<div class=\"woocommerce-product-details__short-description\">\n<div class=\"woocommerce-product-details__short-description\">\n<div class=\"woocommerce-product-details__short-description\">\n<div class=\"woocommerce-product-details__short-description\">\n<p><strong>Materia\u0142:\u00a0<\/strong>Srebro rodowane<\/p>\n<p><strong>Pr\u00f3ba:<\/strong>\u00a00,925<\/p>\n<p><strong>Waga ca\u0142o\u015bci:<\/strong> 2,6 g<\/p>\n<p><strong>Waga srebra:<\/strong> 2,5 g<\/p>\n<p><strong>Wielko\u015b\u0107 elementu ozdobnego:<\/strong> ok 2,0\u00d70,7 cm<\/p>\n<p>Rodowanie srebra zapobiega jego utlenianiu (srebro nie ciemnieje z czasem), zapewnia ochron\u0119 mechaniczn\u0105 przed rysami oraz dodaje jeszcze wi\u0119kszego po\u0142ysku.<\/p>\n<\/div>\n<\/div>\n<\/div>\n<\/div>\n<\/div>\n<\/div>\n","protected":false},"excerpt":{"rendered":"<div class=\"woocommerce-product-details__short-description\">\n<p><strong>Srebrna zawieszka &#8211; pure silver<br \/>\n<\/strong><\/p>\n<div class=\"woocommerce-product-details__short-description\">\n<div class=\"woocommerce-product-details__short-description\">\n<div class=\"woocommerce-product-details__short-description\">\n<div class=\"woocommerce-product-details__short-description\">\n<div class=\"woocommerce-product-details__short-description\">\n<p><strong>Materia\u0142:\u00a0<\/strong>Srebro rodowane<\/p>\n<p><strong>Pr\u00f3ba:<\/strong>\u00a00,925<\/p>\n<p><strong>Waga ca\u0142o\u015bci:<\/strong> 2,6 g<\/p>\n<p><strong>Waga srebra:<\/strong> 2,5 g<\/p>\n<p><strong>Wielko\u015b\u0107 elementu ozdobnego:<\/strong> ok 2,0\u00d70,7 cm<\/p>\n<p>Rodowanie srebra zapobiega jego utlenianiu (srebro nie ciemnieje z czasem), zapewnia ochron\u0119 mechaniczn\u0105 przed rysami oraz dodaje jeszcze wi\u0119kszego po\u0142ysku.<\/p>\n<\/div>\n<\/div>\n<\/div>\n<\/div>\n<\/div>\n<\/div>\n","protected":false},"featured_media":1897,"comment_status":"open","ping_status":"closed","template":"","meta":[],"product_cat":[28],"product_tag":[],"class_list":{"0":"post-418","1":"product","2":"type-product","3":"status-publish","4":"has-post-thumbnail","6":"product_cat-zawieszki","8":"first","9":"outofstock","10":"shipping-taxable","11":"purchasable","12":"product-type-simple"},"_links":{"self":[{"href":"https:\/\/kalimo.eu\/index.php?rest_route=\/wp\/v2\/product\/418","targetHints":{"allow":["GET"]}}],"collection":[{"href":"https:\/\/kalimo.eu\/index.php?rest_route=\/wp\/v2\/product"}],"about":[{"href":"https:\/\/kalimo.eu\/index.php?rest_route=\/wp\/v2\/types\/product"}],"replies":[{"embeddable":true,"href":"https:\/\/kalimo.eu\/index.php?rest_route=%2Fwp%2Fv2%2Fcomments&post=418"}],"wp:featuredmedia":[{"embeddable":true,"href":"https:\/\/kalimo.eu\/index.php?rest_route=\/wp\/v2\/media\/1897"}],"wp:attachment":[{"href":"https:\/\/kalimo.eu\/index.php?rest_route=%2Fwp%2Fv2%2Fmedia&parent=418"}],"wp:term":[{"taxonomy":"product_cat","embeddable":true,"href":"https:\/\/kalimo.eu\/index.php?rest_route=%2Fwp%2Fv2%2Fproduct_cat&post=418"},{"taxonomy":"product_tag","embeddable":true,"href":"https:\/\/kalimo.eu\/index.php?rest_route=%2Fwp%2Fv2%2Fproduct_tag&post=418"}],"curies":[{"name":"wp","href":"https:\/\/api.w.org\/{rel}","templated":true}]}}