{"id":440,"date":"2021-09-14T20:58:41","date_gmt":"2021-09-14T18:58:41","guid":{"rendered":"http:\/\/expect.home.pl\/autoinstalator\/wordpresswoocommerce\/?post_type=product&#038;p=440"},"modified":"2022-09-15T10:30:14","modified_gmt":"2022-09-15T08:30:14","slug":"naszyjnik-z-perel-naturalnych-ze-slonecznym-kolem-kalimo-np-001","status":"publish","type":"product","link":"https:\/\/kalimo.eu\/?product=naszyjnik-z-perel-naturalnych-ze-slonecznym-kolem-kalimo-np-001","title":{"rendered":"Naszyjnik z pere\u0142 naturalnych ze s\u0142onecznym ko\u0142em &#8211; Kalimo NP-001"},"content":{"rendered":"<div class=\"product-tab\" data-tab=\"box_description\">\n<div class=\"innerbox\">\n<div class=\"resetcss\">\n<p><strong>Naszyjnik z certyfikowanych hodowlanych pere\u0142 s\u0142odkowodnych ze s\u0142onecznym ko\u0142em<br \/>\n<\/strong><\/p>\n<p><strong>Materia\u0142: <\/strong>Per\u0142y + srebro pr\u00f3by 925, powlekane 24-karatowym z\u0142otem<\/p>\n<p><strong>Rozmiar Pere\u0142: <\/strong>6,5 &#8211; 7 mm<\/p>\n<p><strong>Kolor Pere\u0142: <\/strong>bia\u0142e<\/p>\n<p><strong>Waga ca\u0142o\u015bci:<\/strong> 25,3 g<\/p>\n<p><strong>Waga srebra:<\/strong> 1,9 g<\/p>\n<p><strong>D\u0142ugo\u015b\u0107 naszyjnika:\u00a0<\/strong>ok. 44 cm<\/p>\n<p><strong>Wielko\u015b\u0107 elementu ozdobnego:<\/strong> 1,4 cm<\/p>\n<p><strong>Rodzaj zapi\u0119cia: <\/strong>toggle<\/p>\n<p><em>Do wszystkich naszych pere\u0142 naturalnych do\u0142\u0105czamy certyfikat autentyczno\u015bci.<\/em><\/p>\n<\/div>\n<\/div>\n<\/div>\n","protected":false},"excerpt":{"rendered":"<div class=\"product-tab\" data-tab=\"box_description\">\n<div class=\"innerbox\">\n<div class=\"resetcss\">\n<p><strong>Naszyjnik z certyfikowanych hodowlanych pere\u0142 s\u0142odkowodnych ze s\u0142onecznym ko\u0142em<br \/>\n<\/strong><\/p>\n<p><strong>Materia\u0142: <\/strong>Per\u0142y + srebro pr\u00f3by 925, powlekane 24-karatowym z\u0142otem<\/p>\n<p><strong>Rozmiar Pere\u0142: <\/strong>6,5 &#8211; 7 mm<\/p>\n<p><strong>Kolor Pere\u0142: <\/strong>bia\u0142e<\/p>\n<p><strong>Waga ca\u0142o\u015bci:<\/strong> 25,3 g<\/p>\n<p><strong>Waga srebra:<\/strong> 1,9 g<\/p>\n<p><strong>D\u0142ugo\u015b\u0107 naszyjnika:\u00a0<\/strong>ok. 44 cm<\/p>\n<p><strong>Wielko\u015b\u0107 elementu ozdobnego:<\/strong> 1,4 cm<\/p>\n<p><strong>Rodzaj zapi\u0119cia: <\/strong>toggle<\/p>\n<p><em>Do wszystkich naszych pere\u0142 naturalnych do\u0142\u0105czamy certyfikat autentyczno\u015bci.<\/em><\/p>\n<\/div>\n<\/div>\n<\/div>\n","protected":false},"featured_media":1893,"comment_status":"open","ping_status":"closed","template":"","meta":[],"product_cat":[26],"product_tag":[],"class_list":{"0":"post-440","1":"product","2":"type-product","3":"status-publish","4":"has-post-thumbnail","6":"product_cat-naszyjniki","8":"first","9":"instock","10":"shipping-taxable","11":"purchasable","12":"product-type-simple"},"_links":{"self":[{"href":"https:\/\/kalimo.eu\/index.php?rest_route=\/wp\/v2\/product\/440","targetHints":{"allow":["GET"]}}],"collection":[{"href":"https:\/\/kalimo.eu\/index.php?rest_route=\/wp\/v2\/product"}],"about":[{"href":"https:\/\/kalimo.eu\/index.php?rest_route=\/wp\/v2\/types\/product"}],"replies":[{"embeddable":true,"href":"https:\/\/kalimo.eu\/index.php?rest_route=%2Fwp%2Fv2%2Fcomments&post=440"}],"wp:featuredmedia":[{"embeddable":true,"href":"https:\/\/kalimo.eu\/index.php?rest_route=\/wp\/v2\/media\/1893"}],"wp:attachment":[{"href":"https:\/\/kalimo.eu\/index.php?rest_route=%2Fwp%2Fv2%2Fmedia&parent=440"}],"wp:term":[{"taxonomy":"product_cat","embeddable":true,"href":"https:\/\/kalimo.eu\/index.php?rest_route=%2Fwp%2Fv2%2Fproduct_cat&post=440"},{"taxonomy":"product_tag","embeddable":true,"href":"https:\/\/kalimo.eu\/index.php?rest_route=%2Fwp%2Fv2%2Fproduct_tag&post=440"}],"curies":[{"name":"wp","href":"https:\/\/api.w.org\/{rel}","templated":true}]}}