{"id":442,"date":"2021-09-14T21:02:17","date_gmt":"2021-09-14T19:02:17","guid":{"rendered":"http:\/\/expect.home.pl\/autoinstalator\/wordpresswoocommerce\/?post_type=product&#038;p=442"},"modified":"2022-12-21T16:27:12","modified_gmt":"2022-12-21T15:27:12","slug":"kolczyki-srebrne-pozlacane-z-perla-kalimo-kp-001","status":"publish","type":"product","link":"https:\/\/kalimo.eu\/?product=kolczyki-srebrne-pozlacane-z-perla-kalimo-kp-001","title":{"rendered":"Kolczyki srebrne poz\u0142acane z per\u0142\u0105 &#8211; Kalimo KP-001"},"content":{"rendered":"<div class=\"product-tab\" data-tab=\"box_description\">\n<div class=\"innerbox\">\n<div class=\"resetcss\">\n<p class=\"p1\"><strong>Srebrne kolczyki, poz\u0142acane 24-karatowym z\u0142otem, z per\u0142\u0105 naturaln\u0105.<\/strong><\/p>\n<p><strong>Materia\u0142:\u00a0<\/strong>Srebro powlekane 24-karatowym z\u0142otem + per\u0142a<\/p>\n<p><strong>Pr\u00f3ba:<\/strong>\u00a00,925<\/p>\n<p><strong>Per\u0142a:<\/strong> Naturalna hodowlana<\/p>\n<p><strong>Rozmiar pere\u0142: <\/strong>0,7\u00a0x 0,9 cm<\/p>\n<p><strong>Kolor pere\u0142: <\/strong>bia\u0142y<\/p>\n<p class=\"p1\"><strong>D\u0142ugo\u015b\u0107: <\/strong>2<strong>\u00a0<\/strong>cm<\/p>\n<p><strong>Waga ca\u0142o\u015bci:<\/strong> 2,2 g<\/p>\n<p><strong>Waga srebra:<\/strong> 1,6 g<\/p>\n<p class=\"p1\"><strong>Rodzaj zapi\u0119cia:<\/strong>\u00a0sztyft<\/p>\n<p class=\"p1\"><em>Do wszystkich naszych pere\u0142 naturalnych do\u0142\u0105czamy certyfikat autentyczno\u015bci.<\/em><\/p>\n<\/div>\n<\/div>\n<\/div>\n","protected":false},"excerpt":{"rendered":"<p class=\"p1\"><strong>Srebrne kolczyki, poz\u0142acane 24-karatowym z\u0142otem, z per\u0142\u0105 naturaln\u0105.<\/strong><\/p>\n<p><strong>Materia\u0142:\u00a0<\/strong>Srebro powlekane 24-karatowym z\u0142otem + per\u0142a<\/p>\n<p><strong>Pr\u00f3ba:<\/strong>\u00a00,925<\/p>\n<p><strong>Per\u0142a:<\/strong> Naturalna hodowlana<\/p>\n<p><strong>Rozmiar pere\u0142: <\/strong>0,7\u00a0x 0,9 cm<\/p>\n<p><strong>Kolor pere\u0142: <\/strong>bia\u0142y<\/p>\n<p class=\"p1\"><strong>D\u0142ugo\u015b\u0107: <\/strong>2<strong>\u00a0<\/strong>cm<\/p>\n<p><strong>Waga ca\u0142o\u015bci:<\/strong> 2,2 g<\/p>\n<p><strong>Waga srebra:<\/strong> 1,6 g<\/p>\n<p class=\"p1\"><strong>Rodzaj zapi\u0119cia:<\/strong>\u00a0sztyft<\/p>\n<p class=\"p1\"><em>Do wszystkich naszych pere\u0142 naturalnych do\u0142\u0105czamy certyfikat autentyczno\u015bci.<\/em><\/p>\n","protected":false},"featured_media":1623,"comment_status":"open","ping_status":"closed","template":"","meta":[],"product_cat":[25],"product_tag":[],"class_list":{"0":"post-442","1":"product","2":"type-product","3":"status-publish","4":"has-post-thumbnail","6":"product_cat-kolczyki","8":"first","9":"outofstock","10":"shipping-taxable","11":"purchasable","12":"product-type-simple"},"_links":{"self":[{"href":"https:\/\/kalimo.eu\/index.php?rest_route=\/wp\/v2\/product\/442","targetHints":{"allow":["GET"]}}],"collection":[{"href":"https:\/\/kalimo.eu\/index.php?rest_route=\/wp\/v2\/product"}],"about":[{"href":"https:\/\/kalimo.eu\/index.php?rest_route=\/wp\/v2\/types\/product"}],"replies":[{"embeddable":true,"href":"https:\/\/kalimo.eu\/index.php?rest_route=%2Fwp%2Fv2%2Fcomments&post=442"}],"wp:featuredmedia":[{"embeddable":true,"href":"https:\/\/kalimo.eu\/index.php?rest_route=\/wp\/v2\/media\/1623"}],"wp:attachment":[{"href":"https:\/\/kalimo.eu\/index.php?rest_route=%2Fwp%2Fv2%2Fmedia&parent=442"}],"wp:term":[{"taxonomy":"product_cat","embeddable":true,"href":"https:\/\/kalimo.eu\/index.php?rest_route=%2Fwp%2Fv2%2Fproduct_cat&post=442"},{"taxonomy":"product_tag","embeddable":true,"href":"https:\/\/kalimo.eu\/index.php?rest_route=%2Fwp%2Fv2%2Fproduct_tag&post=442"}],"curies":[{"name":"wp","href":"https:\/\/api.w.org\/{rel}","templated":true}]}}