{"id":4423,"date":"2021-11-16T11:21:35","date_gmt":"2021-11-16T10:21:35","guid":{"rendered":"http:\/\/kalimo.eu\/?post_type=product&#038;p=4423"},"modified":"2022-02-18T07:50:28","modified_gmt":"2022-02-18T06:50:28","slug":"komplet-rio-dzianinakolory","status":"publish","type":"product","link":"https:\/\/kalimo.eu\/?product=komplet-rio-dzianinakolory","title":{"rendered":"KOMPLET RIO (dzianina)+kolory"},"content":{"rendered":"<p>Frywolny komplet Rio wykonany z mi\u0119kkiej, dobrze dopasowuj\u0105cej si\u0119 do cia\u0142a dzianiny. Kszta\u0142t biustu zosta\u0142 podkre\u015blony idealnie przylegaj\u0105c\u0105, elastyczn\u0105 koronk\u0105, kt\u00f3ra dodatkowo bardzo dobrze podtrzymuje piersi. D\u00f3\u0142 koszulki w kontrastowym kolorze &#8211; pi\u0119knie faluje. Ca\u0142o\u015bci dope\u0142niaj\u0105 urocze stringi, w kt\u00f3rych zosta\u0142a u\u017cyta ta sama koronka co w halce. Naramki s\u0105 regulowane, wi\u0119c sama decydujesz o g\u0142\u0119boko\u015bci dekoltu.<\/p>\n<p>Komplet pakowany w eleganckie pude\u0142ko.<\/p>\n<p>\u00a0<br \/>\n<strong>Styl:<\/strong><\/p>\n<p>komfortowy, dopasowany do odpowiednich partii cia\u0142a<br \/>\nzapewniaj\u0105cy wysok\u0105 swobod\u0119 noszenia<br \/>\nzapewniaj\u0105cy elastyczno\u015b\u0107 materia\u0142u w odpowiednich kierunkach<br \/>\nca\u0142kowita d\u0142ugo\u015b\u0107 koszulki mierzona po szwie bocznym: 63cm<\/p>\n<p><strong>Materia\u0142:<\/strong><\/p>\n<p>mi\u0119kka, elastyczna dzianina<br \/>\nodpowiednie dopasowanie<br \/>\nlekko\u015b\u0107, przewiewno\u015b\u0107<br \/>\nelastyczna koronka<\/p>\n<p><strong>Dodatkowe cechy produktu:<\/strong><\/p>\n<p>regulowane naramki<br \/>\nbielizna pakowana w \u015bliczne, du\u017ce opakowanie (idealne na prezent)<br \/>\nsk\u0142ad materia\u0142u: 95% wiskoza, 5% elastan.<\/p>\n","protected":false},"excerpt":{"rendered":"<p>Frywolny komplet Rio wykonany z mi\u0119kkiej, dobrze dopasowuj\u0105cej si\u0119 do cia\u0142a dzianiny. Kszta\u0142t biustu zosta\u0142 podkre\u015blony idealnie przylegaj\u0105c\u0105, elastyczn\u0105 koronk\u0105, kt\u00f3ra dodatkowo bardzo dobrze podtrzymuje piersi. D\u00f3\u0142 koszulki w kontrastowym kolorze &#8211; pi\u0119knie faluje. Ca\u0142o\u015bci dope\u0142niaj\u0105 urocze stringi, w kt\u00f3rych zosta\u0142a u\u017cyta ta sama koronka co w halce. Naramki s\u0105 regulowane, wi\u0119c sama decydujesz o g\u0142\u0119boko\u015bci dekoltu.<\/p>\n<p>Komplet pakowany w eleganckie pude\u0142ko.<\/p>\n","protected":false},"featured_media":3087,"comment_status":"open","ping_status":"closed","template":"","meta":[],"product_cat":[17],"product_tag":[],"class_list":{"0":"post-4423","1":"product","2":"type-product","3":"status-publish","4":"has-post-thumbnail","6":"product_cat-komplety","8":"first","9":"instock","10":"shipping-taxable","11":"purchasable","12":"product-type-variable","13":"has-default-attributes"},"_links":{"self":[{"href":"https:\/\/kalimo.eu\/index.php?rest_route=\/wp\/v2\/product\/4423","targetHints":{"allow":["GET"]}}],"collection":[{"href":"https:\/\/kalimo.eu\/index.php?rest_route=\/wp\/v2\/product"}],"about":[{"href":"https:\/\/kalimo.eu\/index.php?rest_route=\/wp\/v2\/types\/product"}],"replies":[{"embeddable":true,"href":"https:\/\/kalimo.eu\/index.php?rest_route=%2Fwp%2Fv2%2Fcomments&post=4423"}],"wp:featuredmedia":[{"embeddable":true,"href":"https:\/\/kalimo.eu\/index.php?rest_route=\/wp\/v2\/media\/3087"}],"wp:attachment":[{"href":"https:\/\/kalimo.eu\/index.php?rest_route=%2Fwp%2Fv2%2Fmedia&parent=4423"}],"wp:term":[{"taxonomy":"product_cat","embeddable":true,"href":"https:\/\/kalimo.eu\/index.php?rest_route=%2Fwp%2Fv2%2Fproduct_cat&post=4423"},{"taxonomy":"product_tag","embeddable":true,"href":"https:\/\/kalimo.eu\/index.php?rest_route=%2Fwp%2Fv2%2Fproduct_tag&post=4423"}],"curies":[{"name":"wp","href":"https:\/\/api.w.org\/{rel}","templated":true}]}}