{"id":448,"date":"2021-09-20T16:10:57","date_gmt":"2021-09-20T14:10:57","guid":{"rendered":"http:\/\/expect.home.pl\/autoinstalator\/wordpresswoocommerce\/?post_type=product&#038;p=448"},"modified":"2022-09-28T10:28:07","modified_gmt":"2022-09-28T08:28:07","slug":"bransoletka-z-perel-naturalnych-ze-slonecznym-kolem-kalimo-bp-002","status":"publish","type":"product","link":"https:\/\/kalimo.eu\/?product=bransoletka-z-perel-naturalnych-ze-slonecznym-kolem-kalimo-bp-002","title":{"rendered":"Bransoletka z pere\u0142 naturalnych ze s\u0142onecznym ko\u0142em &#8211; Kalimo BP-002"},"content":{"rendered":"<div class=\"product-tab\" data-tab=\"box_description\">\n<div class=\"innerbox\">\n<div class=\"resetcss\">\n<div class=\"product-tab\" data-tab=\"box_description\">\n<div class=\"innerbox\">\n<div class=\"resetcss\">\n<p><strong>Bransoletka z certyfikowanych hodowlanych pere\u0142 s\u0142odkowodnych wraz ze s\u0142onecznym ko\u0142em (srebro poz\u0142acane 24-karatowym z\u0142otem)<br \/>\n<\/strong><\/p>\n<p><strong>Materia\u0142: <\/strong>Per\u0142y + srebro pr\u00f3by 925 powlekane 24-karatowym z\u0142otem<\/p>\n<p><strong>Rozmiar pere\u0142: <\/strong>6,5 &#8211; 7 mm<\/p>\n<p><strong>Kolor pere\u0142: <\/strong>bia\u0142e<\/p>\n<p><strong>D\u0142ugo\u015b\u0107 bransoletki: <\/strong>19\u00a0cm<\/p>\n<p><strong>Wielko\u015b\u0107 elementu ozdobnego:<\/strong> 1,4 cm<\/p>\n<p><strong>Waga ca\u0142o\u015bci:<\/strong> 11,7 g<\/p>\n<p><strong>Waga srebra:<\/strong> 2,0 g<\/p>\n<p><strong>Zapi\u0119cie: <\/strong>toggle<\/p>\n<p><em>Do wszystkich naszych pere\u0142 naturalnych do\u0142\u0105czamy certyfikat autentyczno\u015bci.<\/em><\/p>\n<\/div>\n<\/div>\n<\/div>\n<\/div>\n<\/div>\n<\/div>\n","protected":false},"excerpt":{"rendered":"<div class=\"product-tab\" data-tab=\"box_description\">\n<div class=\"innerbox\">\n<div class=\"resetcss\">\n<div class=\"product-tab\" data-tab=\"box_description\">\n<div class=\"innerbox\">\n<div class=\"resetcss\">\n<div class=\"product-tab\" data-tab=\"box_description\">\n<div class=\"innerbox\">\n<div class=\"resetcss\">\n<div class=\"product-tab\" data-tab=\"box_description\">\n<div class=\"innerbox\">\n<div class=\"resetcss\">\n<div class=\"product-tab\" data-tab=\"box_description\">\n<div class=\"innerbox\">\n<div class=\"resetcss\">\n<div class=\"product-tab\" data-tab=\"box_description\">\n<div class=\"innerbox\">\n<div class=\"resetcss\">\n<div class=\"product-tab\" data-tab=\"box_description\">\n<div class=\"innerbox\">\n<div class=\"resetcss\">\n<div class=\"product-tab\" data-tab=\"box_description\">\n<div class=\"innerbox\">\n<div class=\"resetcss\">\n<p><strong>Bransoletka z certyfikowanych hodowlanych pere\u0142 s\u0142odkowodnych wraz ze s\u0142onecznym ko\u0142em (srebro poz\u0142acane 24-karatowym z\u0142otem)<br \/>\n<\/strong><\/p>\n<p><strong>Materia\u0142: <\/strong>Per\u0142y + srebro pr\u00f3by 925 powlekane 24-karatowym z\u0142otem<\/p>\n<p><strong>Rozmiar pere\u0142: <\/strong>6,5 &#8211; 7mm<\/p>\n<p><strong>Kolor pere\u0142: <\/strong>bia\u0142e<\/p>\n<p><strong>D\u0142ugo\u015b\u0107 bransoletki: <\/strong>19\u00a0cm<\/p>\n<p><strong>Wielko\u015b\u0107 elementu ozdobnego:<\/strong> 1,4 cm<\/p>\n<p><strong>Waga ca\u0142o\u015bci:<\/strong> 11,7 g<\/p>\n<p><strong>Waga srebra:<\/strong> 2,0 g<\/p>\n<p><strong>Zapi\u0119cie: <\/strong>toggle<\/p>\n<p><em>Do wszystkich naszych pere\u0142 naturalnych do\u0142\u0105czamy certyfikat autentyczno\u015bci.<\/em><\/p>\n<\/div>\n<\/div>\n<\/div>\n<\/div>\n<\/div>\n<\/div>\n<\/div>\n<\/div>\n<\/div>\n<\/div>\n<\/div>\n<\/div>\n<\/div>\n<\/div>\n<\/div>\n<\/div>\n<\/div>\n<\/div>\n<\/div>\n<\/div>\n<\/div>\n<\/div>\n<\/div>\n<\/div>\n","protected":false},"featured_media":1891,"comment_status":"open","ping_status":"closed","template":"","meta":[],"product_cat":[27],"product_tag":[],"class_list":{"0":"post-448","1":"product","2":"type-product","3":"status-publish","4":"has-post-thumbnail","6":"product_cat-bransoletki","8":"first","9":"instock","10":"shipping-taxable","11":"purchasable","12":"product-type-simple"},"_links":{"self":[{"href":"https:\/\/kalimo.eu\/index.php?rest_route=\/wp\/v2\/product\/448","targetHints":{"allow":["GET"]}}],"collection":[{"href":"https:\/\/kalimo.eu\/index.php?rest_route=\/wp\/v2\/product"}],"about":[{"href":"https:\/\/kalimo.eu\/index.php?rest_route=\/wp\/v2\/types\/product"}],"replies":[{"embeddable":true,"href":"https:\/\/kalimo.eu\/index.php?rest_route=%2Fwp%2Fv2%2Fcomments&post=448"}],"wp:featuredmedia":[{"embeddable":true,"href":"https:\/\/kalimo.eu\/index.php?rest_route=\/wp\/v2\/media\/1891"}],"wp:attachment":[{"href":"https:\/\/kalimo.eu\/index.php?rest_route=%2Fwp%2Fv2%2Fmedia&parent=448"}],"wp:term":[{"taxonomy":"product_cat","embeddable":true,"href":"https:\/\/kalimo.eu\/index.php?rest_route=%2Fwp%2Fv2%2Fproduct_cat&post=448"},{"taxonomy":"product_tag","embeddable":true,"href":"https:\/\/kalimo.eu\/index.php?rest_route=%2Fwp%2Fv2%2Fproduct_tag&post=448"}],"curies":[{"name":"wp","href":"https:\/\/api.w.org\/{rel}","templated":true}]}}