{"id":4627,"date":"2021-11-16T12:42:14","date_gmt":"2021-11-16T11:42:14","guid":{"rendered":"http:\/\/kalimo.eu\/?post_type=product&#038;p=4627"},"modified":"2022-02-18T07:59:26","modified_gmt":"2022-02-18T06:59:26","slug":"komplet-girona-wiskozakolory","status":"publish","type":"product","link":"https:\/\/kalimo.eu\/?product=komplet-girona-wiskozakolory","title":{"rendered":"KOMPLET GIRONA (wiskoza)+kolory"},"content":{"rendered":"<p>Wykonany z oddychaj\u0105cej wiskozy, przyjemy komplet jest idealn\u0105 propozycj\u0105 do spania dla ka\u017cdej kobiety. Bluzka z r\u0119kawem 3\/4 o nieco lu\u017aniejszym kroju, zdobiona koronk\u0105 w stylu boho, do tego kr\u00f3tkie spodenki obszyte t\u0105 sam\u0105 koronk\u0105. Ca\u0142o\u015bci zdobie\u0144 dope\u0142niaj\u0105 dwie ma\u0142e kokardki w kontrastowym kolorze.<\/p>\n<p>Niezwykle uroczy i wygodny komplet Girona zapewni tylko bajkowe sny.<\/p>\n<p><strong>Styl:<\/strong><\/p>\n<p>komfortowy, sportowy, dopasowany do odpowiednich partii cia\u0142a<br \/>\nzapewniaj\u0105cy wysoki komfort noszenia<br \/>\nzapewniaj\u0105cy elastyczno\u015b\u0107 materia\u0142u w odpowiednich kierunkach<br \/>\nca\u0142kowita d\u0142ugo\u015b\u0107 koszulki po szwie bocznym: 41cm<br \/>\nca\u0142kowita d\u0142ugo\u015b\u0107 szort\u00f3w po szwie bocznym: 18cm<br \/>\n\u00a0<\/p>\n<p><strong>Materia\u0142:<\/strong><\/p>\n<p>wysokogatunkowa, oddychaj\u0105ca wiskoza, tzw. \u201djedwab drzewny\u201d<br \/>\nodpowiednia mi\u0119kko\u015b\u0107 oraz elastyczno\u015b\u0107<br \/>\nlekko\u015b\u0107, przewiewno\u015b\u0107<br \/>\n\u00a0<\/p>\n<p><strong>Dodatkowe cechy produktu:<\/strong><\/p>\n<p>wyko\u0144czenia z delikatnej koronki<br \/>\ndwie ma\u0142e wiskozowe kokardki<br \/>\nbielizna pakowana w \u015bliczne, du\u017ce opakowanie (idealne na prezent)<br \/>\nsk\u0142ad materia\u0142u: 95% wiskoza, 5% elastan.<br \/>\n\u00a0<\/p>\n","protected":false},"excerpt":{"rendered":"<p>Wykonany z oddychaj\u0105cej wiskozy, przyjemy komplet jest idealn\u0105 propozycj\u0105 do spania dla ka\u017cdej kobiety. Bluzka z r\u0119kawem 3\/4 o nieco lu\u017aniejszym kroju, zdobiona koronk\u0105 w stylu boho, do tego kr\u00f3tkie spodenki obszyte t\u0105 sam\u0105 koronk\u0105. Ca\u0142o\u015bci zdobie\u0144 dope\u0142niaj\u0105 dwie ma\u0142e kokardki w kontrastowym kolorze.<\/p>\n<p>Niezwykle uroczy i wygodny komplet Girona zapewni tylko bajkowe sny.<\/p>\n","protected":false},"featured_media":2437,"comment_status":"open","ping_status":"closed","template":"","meta":[],"product_cat":[17],"product_tag":[],"class_list":{"0":"post-4627","1":"product","2":"type-product","3":"status-publish","4":"has-post-thumbnail","6":"product_cat-komplety","8":"first","9":"instock","10":"shipping-taxable","11":"purchasable","12":"product-type-variable","13":"has-default-attributes"},"_links":{"self":[{"href":"https:\/\/kalimo.eu\/index.php?rest_route=\/wp\/v2\/product\/4627","targetHints":{"allow":["GET"]}}],"collection":[{"href":"https:\/\/kalimo.eu\/index.php?rest_route=\/wp\/v2\/product"}],"about":[{"href":"https:\/\/kalimo.eu\/index.php?rest_route=\/wp\/v2\/types\/product"}],"replies":[{"embeddable":true,"href":"https:\/\/kalimo.eu\/index.php?rest_route=%2Fwp%2Fv2%2Fcomments&post=4627"}],"wp:featuredmedia":[{"embeddable":true,"href":"https:\/\/kalimo.eu\/index.php?rest_route=\/wp\/v2\/media\/2437"}],"wp:attachment":[{"href":"https:\/\/kalimo.eu\/index.php?rest_route=%2Fwp%2Fv2%2Fmedia&parent=4627"}],"wp:term":[{"taxonomy":"product_cat","embeddable":true,"href":"https:\/\/kalimo.eu\/index.php?rest_route=%2Fwp%2Fv2%2Fproduct_cat&post=4627"},{"taxonomy":"product_tag","embeddable":true,"href":"https:\/\/kalimo.eu\/index.php?rest_route=%2Fwp%2Fv2%2Fproduct_tag&post=4627"}],"curies":[{"name":"wp","href":"https:\/\/api.w.org\/{rel}","templated":true}]}}