{"id":5324,"date":"2021-11-18T07:49:26","date_gmt":"2021-11-18T06:49:26","guid":{"rendered":"https:\/\/kalimo.eu\/?post_type=product&#038;p=5324"},"modified":"2022-02-18T08:42:24","modified_gmt":"2022-02-18T07:42:24","slug":"komplet-calpe-wiskozakolory","status":"publish","type":"product","link":"https:\/\/kalimo.eu\/?product=komplet-calpe-wiskozakolory","title":{"rendered":"KOMPLET CALPE (wiskoza)+kolory"},"content":{"rendered":"<p>Niezwykle wygodna oraz przyjemna wiskozowa pi\u017camka zapewni dobry sen nie tylko w zimowe noce. G\u00f3ra to koszulka z d\u0142ugim r\u0119kawem oraz urocz\u0105 szyfonow\u0105 falbank\u0105. D\u00f3\u0142 to komfortowe spodnie z dwiema kieszeniami oraz falbank\u0105 przy odci\u0119ciu gumki.<\/p>\n<p>Komplet, w kt\u00f3rym z powodzeniem mo\u017cesz usi\u0105\u015b\u0107 do leniwego \u015bniadania r\u00f3wnie\u017c na tarasie. Propozycja dla Pa\u0144 ceni\u0105cych elegancj\u0119 oraz komfort podczas snu.<\/p>\n<p><strong>Styl:<\/strong><\/p>\n<p>komfortowy, dopasowany do odpowiednich partii cia\u0142a<br \/>\nzapewniaj\u0105cy wysok\u0105 swobod\u0119 noszenia<br \/>\nzapewniaj\u0105cy elastyczno\u015b\u0107 materia\u0142u w odpowiednich kierunkach<br \/>\nspodnie oraz bluzka zdobione tiulow\u0105 falbank\u0105<br \/>\nca\u0142kowita d\u0142ugo\u015b\u0107 spodni mierzona od kroku: 76cm<br \/>\nd\u0142ugo\u015b\u0107 r\u0119kawa mierzona od pachy w d\u00f3\u0142: ok.40cm<\/p>\n<p><strong>Materia\u0142:<\/strong><\/p>\n<p>wysokogatunkowa, oddychaj\u0105ca wiskoza, tzw. &#8220;jedwab drzewny&#8221;<br \/>\nodpowiednia mi\u0119kko\u015b\u0107, elastyczno\u015b\u0107<br \/>\nlekko\u015b\u0107, przewiewno\u015b\u0107<\/p>\n<p><strong>Dodatkowe cechy produktu:<\/strong><\/p>\n<p>urocze falbanki<br \/>\n2 kieszenie w spodniach<br \/>\nbielizna pakowana w \u015bliczne, du\u017ce opakowanie (idealne na prezent)<br \/>\nsk\u0142ad materia\u0142u: 95% wiskoza, 5% elastan.<\/p>\n","protected":false},"excerpt":{"rendered":"<p>Niezwykle wygodna oraz przyjemna wiskozowa pi\u017camka zapewni dobry sen nie tylko w zimowe noce. G\u00f3ra to koszulka z d\u0142ugim r\u0119kawem oraz urocz\u0105 szyfonow\u0105 falbank\u0105. D\u00f3\u0142 to komfortowe spodnie z dwiema kieszeniami oraz falbank\u0105 przy odci\u0119ciu gumki.<\/p>\n<p>Komplet, w kt\u00f3rym z powodzeniem mo\u017cesz usi\u0105\u015b\u0107 do leniwego \u015bniadania r\u00f3wnie\u017c na tarasie. Propozycja dla Pa\u0144 ceni\u0105cych elegancj\u0119 oraz komfort podczas snu.<\/p>\n","protected":false},"featured_media":2169,"comment_status":"open","ping_status":"closed","template":"","meta":[],"product_cat":[17],"product_tag":[],"class_list":{"0":"post-5324","1":"product","2":"type-product","3":"status-publish","4":"has-post-thumbnail","6":"product_cat-komplety","8":"first","9":"instock","10":"shipping-taxable","11":"purchasable","12":"product-type-variable","13":"has-default-attributes"},"_links":{"self":[{"href":"https:\/\/kalimo.eu\/index.php?rest_route=\/wp\/v2\/product\/5324","targetHints":{"allow":["GET"]}}],"collection":[{"href":"https:\/\/kalimo.eu\/index.php?rest_route=\/wp\/v2\/product"}],"about":[{"href":"https:\/\/kalimo.eu\/index.php?rest_route=\/wp\/v2\/types\/product"}],"replies":[{"embeddable":true,"href":"https:\/\/kalimo.eu\/index.php?rest_route=%2Fwp%2Fv2%2Fcomments&post=5324"}],"wp:featuredmedia":[{"embeddable":true,"href":"https:\/\/kalimo.eu\/index.php?rest_route=\/wp\/v2\/media\/2169"}],"wp:attachment":[{"href":"https:\/\/kalimo.eu\/index.php?rest_route=%2Fwp%2Fv2%2Fmedia&parent=5324"}],"wp:term":[{"taxonomy":"product_cat","embeddable":true,"href":"https:\/\/kalimo.eu\/index.php?rest_route=%2Fwp%2Fv2%2Fproduct_cat&post=5324"},{"taxonomy":"product_tag","embeddable":true,"href":"https:\/\/kalimo.eu\/index.php?rest_route=%2Fwp%2Fv2%2Fproduct_tag&post=5324"}],"curies":[{"name":"wp","href":"https:\/\/api.w.org\/{rel}","templated":true}]}}