{"id":5573,"date":"2021-11-18T08:39:30","date_gmt":"2021-11-18T07:39:30","guid":{"rendered":"https:\/\/kalimo.eu\/?post_type=product&#038;p=5573"},"modified":"2022-02-18T09:00:54","modified_gmt":"2022-02-18T08:00:54","slug":"komplet-palawan-wiskozakolory","status":"publish","type":"product","link":"https:\/\/kalimo.eu\/?product=komplet-palawan-wiskozakolory","title":{"rendered":"KOMPLET PALAWAN (wiskoza)+kolory"},"content":{"rendered":"<p>Uroczy i delikatny komplet wiskozowy Palawan to idealna pi\u017camka na ciep\u0142e noce.<\/p>\n<p>G\u00f3ra pi\u017camki to wygodnej d\u0142ugo\u015bci koszulka na koronkowych naramkach, kt\u00f3re nast\u0119pnie si\u0119 rozdzielaj\u0105 przechodz\u0105c w linie biustu i uwodzicielsko go podkre\u015blaj\u0105c. D\u00f3\u0142 kompletu to spodenki o nieco lu\u017aniejszym, komfortowym kroju, kt\u00f3rych nogawki zosta\u0142y r\u00f3wnie\u017c obszyte koronk\u0105. W pasie szersza, wygodna guma.<\/p>\n<p><strong>Styl:<\/strong><\/p>\n<p>komfortowy, dopasowany do odpowiednich partii cia\u0142a<br \/>\nzapewniaj\u0105cy wysok\u0105 swobod\u0119 noszenia<br \/>\ndekolt oraz szorty zdobione pi\u0119kn\u0105 koronk\u0105<br \/>\nca\u0142kowita d\u0142ugo\u015b\u0107 koszulki mierzona po szwie bocznym: ok. 39cm<br \/>\nca\u0142kowita d\u0142ugo\u015b\u0107 szort\u00f3w mierzona po szwie bocznym: ok. 23cm<br \/>\n\u00a0<\/p>\n<p><strong>Materia\u0142:<\/strong><\/p>\n<p>wysokogatunkowa, oddychaj\u0105ca wiskoza, tzw. \u201djedwab drzewny\u201d<br \/>\nodpowiednia mi\u0119kko\u015b\u0107 oraz elastyczno\u015b\u0107<br \/>\nlekko\u015b\u0107, przewiewno\u015b\u0107<br \/>\n\u00a0<\/p>\n<p><strong>Dodatkowe cechy produktu:<\/strong><\/p>\n<p>lu\u017aniejsze, wygodne szorty<br \/>\nbielizna pakowana w \u015bliczne, du\u017ce opakowanie (idealne na prezent)<br \/>\nsk\u0142ad materia\u0142u: 95% wiskoza, 5% elastan.<\/p>\n","protected":false},"excerpt":{"rendered":"<p>Uroczy i delikatny komplet wiskozowy Palawan to idealna pi\u017camka na ciep\u0142e noce.<\/p>\n<p>G\u00f3ra pi\u017camki to wygodnej d\u0142ugo\u015bci koszulka na koronkowych naramkach, kt\u00f3re nast\u0119pnie si\u0119 rozdzielaj\u0105 przechodz\u0105c w linie biustu i uwodzicielsko go podkre\u015blaj\u0105c. D\u00f3\u0142 kompletu to spodenki o nieco lu\u017aniejszym, komfortowym kroju, kt\u00f3rych nogawki zosta\u0142y r\u00f3wnie\u017c obszyte koronk\u0105. W pasie szersza, wygodna guma.<\/p>\n","protected":false},"featured_media":2881,"comment_status":"open","ping_status":"closed","template":"","meta":[],"product_cat":[17],"product_tag":[],"class_list":{"0":"post-5573","1":"product","2":"type-product","3":"status-publish","4":"has-post-thumbnail","6":"product_cat-komplety","8":"first","9":"instock","10":"shipping-taxable","11":"purchasable","12":"product-type-variable","13":"has-default-attributes"},"_links":{"self":[{"href":"https:\/\/kalimo.eu\/index.php?rest_route=\/wp\/v2\/product\/5573","targetHints":{"allow":["GET"]}}],"collection":[{"href":"https:\/\/kalimo.eu\/index.php?rest_route=\/wp\/v2\/product"}],"about":[{"href":"https:\/\/kalimo.eu\/index.php?rest_route=\/wp\/v2\/types\/product"}],"replies":[{"embeddable":true,"href":"https:\/\/kalimo.eu\/index.php?rest_route=%2Fwp%2Fv2%2Fcomments&post=5573"}],"wp:featuredmedia":[{"embeddable":true,"href":"https:\/\/kalimo.eu\/index.php?rest_route=\/wp\/v2\/media\/2881"}],"wp:attachment":[{"href":"https:\/\/kalimo.eu\/index.php?rest_route=%2Fwp%2Fv2%2Fmedia&parent=5573"}],"wp:term":[{"taxonomy":"product_cat","embeddable":true,"href":"https:\/\/kalimo.eu\/index.php?rest_route=%2Fwp%2Fv2%2Fproduct_cat&post=5573"},{"taxonomy":"product_tag","embeddable":true,"href":"https:\/\/kalimo.eu\/index.php?rest_route=%2Fwp%2Fv2%2Fproduct_tag&post=5573"}],"curies":[{"name":"wp","href":"https:\/\/api.w.org\/{rel}","templated":true}]}}