{"id":5635,"date":"2021-11-18T09:07:36","date_gmt":"2021-11-18T08:07:36","guid":{"rendered":"https:\/\/kalimo.eu\/?post_type=product&#038;p=5635"},"modified":"2022-02-18T09:03:14","modified_gmt":"2022-02-18T08:03:14","slug":"podomka-bohol-satynakolory","status":"publish","type":"product","link":"https:\/\/kalimo.eu\/?product=podomka-bohol-satynakolory","title":{"rendered":"PODOMKA BOHOL (satyna)+kolory"},"content":{"rendered":"<p>Niesamowicie elegancka i zmys\u0142owa satynowa podomka, kt\u00f3ra powinna si\u0119 znale\u017a\u0107 w szafie ka\u017cdej kobiety.<\/p>\n<p>Niebanalny kr\u00f3j oraz d\u0142ugo\u015b\u0107 podkre\u015blaj\u0105 atuty kobiecego cia\u0142a. Specjalnie zaprojektowane marszczenia, wychodz\u0105ce promieni\u015bcie z ramion nadaj\u0105 ca\u0142o\u015bci niezwykle efektownego oraz nowoczesnego wymiaru. Peniuar zosta\u0142 wykonany z lej\u0105cej satyny, kt\u00f3ra w seksowny spos\u00f3b otula kobiece cia\u0142o. Do podomki do\u0142\u0105czony jest szerszy, satynowy pasek do zalotnego przewi\u0105zania w talii.<\/p>\n<p><strong>Styl:<\/strong><\/p>\n<p>komfortowy, dopasowany do odpowiednich partii cia\u0142a<br \/>\nzapewniaj\u0105cy wysok\u0105 swobod\u0119 noszenia<br \/>\nzapewniaj\u0105cy odpowiedni\u0105 prac\u0119 materia\u0142u (efekt lej\u0105cej si\u0119 satyny)<br \/>\nca\u0142kowita d\u0142ugo\u015b\u0107 podomki mierzona po szwie bocznym (od pachy w d\u00f3\u0142): ok.80cm<br \/>\n\u00a0<\/p>\n<p><strong>Materia\u0142:<\/strong><\/p>\n<p>wysokogatunkowa, mi\u0119sista satyna<br \/>\nodpowiednia mi\u0119kko\u015b\u0107 po wewn\u0119trznej stronie<br \/>\nwysoki po\u0142ysk po stronie zewn\u0119trznej<br \/>\n\u00a0<\/p>\n<p><strong>Dodatkowe cechy produktu:<\/strong><\/p>\n<p>satynowy, szerszy pasek<br \/>\nbielizna pakowana w \u015bliczne, du\u017ce opakowanie (idealne na prezent)<br \/>\nsk\u0142ad materia\u0142u: 97% poliester, 3% elastan. Splot satynowy.<\/p>\n","protected":false},"excerpt":{"rendered":"<p>Niesamowicie elegancka i zmys\u0142owa satynowa podomka, kt\u00f3ra powinna si\u0119 znale\u017a\u0107 w szafie ka\u017cdej kobiety.<\/p>\n<p>Niebanalny kr\u00f3j oraz d\u0142ugo\u015b\u0107 podkre\u015blaj\u0105 atuty kobiecego cia\u0142a. Specjalnie zaprojektowane marszczenia, wychodz\u0105ce promieni\u015bcie z ramion nadaj\u0105 ca\u0142o\u015bci niezwykle efektownego oraz nowoczesnego wymiaru. Peniuar zosta\u0142 wykonany z lej\u0105cej satyny, kt\u00f3ra w seksowny spos\u00f3b otula kobiece cia\u0142o. Do podomki do\u0142\u0105czony jest szerszy, satynowy pasek do zalotnego przewi\u0105zania w talii.<\/p>\n","protected":false},"featured_media":2135,"comment_status":"open","ping_status":"closed","template":"","meta":[],"product_cat":[18],"product_tag":[],"class_list":{"0":"post-5635","1":"product","2":"type-product","3":"status-publish","4":"has-post-thumbnail","6":"product_cat-podomki","8":"first","9":"instock","10":"shipping-taxable","11":"purchasable","12":"product-type-variable","13":"has-default-attributes"},"_links":{"self":[{"href":"https:\/\/kalimo.eu\/index.php?rest_route=\/wp\/v2\/product\/5635","targetHints":{"allow":["GET"]}}],"collection":[{"href":"https:\/\/kalimo.eu\/index.php?rest_route=\/wp\/v2\/product"}],"about":[{"href":"https:\/\/kalimo.eu\/index.php?rest_route=\/wp\/v2\/types\/product"}],"replies":[{"embeddable":true,"href":"https:\/\/kalimo.eu\/index.php?rest_route=%2Fwp%2Fv2%2Fcomments&post=5635"}],"wp:featuredmedia":[{"embeddable":true,"href":"https:\/\/kalimo.eu\/index.php?rest_route=\/wp\/v2\/media\/2135"}],"wp:attachment":[{"href":"https:\/\/kalimo.eu\/index.php?rest_route=%2Fwp%2Fv2%2Fmedia&parent=5635"}],"wp:term":[{"taxonomy":"product_cat","embeddable":true,"href":"https:\/\/kalimo.eu\/index.php?rest_route=%2Fwp%2Fv2%2Fproduct_cat&post=5635"},{"taxonomy":"product_tag","embeddable":true,"href":"https:\/\/kalimo.eu\/index.php?rest_route=%2Fwp%2Fv2%2Fproduct_tag&post=5635"}],"curies":[{"name":"wp","href":"https:\/\/api.w.org\/{rel}","templated":true}]}}