{"id":5697,"date":"2021-11-18T09:35:02","date_gmt":"2021-11-18T08:35:02","guid":{"rendered":"https:\/\/kalimo.eu\/?post_type=product&#038;p=5697"},"modified":"2022-02-18T09:13:48","modified_gmt":"2022-02-18T08:13:48","slug":"halka-cebu-satynakolory","status":"publish","type":"product","link":"https:\/\/kalimo.eu\/?product=halka-cebu-satynakolory","title":{"rendered":"HALKA CEBU (satyna)+kolory"},"content":{"rendered":"<p>Zmys\u0142owe i seksowne po\u0142\u0105czenie b\u0142yszcz\u0105cej satyny z wysokiej jako\u015bci koronk\u0105 sk\u0142ada si\u0119 na halk\u0119 Cebu.<\/p>\n<p>Halka zosta\u0142a tak zaprojektowana aby kusz\u0105co opina\u0107 cia\u0142o. Dekolt oraz boki na dole halki s\u0105 zdobione mi\u0119kk\u0105 koronk\u0105 z kwiatowym motywem. Dodatkowo po\u015brodku biustu znajduje si\u0119 zalotna kokardka. Ca\u0142o\u015b\u0107 to kwintesencja uwodzenia&#8230;<\/p>\n<p><strong>Styl:<\/strong><\/p>\n<p>komfortowy, dopasowany do odpowiednich partii cia\u0142a<br \/>\nzapewniaj\u0105cy wysok\u0105 swobod\u0119 noszenia<br \/>\nzapewniaj\u0105cy odpowiedni\u0105 prac\u0119 materia\u0142u (efekt lej\u0105cej si\u0119 satyny)<br \/>\nca\u0142kowita d\u0142ugo\u015b\u0107 halki mierzona po szwie bocznym (od pachy w d\u00f3\u0142): ok.58cm<br \/>\n\u00a0<\/p>\n<p><strong>Materia\u0142:<\/strong><\/p>\n<p>wysokogatunkowa, mi\u0119sista satyna<br \/>\nodpowiednia mi\u0119kko\u015b\u0107 po wewn\u0119trznej stronie<br \/>\nwysoki po\u0142ysk po stronie zewn\u0119trznej<br \/>\n\u00a0<\/p>\n<p><strong>Dodatkowe cechy produktu:<\/strong><\/p>\n<p>mi\u0119kka koronka w kwiatowym motywie<br \/>\nregulowane naramki<br \/>\nbielizna pakowana w \u015bliczne, du\u017ce opakowanie (idealne na prezent)<br \/>\nsk\u0142ad materia\u0142u: 97% poliester, 3% elastan. Splot satynowy.<\/p>\n","protected":false},"excerpt":{"rendered":"<p>Zmys\u0142owe i seksowne po\u0142\u0105czenie b\u0142yszcz\u0105cej satyny z wysokiej jako\u015bci koronk\u0105 sk\u0142ada si\u0119 na halk\u0119 Cebu.<\/p>\n<p>Halka zosta\u0142a tak zaprojektowana aby kusz\u0105co opina\u0107 cia\u0142o. Dekolt oraz boki na dole halki s\u0105 zdobione mi\u0119kk\u0105 koronk\u0105 z kwiatowym motywem. Dodatkowo po\u015brodku biustu znajduje si\u0119 zalotna kokardka. Ca\u0142o\u015b\u0107 to kwintesencja uwodzenia&#8230;<\/p>\n","protected":false},"featured_media":2249,"comment_status":"open","ping_status":"closed","template":"","meta":[],"product_cat":[15],"product_tag":[],"class_list":{"0":"post-5697","1":"product","2":"type-product","3":"status-publish","4":"has-post-thumbnail","6":"product_cat-halki","8":"first","9":"instock","10":"shipping-taxable","11":"purchasable","12":"product-type-variable","13":"has-default-attributes"},"_links":{"self":[{"href":"https:\/\/kalimo.eu\/index.php?rest_route=\/wp\/v2\/product\/5697","targetHints":{"allow":["GET"]}}],"collection":[{"href":"https:\/\/kalimo.eu\/index.php?rest_route=\/wp\/v2\/product"}],"about":[{"href":"https:\/\/kalimo.eu\/index.php?rest_route=\/wp\/v2\/types\/product"}],"replies":[{"embeddable":true,"href":"https:\/\/kalimo.eu\/index.php?rest_route=%2Fwp%2Fv2%2Fcomments&post=5697"}],"wp:featuredmedia":[{"embeddable":true,"href":"https:\/\/kalimo.eu\/index.php?rest_route=\/wp\/v2\/media\/2249"}],"wp:attachment":[{"href":"https:\/\/kalimo.eu\/index.php?rest_route=%2Fwp%2Fv2%2Fmedia&parent=5697"}],"wp:term":[{"taxonomy":"product_cat","embeddable":true,"href":"https:\/\/kalimo.eu\/index.php?rest_route=%2Fwp%2Fv2%2Fproduct_cat&post=5697"},{"taxonomy":"product_tag","embeddable":true,"href":"https:\/\/kalimo.eu\/index.php?rest_route=%2Fwp%2Fv2%2Fproduct_tag&post=5697"}],"curies":[{"name":"wp","href":"https:\/\/api.w.org\/{rel}","templated":true}]}}