{"id":5759,"date":"2021-11-18T09:45:54","date_gmt":"2021-11-18T08:45:54","guid":{"rendered":"https:\/\/kalimo.eu\/?post_type=product&#038;p=5759"},"modified":"2022-02-18T10:45:49","modified_gmt":"2022-02-18T09:45:49","slug":"halka-boracay-satynakolory","status":"publish","type":"product","link":"https:\/\/kalimo.eu\/?product=halka-boracay-satynakolory","title":{"rendered":"HALKA BORACAY (satyna)+kolory"},"content":{"rendered":"<p>Cudowna halka wykonana z lej\u0105cej satyny, z pozoru prosta a jednak przyci\u0105gaj\u0105ca uwag\u0119.<\/p>\n<p>Mi\u0119kkie miseczki z ozdobnymi marszczeniami optycznie powi\u0119kszaj\u0105 biust. Podw\u00f3jne, regulowane naramki dodaj\u0105 uwodzicielskiego charakteru. Propozycja dla Pa\u0144, kt\u00f3re lubi\u0105 nowoczesn\u0105 prostot\u0119 i elegancj\u0119. Ca\u0142o\u015b\u0107 pakowana w kartonowe pude\u0142ko-idealne na prezent.<\/p>\n<p><strong>Styl:<\/strong><\/p>\n<p>komfortowy, dopasowany do odpowiednich partii cia\u0142a<br \/>\nzapewniaj\u0105cy wysok\u0105 swobod\u0119 noszenia<br \/>\nzapewniaj\u0105cy odpowiedni\u0105 prac\u0119 materia\u0142u (efekt lej\u0105cej si\u0119 satyny)<br \/>\nca\u0142kowita d\u0142ugo\u015b\u0107 halki mierzona po szwie bocznym (od pachy w d\u00f3\u0142): ok.60cm<br \/>\n\u00a0<\/p>\n<p><strong>Materia\u0142:<\/strong><\/p>\n<p>wysokogatunkowa, mi\u0119sista satyna<br \/>\nodpowiednia mi\u0119kko\u015b\u0107 po wewn\u0119trznej stronie<br \/>\nwysoki po\u0142ysk po stronie zewn\u0119trznej<br \/>\n\u00a0<\/p>\n<p><strong>Dodatkowe cechy produktu:<\/strong><\/p>\n<p>regulowane naramki<br \/>\nbielizna pakowana w \u015bliczne, du\u017ce opakowanie (idealne na prezent)<br \/>\nsk\u0142ad materia\u0142u: 97% poliester, 3% elastan. Splot satynowy.<\/p>\n","protected":false},"excerpt":{"rendered":"<p>Cudowna halka wykonana z lej\u0105cej satyny, z pozoru prosta a jednak przyci\u0105gaj\u0105ca uwag\u0119.<\/p>\n<p>Mi\u0119kkie miseczki z ozdobnymi marszczeniami optycznie powi\u0119kszaj\u0105 biust. Podw\u00f3jne, regulowane naramki dodaj\u0105 uwodzicielskiego charakteru. Propozycja dla Pa\u0144, kt\u00f3re lubi\u0105 nowoczesn\u0105 prostot\u0119 i elegancj\u0119. Ca\u0142o\u015b\u0107 pakowana w kartonowe pude\u0142ko-idealne na prezent.<\/p>\n","protected":false},"featured_media":2141,"comment_status":"open","ping_status":"closed","template":"","meta":[],"product_cat":[15],"product_tag":[],"class_list":{"0":"post-5759","1":"product","2":"type-product","3":"status-publish","4":"has-post-thumbnail","6":"product_cat-halki","8":"first","9":"instock","10":"shipping-taxable","11":"purchasable","12":"product-type-variable","13":"has-default-attributes"},"_links":{"self":[{"href":"https:\/\/kalimo.eu\/index.php?rest_route=\/wp\/v2\/product\/5759","targetHints":{"allow":["GET"]}}],"collection":[{"href":"https:\/\/kalimo.eu\/index.php?rest_route=\/wp\/v2\/product"}],"about":[{"href":"https:\/\/kalimo.eu\/index.php?rest_route=\/wp\/v2\/types\/product"}],"replies":[{"embeddable":true,"href":"https:\/\/kalimo.eu\/index.php?rest_route=%2Fwp%2Fv2%2Fcomments&post=5759"}],"wp:featuredmedia":[{"embeddable":true,"href":"https:\/\/kalimo.eu\/index.php?rest_route=\/wp\/v2\/media\/2141"}],"wp:attachment":[{"href":"https:\/\/kalimo.eu\/index.php?rest_route=%2Fwp%2Fv2%2Fmedia&parent=5759"}],"wp:term":[{"taxonomy":"product_cat","embeddable":true,"href":"https:\/\/kalimo.eu\/index.php?rest_route=%2Fwp%2Fv2%2Fproduct_cat&post=5759"},{"taxonomy":"product_tag","embeddable":true,"href":"https:\/\/kalimo.eu\/index.php?rest_route=%2Fwp%2Fv2%2Fproduct_tag&post=5759"}],"curies":[{"name":"wp","href":"https:\/\/api.w.org\/{rel}","templated":true}]}}