{"id":5822,"date":"2021-11-18T09:55:24","date_gmt":"2021-11-18T08:55:24","guid":{"rendered":"https:\/\/kalimo.eu\/?post_type=product&#038;p=5822"},"modified":"2022-02-21T08:11:00","modified_gmt":"2022-02-21T07:11:00","slug":"komplet-negros-satynakolory","status":"publish","type":"product","link":"https:\/\/kalimo.eu\/?product=komplet-negros-satynakolory","title":{"rendered":"KOMPLET NEGROS (satyna)+kolory"},"content":{"rendered":"<p>Nietuzinkowy satynowy komplet zdobiony przepi\u0119kn\u0105 koronk\u0105 przypadnie go gustu niejednej eleganckiej pani. G\u00f3ra stanowi koszulk\u0119 z motylkowymi, koronkowymi r\u0119kawkami oraz z dekoltem w szpic uwie\u0144czonym male\u0144k\u0105 kokardk\u0105. D\u00f3\u0142 to szorty z dwiema wygodnymi kiszeniami, fiku\u015bnie zdobionymi koronk\u0105.<\/p>\n<p>Ca\u0142o\u015b\u0107 bardzo subtelna, kobieca z nutk\u0105 flirtu-idealna na prezent.<\/p>\n<p><strong>Styl:<\/strong><\/p>\n<p>dopasowany do odpowiednich partii cia\u0142a<br \/>\nzapewniaj\u0105cy wysoki komfort noszenia<br \/>\nzapewniaj\u0105cy elastyczno\u015b\u0107 materia\u0142u w odpowiednich kierunkach<br \/>\nzapewniaj\u0105cy odpowiedni\u0105 prac\u0119 materia\u0142u (efekt lej\u0105cej si\u0119 satyny)<br \/>\nca\u0142kowita d\u0142ugo\u015b\u0107 szort\u00f3w mierzona po szwie bocznym: ok.23cm<br \/>\nca\u0142kowita d\u0142ugo\u015b\u0107 podomki koszulki mierzona po szwie bocznym (od pachy w d\u00f3\u0142): ok.36cm<br \/>\n\u00a0<\/p>\n<p><strong>Materia\u0142:<\/strong><\/p>\n<p>wysokogatunkowa , mi\u0119sista satyna<br \/>\nodpowiednia mi\u0119kko\u015b\u0107 po wewn\u0119trznej stronie<br \/>\nwysoki po\u0142ysk po stronie zewn\u0119trznej<br \/>\nwysokiej jako\u015bci splot<br \/>\n\u00a0<\/p>\n<p><strong>Dodatkowe cechy produktu:<\/strong><\/p>\n<p>wyko\u0144czenie koszulki oraz szort\u00f3w pi\u0119kn\u0105 koronk\u0105<br \/>\nbielizna pakowana w \u015bliczne, du\u017ce opakowanie (idealne na prezent)<br \/>\nsk\u0142ad materia\u0142u: 97% poliester, 3% elastan. Splot satynowy.<\/p>\n","protected":false},"excerpt":{"rendered":"<p>Nietuzinkowy satynowy komplet zdobiony przepi\u0119kn\u0105 koronk\u0105 przypadnie go gustu niejednej eleganckiej pani. G\u00f3ra stanowi koszulk\u0119 z motylkowymi, koronkowymi r\u0119kawkami oraz z dekoltem w szpic uwie\u0144czonym male\u0144k\u0105 kokardk\u0105. D\u00f3\u0142 to szorty z dwiema wygodnymi kiszeniami, fiku\u015bnie zdobionymi koronk\u0105.<\/p>\n<p>Ca\u0142o\u015b\u0107 bardzo subtelna, kobieca z nutk\u0105 flirtu-idealna na prezent.<\/p>\n","protected":false},"featured_media":2841,"comment_status":"open","ping_status":"closed","template":"","meta":[],"product_cat":[17],"product_tag":[],"class_list":{"0":"post-5822","1":"product","2":"type-product","3":"status-publish","4":"has-post-thumbnail","6":"product_cat-komplety","8":"first","9":"instock","10":"shipping-taxable","11":"purchasable","12":"product-type-variable","13":"has-default-attributes"},"_links":{"self":[{"href":"https:\/\/kalimo.eu\/index.php?rest_route=\/wp\/v2\/product\/5822","targetHints":{"allow":["GET"]}}],"collection":[{"href":"https:\/\/kalimo.eu\/index.php?rest_route=\/wp\/v2\/product"}],"about":[{"href":"https:\/\/kalimo.eu\/index.php?rest_route=\/wp\/v2\/types\/product"}],"replies":[{"embeddable":true,"href":"https:\/\/kalimo.eu\/index.php?rest_route=%2Fwp%2Fv2%2Fcomments&post=5822"}],"wp:featuredmedia":[{"embeddable":true,"href":"https:\/\/kalimo.eu\/index.php?rest_route=\/wp\/v2\/media\/2841"}],"wp:attachment":[{"href":"https:\/\/kalimo.eu\/index.php?rest_route=%2Fwp%2Fv2%2Fmedia&parent=5822"}],"wp:term":[{"taxonomy":"product_cat","embeddable":true,"href":"https:\/\/kalimo.eu\/index.php?rest_route=%2Fwp%2Fv2%2Fproduct_cat&post=5822"},{"taxonomy":"product_tag","embeddable":true,"href":"https:\/\/kalimo.eu\/index.php?rest_route=%2Fwp%2Fv2%2Fproduct_tag&post=5822"}],"curies":[{"name":"wp","href":"https:\/\/api.w.org\/{rel}","templated":true}]}}