{"id":5946,"date":"2021-11-18T10:32:26","date_gmt":"2021-11-18T09:32:26","guid":{"rendered":"https:\/\/kalimo.eu\/?post_type=product&#038;p=5946"},"modified":"2021-11-18T10:38:50","modified_gmt":"2021-11-18T09:38:50","slug":"komplet-zante-satynakolory","status":"publish","type":"product","link":"https:\/\/kalimo.eu\/?product=komplet-zante-satynakolory","title":{"rendered":"KOMPLET ZANTE (satyna)+kolory"},"content":{"rendered":"<p>Zmys\u0142owy, seksowny, kobiecy \u2013 taki mo\u017cna okre\u015bli\u0107 komplet Zante w trzech s\u0142owach.<\/p>\n<p>Wykonany z po\u0142yskuj\u0105cej satyny, kt\u00f3ra kusi subtelnym blaskiem. W koszulce uwag\u0119 zwraca satynowa falbanka w kontrastowym kolorze, przebiegaj\u0105ca wzd\u0142u\u017c ramion, dekoltu a\u017c po sam d\u00f3\u0142. Szorty zosta\u0142y ozdobione dziewcz\u0119c\u0105 kokardk\u0105 w kolorze falbanki. Propozycja do spania i nie tylko. Ty zdecyduj gdzie zaprowadzi Ciebie wyobra\u017ania.<\/p>\n<p><strong>Styl:<\/strong><\/p>\n<p>dopasowany do odpowiednich partii cia\u0142a<br \/>\nzapewniaj\u0105cy wysoki komfort noszenia<br \/>\nzapewniaj\u0105cy elastyczno\u015b\u0107 materia\u0142u w odpowiednich kierunkach<br \/>\nzapewniaj\u0105cy odpowiedni\u0105 prac\u0119 materia\u0142u (efekt lej\u0105cej si\u0119 satyny)<br \/>\nca\u0142kowita d\u0142ugo\u015b\u0107 koszulki mierzona po szwie bocznym (od pachy w d\u00f3\u0142): ok. 39cm<br \/>\nd\u0142ugo\u015b\u0107 szort\u00f3w mierzona po szwie bocznym nogawki: ok. 20cm<br \/>\n\u00a0<\/p>\n<p><strong>Materia\u0142:<\/strong><\/p>\n<p>wysokogatunkowa , mi\u0119sista satyna<br \/>\nodpowiednia mi\u0119kko\u015b\u0107 po wewn\u0119trznej stronie<br \/>\nwysoki po\u0142ysk po stronie zewn\u0119trznej<br \/>\nwysokiej jako\u015bci splot<br \/>\n\u00a0<\/p>\n<p><strong>Dodatkowe cechy produktu:<\/strong><\/p>\n<p>bielizna pakowana w \u015bliczne, du\u017ce opakowanie (idealne na prezent)<br \/>\nsk\u0142ad materia\u0142u: 97% poliester, 3% elastan. Splot satynowy.<\/p>\n","protected":false},"excerpt":{"rendered":"<p>Zmys\u0142owy, seksowny, kobiecy \u2013 taki mo\u017cna okre\u015bli\u0107 komplet Zante w trzech s\u0142owach.<\/p>\n<p>Wykonany z po\u0142yskuj\u0105cej satyny, kt\u00f3ra kusi subtelnym blaskiem. W koszulce uwag\u0119 zwraca satynowa falbanka w kontrastowym kolorze, przebiegaj\u0105ca wzd\u0142u\u017c ramion, dekoltu a\u017c po sam d\u00f3\u0142. Szorty zosta\u0142y ozdobione dziewcz\u0119c\u0105 kokardk\u0105 w kolorze falbanki. Propozycja do spania i nie tylko. Ty zdecyduj gdzie zaprowadzi Ciebie wyobra\u017ania.<\/p>\n","protected":false},"featured_media":3281,"comment_status":"open","ping_status":"closed","template":"","meta":[],"product_cat":[17],"product_tag":[],"class_list":{"0":"post-5946","1":"product","2":"type-product","3":"status-publish","4":"has-post-thumbnail","6":"product_cat-komplety","8":"first","9":"instock","10":"shipping-taxable","11":"purchasable","12":"product-type-variable","13":"has-default-attributes"},"_links":{"self":[{"href":"https:\/\/kalimo.eu\/index.php?rest_route=\/wp\/v2\/product\/5946","targetHints":{"allow":["GET"]}}],"collection":[{"href":"https:\/\/kalimo.eu\/index.php?rest_route=\/wp\/v2\/product"}],"about":[{"href":"https:\/\/kalimo.eu\/index.php?rest_route=\/wp\/v2\/types\/product"}],"replies":[{"embeddable":true,"href":"https:\/\/kalimo.eu\/index.php?rest_route=%2Fwp%2Fv2%2Fcomments&post=5946"}],"wp:featuredmedia":[{"embeddable":true,"href":"https:\/\/kalimo.eu\/index.php?rest_route=\/wp\/v2\/media\/3281"}],"wp:attachment":[{"href":"https:\/\/kalimo.eu\/index.php?rest_route=%2Fwp%2Fv2%2Fmedia&parent=5946"}],"wp:term":[{"taxonomy":"product_cat","embeddable":true,"href":"https:\/\/kalimo.eu\/index.php?rest_route=%2Fwp%2Fv2%2Fproduct_cat&post=5946"},{"taxonomy":"product_tag","embeddable":true,"href":"https:\/\/kalimo.eu\/index.php?rest_route=%2Fwp%2Fv2%2Fproduct_tag&post=5946"}],"curies":[{"name":"wp","href":"https:\/\/api.w.org\/{rel}","templated":true}]}}