{"id":5998,"date":"2021-11-18T10:43:19","date_gmt":"2021-11-18T09:43:19","guid":{"rendered":"https:\/\/kalimo.eu\/?post_type=product&#038;p=5998"},"modified":"2022-02-21T08:17:48","modified_gmt":"2022-02-21T07:17:48","slug":"halka-masbate-wiskozakolory","status":"publish","type":"product","link":"https:\/\/kalimo.eu\/?product=halka-masbate-wiskozakolory","title":{"rendered":"HALKA MASBATE (wiskoza)+kolory"},"content":{"rendered":"<p>Niezwyk\u0142a haleczka o nietuzinkowym fasonie, w kt\u00f3rej mo\u017cesz r\u00f3wnie\u017c spokojnie zje\u015b\u0107 \u015bniadanie w leniwy poranek.<\/p>\n<p>G\u00f3ra halki to dwie warstwy nak\u0142adaj\u0105cego si\u0119 materia\u0142u, dzi\u0119ki czemu uzyskujemy kusz\u0105ce marszczenia w okolicy biustu. Dodatkowo dekolt oraz d\u00f3\u0142 halki zosta\u0142 ozdobiony koronk\u0105 w kwiatowym motywie. W talii wszyto tunel ze sznureczkiem, kt\u00f3ry dowolnie mo\u017cna regulowa\u0107-mo\u017cesz go mocniej \u015bci\u0105gn\u0105\u0107 i tym samym jeszcze bardziej podkre\u015bli\u0107 tali\u0119 lub zostawi\u0107 zupe\u0142nie lu\u017any. Ca\u0142o\u015b\u0107 wykonana z mi\u0119kkiej wiskozy, kt\u00f3ra przyjemnie otula sylwetk\u0119.<\/p>\n<p><strong>Styl:<\/strong><\/p>\n<p>komfortowy, dopasowany do odpowiednich partii cia\u0142a<br \/>\nzapewniaj\u0105cy wysok\u0105 swobod\u0119 noszenia<br \/>\ndekolt zdobiony mi\u0119kk\u0105 koronk\u0105 w kwiatowym motywie<br \/>\nca\u0142kowita d\u0142ugo\u015b\u0107 koszulki mierzona po szwie bocznym: 69cm.<br \/>\n\u00a0<\/p>\n<p><strong>Materia\u0142:<\/strong><\/p>\n<p>wysokogatunkowa, oddychaj\u0105ca wiskoza, tzw. \u201djedwab drzewny\u201d<br \/>\nodpowiednia mi\u0119kko\u015b\u0107 oraz elastyczno\u015b\u0107<br \/>\nlekko\u015b\u0107, przewiewno\u015b\u0107<br \/>\n\u00a0<\/p>\n<p><strong>Dodatkowe cechy produktu:<\/strong><\/p>\n<p>wyko\u0144czenie dekoltu z mi\u0119kkiej koronki<br \/>\nbielizna pakowana w \u015bliczne, du\u017ce opakowanie (idealne na prezent)<br \/>\nsk\u0142ad materia\u0142u: 95% wiskoza, 5% elastan.<\/p>\n","protected":false},"excerpt":{"rendered":"<p>Niezwyk\u0142a haleczka o nietuzinkowym fasonie, w kt\u00f3rej mo\u017cesz r\u00f3wnie\u017c spokojnie zje\u015b\u0107 \u015bniadanie w leniwy poranek.<\/p>\n<p>G\u00f3ra halki to dwie warstwy nak\u0142adaj\u0105cego si\u0119 materia\u0142u, dzi\u0119ki czemu uzyskujemy kusz\u0105ce marszczenia w okolicy biustu. Dodatkowo dekolt oraz d\u00f3\u0142 halki zosta\u0142 ozdobiony koronk\u0105 w kwiatowym motywie. W talii wszyto tunel ze sznureczkiem, kt\u00f3ry dowolnie mo\u017cna regulowa\u0107-mo\u017cesz go mocniej \u015bci\u0105gn\u0105\u0107 i tym samym jeszcze bardziej podkre\u015bli\u0107 tali\u0119 lub zostawi\u0107 zupe\u0142nie lu\u017any. Ca\u0142o\u015b\u0107 wykonana z mi\u0119kkiej wiskozy, kt\u00f3ra przyjemnie otula sylwetk\u0119.<\/p>\n","protected":false},"featured_media":2721,"comment_status":"open","ping_status":"closed","template":"","meta":[],"product_cat":[15],"product_tag":[],"class_list":{"0":"post-5998","1":"product","2":"type-product","3":"status-publish","4":"has-post-thumbnail","6":"product_cat-halki","8":"first","9":"instock","10":"shipping-taxable","11":"purchasable","12":"product-type-variable","13":"has-default-attributes"},"_links":{"self":[{"href":"https:\/\/kalimo.eu\/index.php?rest_route=\/wp\/v2\/product\/5998","targetHints":{"allow":["GET"]}}],"collection":[{"href":"https:\/\/kalimo.eu\/index.php?rest_route=\/wp\/v2\/product"}],"about":[{"href":"https:\/\/kalimo.eu\/index.php?rest_route=\/wp\/v2\/types\/product"}],"replies":[{"embeddable":true,"href":"https:\/\/kalimo.eu\/index.php?rest_route=%2Fwp%2Fv2%2Fcomments&post=5998"}],"wp:featuredmedia":[{"embeddable":true,"href":"https:\/\/kalimo.eu\/index.php?rest_route=\/wp\/v2\/media\/2721"}],"wp:attachment":[{"href":"https:\/\/kalimo.eu\/index.php?rest_route=%2Fwp%2Fv2%2Fmedia&parent=5998"}],"wp:term":[{"taxonomy":"product_cat","embeddable":true,"href":"https:\/\/kalimo.eu\/index.php?rest_route=%2Fwp%2Fv2%2Fproduct_cat&post=5998"},{"taxonomy":"product_tag","embeddable":true,"href":"https:\/\/kalimo.eu\/index.php?rest_route=%2Fwp%2Fv2%2Fproduct_tag&post=5998"}],"curies":[{"name":"wp","href":"https:\/\/api.w.org\/{rel}","templated":true}]}}