{"id":6184,"date":"2021-11-18T13:40:24","date_gmt":"2021-11-18T12:40:24","guid":{"rendered":"https:\/\/kalimo.eu\/?post_type=product&#038;p=6184"},"modified":"2022-02-22T12:29:55","modified_gmt":"2022-02-22T11:29:55","slug":"podomka-mindanao-szorty-satynakolory","status":"publish","type":"product","link":"https:\/\/kalimo.eu\/?product=podomka-mindanao-szorty-satynakolory","title":{"rendered":"PODOMKA MINDANAO + SZORTY (satyna)+kolory"},"content":{"rendered":"<p>Ekskluzywny a zarazem niesamowicie romantyczny d\u0142ugi peniuar wykonany z lej\u0105cej satyny to kwintesencja kobieco\u015bci w efektownym wydaniu.<\/p>\n<p>Podomka ma szerok\u0105, koronkow\u0105 wstawk\u0119 na wysoko\u015bci talii, pi\u0119knie j\u0105 podkre\u015blaj\u0105c. Uwie\u0144czeniem s\u0105 szklane guziczki, niew\u0105tpliwie przyci\u0105gaj\u0105ce uwag\u0119. R\u0119kawy s\u0105 wyko\u0144czone t\u0105 sam\u0105 koronk\u0105. Do kompletu zosta\u0142y skrojone zalotne, koronkowe szorty. Ca\u0142o\u015b\u0107 stanowi idealne po\u0142\u0105czenie elegancji i oryginalno\u015bci.<\/p>\n<p><strong>Styl:<\/strong><\/p>\n<p>komfortowy, dopasowany do odpowiednich partii cia\u0142a<br \/>\nzapewniaj\u0105cy wysok\u0105 swobod\u0119 noszenia<br \/>\nzapewniaj\u0105cy odpowiedni\u0105 prac\u0119 materia\u0142u (efekt lej\u0105cej si\u0119 satyny)<br \/>\nca\u0142kowita d\u0142ugo\u015b\u0107 r\u0119kawa mierzona po szwie bocznym (od pachy w d\u00f3\u0142): ok.29cm<br \/>\nca\u0142kowita d\u0142ugo\u015b\u0107 halki mierzona po szwie bocznym (od pachy w d\u00f3\u0142): ok.100cm<br \/>\n\u00a0<\/p>\n<p><strong>Materia\u0142:<\/strong><\/p>\n<p>wysokogatunkowa, mi\u0119sista satyna<br \/>\nodpowiednia mi\u0119kko\u015b\u0107 po wewn\u0119trznej stronie<br \/>\nwysoki po\u0142ysk po stronie zewn\u0119trznej<br \/>\n\u00a0<\/p>\n<p><strong>Dodatkowe cechy produktu:<\/strong><\/p>\n<p>koronkowe r\u0119kawy oraz talia<br \/>\nbielizna pakowana w \u015bliczne, du\u017ce opakowanie (idealne na prezent)<br \/>\nsk\u0142ad materia\u0142u: 97% poliester, 3% elastan. Splot satynowy.<\/p>\n","protected":false},"excerpt":{"rendered":"<p>Ekskluzywny a zarazem niesamowicie romantyczny d\u0142ugi peniuar wykonany z lej\u0105cej satyny to kwintesencja kobieco\u015bci w efektownym wydaniu.<\/p>\n<p>Podomka ma szerok\u0105, koronkow\u0105 wstawk\u0119 na wysoko\u015bci talii, pi\u0119knie j\u0105 podkre\u015blaj\u0105c. Uwie\u0144czeniem s\u0105 szklane guziczki, niew\u0105tpliwie przyci\u0105gaj\u0105ce uwag\u0119. R\u0119kawy s\u0105 wyko\u0144czone t\u0105 sam\u0105 koronk\u0105. Do kompletu zosta\u0142y skrojone zalotne, koronkowe szorty. Ca\u0142o\u015b\u0107 stanowi idealne po\u0142\u0105czenie elegancji i oryginalno\u015bci.<\/p>\n","protected":false},"featured_media":2791,"comment_status":"open","ping_status":"closed","template":"","meta":[],"product_cat":[18],"product_tag":[],"class_list":{"0":"post-6184","1":"product","2":"type-product","3":"status-publish","4":"has-post-thumbnail","6":"product_cat-podomki","8":"first","9":"instock","10":"shipping-taxable","11":"purchasable","12":"product-type-variable","13":"has-default-attributes"},"_links":{"self":[{"href":"https:\/\/kalimo.eu\/index.php?rest_route=\/wp\/v2\/product\/6184","targetHints":{"allow":["GET"]}}],"collection":[{"href":"https:\/\/kalimo.eu\/index.php?rest_route=\/wp\/v2\/product"}],"about":[{"href":"https:\/\/kalimo.eu\/index.php?rest_route=\/wp\/v2\/types\/product"}],"replies":[{"embeddable":true,"href":"https:\/\/kalimo.eu\/index.php?rest_route=%2Fwp%2Fv2%2Fcomments&post=6184"}],"wp:featuredmedia":[{"embeddable":true,"href":"https:\/\/kalimo.eu\/index.php?rest_route=\/wp\/v2\/media\/2791"}],"wp:attachment":[{"href":"https:\/\/kalimo.eu\/index.php?rest_route=%2Fwp%2Fv2%2Fmedia&parent=6184"}],"wp:term":[{"taxonomy":"product_cat","embeddable":true,"href":"https:\/\/kalimo.eu\/index.php?rest_route=%2Fwp%2Fv2%2Fproduct_cat&post=6184"},{"taxonomy":"product_tag","embeddable":true,"href":"https:\/\/kalimo.eu\/index.php?rest_route=%2Fwp%2Fv2%2Fproduct_tag&post=6184"}],"curies":[{"name":"wp","href":"https:\/\/api.w.org\/{rel}","templated":true}]}}