{"id":6309,"date":"2021-11-19T06:44:28","date_gmt":"2021-11-19T05:44:28","guid":{"rendered":"https:\/\/kalimo.eu\/?post_type=product&#038;p=6309"},"modified":"2022-02-21T08:26:52","modified_gmt":"2022-02-21T07:26:52","slug":"komplet-delos-wiskozakolory","status":"publish","type":"product","link":"https:\/\/kalimo.eu\/?product=komplet-delos-wiskozakolory","title":{"rendered":"KOMPLET DELOS (wiskoza)+kolory"},"content":{"rendered":"<p>Wygodny a zarazem elegancki komplet wiskozowy Delos to kolejna urocza propozycja do spania marki Kalimo.<\/p>\n<p>G\u00f3ra pi\u017camki to nieco lu\u017aniejsza dla optymalnego komfortu bluzka, d\u00f3\u0142 to natomiast ciekawie skrojone szorty. Zar\u00f3wno g\u00f3ra jak i d\u00f3\u0142 pi\u017camki zosta\u0142y obszyte koronk\u0105 w kwiatowym motywie. Ca\u0142o\u015b\u0107 stanowi idealny komplet \u0142\u0105cz\u0105cy niebywa\u0142y styl z wygod\u0105.<\/p>\n<p><strong>Styl:<\/strong><\/p>\n<p>komfortowy, dopasowany do odpowiednich partii cia\u0142a<br \/>\nzapewniaj\u0105cy wysok\u0105 swobod\u0119 noszenia<br \/>\nd\u0142ugo\u015b\u0107 bluzki mierzona po szwie bocznym: ok. 40cm<br \/>\nd\u0142ugo\u015b\u0107 nogawki mierzona po szwie zewn\u0119trznym: ok.17cm.<br \/>\n\u00a0<\/p>\n<p><strong>Materia\u0142:<\/strong><\/p>\n<p>wysokogatunkowa, oddychaj\u0105ca wiskoza, tzw. \u201djedwab drzewny\u201d<br \/>\nodpowiednia mi\u0119kko\u015b\u0107 oraz elastyczno\u015b\u0107<br \/>\nlekko\u015b\u0107, przewiewno\u015b\u0107<br \/>\n\u00a0<\/p>\n<p><strong>Dodatkowe cechy produktu:<\/strong><\/p>\n<p>bielizna pakowana w \u015bliczne, du\u017ce opakowanie (idealne na prezent)<br \/>\nsk\u0142ad materia\u0142u: 95% wiskoza, 5% elastan.<\/p>\n","protected":false},"excerpt":{"rendered":"<p>Wygodny a zarazem elegancki komplet wiskozowy Delos to kolejna urocza propozycja do spania marki Kalimo.<\/p>\n<p>G\u00f3ra pi\u017camki to nieco lu\u017aniejsza dla optymalnego komfortu bluzka, d\u00f3\u0142 to natomiast ciekawie skrojone szorty. Zar\u00f3wno g\u00f3ra jak i d\u00f3\u0142 pi\u017camki zosta\u0142y obszyte koronk\u0105 w kwiatowym motywie. Ca\u0142o\u015b\u0107 stanowi idealny komplet \u0142\u0105cz\u0105cy niebywa\u0142y styl z wygod\u0105.<\/p>\n","protected":false},"featured_media":2373,"comment_status":"open","ping_status":"closed","template":"","meta":[],"product_cat":[17],"product_tag":[],"class_list":{"0":"post-6309","1":"product","2":"type-product","3":"status-publish","4":"has-post-thumbnail","6":"product_cat-komplety","8":"first","9":"instock","10":"shipping-taxable","11":"purchasable","12":"product-type-variable","13":"has-default-attributes"},"_links":{"self":[{"href":"https:\/\/kalimo.eu\/index.php?rest_route=\/wp\/v2\/product\/6309","targetHints":{"allow":["GET"]}}],"collection":[{"href":"https:\/\/kalimo.eu\/index.php?rest_route=\/wp\/v2\/product"}],"about":[{"href":"https:\/\/kalimo.eu\/index.php?rest_route=\/wp\/v2\/types\/product"}],"replies":[{"embeddable":true,"href":"https:\/\/kalimo.eu\/index.php?rest_route=%2Fwp%2Fv2%2Fcomments&post=6309"}],"wp:featuredmedia":[{"embeddable":true,"href":"https:\/\/kalimo.eu\/index.php?rest_route=\/wp\/v2\/media\/2373"}],"wp:attachment":[{"href":"https:\/\/kalimo.eu\/index.php?rest_route=%2Fwp%2Fv2%2Fmedia&parent=6309"}],"wp:term":[{"taxonomy":"product_cat","embeddable":true,"href":"https:\/\/kalimo.eu\/index.php?rest_route=%2Fwp%2Fv2%2Fproduct_cat&post=6309"},{"taxonomy":"product_tag","embeddable":true,"href":"https:\/\/kalimo.eu\/index.php?rest_route=%2Fwp%2Fv2%2Fproduct_tag&post=6309"}],"curies":[{"name":"wp","href":"https:\/\/api.w.org\/{rel}","templated":true}]}}