{"id":6371,"date":"2021-11-19T06:53:17","date_gmt":"2021-11-19T05:53:17","guid":{"rendered":"https:\/\/kalimo.eu\/?post_type=product&#038;p=6371"},"modified":"2022-02-21T08:28:30","modified_gmt":"2022-02-21T07:28:30","slug":"halka-corfu-satynakolory","status":"publish","type":"product","link":"https:\/\/kalimo.eu\/?product=halka-corfu-satynakolory","title":{"rendered":"HALKA CORFU (satyna)+kolory"},"content":{"rendered":"<p>Szykowna, uwodzicielska halka Corfu. Stanik zosta\u0142 wykonany z elastycznej, przepi\u0119knej koronki, kt\u00f3ra idealnie dopasowuje si\u0119 do kobiecego biustu, zmys\u0142owo go podkre\u015blaj\u0105c. Koronka ta przechodzi r\u00f3wnie\u017c na plecy. D\u0142ugo\u015b\u0107 koszulki do po\u0142owy uda dla poczucia komfortu.<\/p>\n<p>Ca\u0142o\u015b\u0107 zapakowana w eleganckie opakowanie, kt\u00f3re idealnie nadaje si\u0119 na romantyczny prezent.<\/p>\n<p><strong>Styl:<\/strong><\/p>\n<p>komfortowy, dopasowany do odpowiednich partii cia\u0142a<br \/>\nzapewniaj\u0105cy wysok\u0105 swobod\u0119 noszenia<br \/>\nzapewniaj\u0105cy odpowiedni\u0105 prac\u0119 materia\u0142u (efekt lej\u0105cej si\u0119 satyny)<br \/>\nca\u0142kowita d\u0142ugo\u015b\u0107 halki mierzona po szwie bocznym (od pachy w d\u00f3\u0142): ok.57cm<br \/>\n\u00a0<\/p>\n<p><strong>Materia\u0142:<\/strong><\/p>\n<p>wysokogatunkowa, mi\u0119sista satyna<br \/>\nodpowiednia mi\u0119kko\u015b\u0107 po wewn\u0119trznej stronie<br \/>\nmi\u0119kka, elastyczna koronka w kwiatowym motywie<br \/>\nwysoki po\u0142ysk po stronie zewn\u0119trznej<br \/>\n\u00a0<\/p>\n<p><strong>Dodatkowe cechy produktu:<\/strong><\/p>\n<p>koronkowy stanik<br \/>\nbielizna pakowana w \u015bliczne, du\u017ce opakowanie (idealne na prezent)<br \/>\nsk\u0142ad materia\u0142u: 97% poliester, 3% elastan. Splot satynowy.<\/p>\n","protected":false},"excerpt":{"rendered":"<p>Szykowna, uwodzicielska halka Corfu. Stanik zosta\u0142 wykonany z elastycznej, przepi\u0119knej koronki, kt\u00f3ra idealnie dopasowuje si\u0119 do kobiecego biustu, zmys\u0142owo go podkre\u015blaj\u0105c. Koronka ta przechodzi r\u00f3wnie\u017c na plecy. D\u0142ugo\u015b\u0107 koszulki do po\u0142owy uda dla poczucia komfortu.<\/p>\n<p>Ca\u0142o\u015b\u0107 zapakowana w eleganckie opakowanie, kt\u00f3re idealnie nadaje si\u0119 na romantyczny prezent.<\/p>\n","protected":false},"featured_media":2339,"comment_status":"open","ping_status":"closed","template":"","meta":[],"product_cat":[15],"product_tag":[],"class_list":{"0":"post-6371","1":"product","2":"type-product","3":"status-publish","4":"has-post-thumbnail","6":"product_cat-halki","8":"first","9":"instock","10":"shipping-taxable","11":"purchasable","12":"product-type-variable","13":"has-default-attributes"},"_links":{"self":[{"href":"https:\/\/kalimo.eu\/index.php?rest_route=\/wp\/v2\/product\/6371","targetHints":{"allow":["GET"]}}],"collection":[{"href":"https:\/\/kalimo.eu\/index.php?rest_route=\/wp\/v2\/product"}],"about":[{"href":"https:\/\/kalimo.eu\/index.php?rest_route=\/wp\/v2\/types\/product"}],"replies":[{"embeddable":true,"href":"https:\/\/kalimo.eu\/index.php?rest_route=%2Fwp%2Fv2%2Fcomments&post=6371"}],"wp:featuredmedia":[{"embeddable":true,"href":"https:\/\/kalimo.eu\/index.php?rest_route=\/wp\/v2\/media\/2339"}],"wp:attachment":[{"href":"https:\/\/kalimo.eu\/index.php?rest_route=%2Fwp%2Fv2%2Fmedia&parent=6371"}],"wp:term":[{"taxonomy":"product_cat","embeddable":true,"href":"https:\/\/kalimo.eu\/index.php?rest_route=%2Fwp%2Fv2%2Fproduct_cat&post=6371"},{"taxonomy":"product_tag","embeddable":true,"href":"https:\/\/kalimo.eu\/index.php?rest_route=%2Fwp%2Fv2%2Fproduct_tag&post=6371"}],"curies":[{"name":"wp","href":"https:\/\/api.w.org\/{rel}","templated":true}]}}