{"id":6433,"date":"2021-11-19T07:05:03","date_gmt":"2021-11-19T06:05:03","guid":{"rendered":"https:\/\/kalimo.eu\/?post_type=product&#038;p=6433"},"modified":"2022-02-21T08:33:25","modified_gmt":"2022-02-21T07:33:25","slug":"komplet-andros-wiskozakolory","status":"publish","type":"product","link":"https:\/\/kalimo.eu\/?product=komplet-andros-wiskozakolory","title":{"rendered":"KOMPLET ANDROS (wiskoza)+kolory"},"content":{"rendered":"<p>Komfortowa, dwucz\u0119\u015bciowa pi\u017camka wykonana z oddychaj\u0105cej wiskozy. G\u00f3r\u0119 stanowi koszulka na szerokich naramkach. Dekolt zosta\u0142 ozdobiony koronk\u0105, kt\u00f3ra przechodzi przez ca\u0142y prz\u00f3d bluzki. Do kompletu zosta\u0142y skrojone kr\u00f3tkie spodenki, zdobione po bokach t\u0105 sam\u0105 koronk\u0105.<\/p>\n<p>Wygodna propozycja do spania, w kt\u00f3rej spokojnie mo\u017cesz r\u00f3wnie\u017c zje\u015b\u0107 leniwe, weekendowe \u015bniadanie.<\/p>\n<p><strong>Styl:<\/strong><\/p>\n<p>komfortowy, dopasowany do odpowiednich partii cia\u0142a<br \/>\nzapewniaj\u0105cy wysok\u0105 swobod\u0119 noszenia<br \/>\ndelikatna koronka<br \/>\nca\u0142kowita d\u0142ugo\u015b\u0107 szort\u00f3w mierzona po szwie bocznym: ok. 17cm.<br \/>\nca\u0142kowita d\u0142ugo\u015b\u0107 koszulki mierzona po szwie bocznym: ok. 43cm.<br \/>\n\u00a0<\/p>\n<p><strong>Materia\u0142:<\/strong><\/p>\n<p>wysokogatunkowa, oddychaj\u0105ca wiskoza, tzw. \u201djedwab drzewny\u201d<br \/>\nodpowiednia mi\u0119kko\u015b\u0107 oraz elastyczno\u015b\u0107<br \/>\nlekko\u015b\u0107, przewiewno\u015b\u0107<br \/>\n\u00a0<\/p>\n<p><strong>Dodatkowe cechy produktu:<\/strong><\/p>\n<p>wyko\u0144czenia z mi\u0119kkiej koronki<br \/>\nbielizna pakowana w \u015bliczne, du\u017ce opakowanie (idealne na prezent)<br \/>\nsk\u0142ad materia\u0142u: 95% wiskoza, 5% elastan.<\/p>\n","protected":false},"excerpt":{"rendered":"<p>Komfortowa, dwucz\u0119\u015bciowa pi\u017camka wykonana z oddychaj\u0105cej wiskozy. G\u00f3r\u0119 stanowi koszulka na szerokich naramkach. Dekolt zosta\u0142 ozdobiony koronk\u0105, kt\u00f3ra przechodzi przez ca\u0142y prz\u00f3d bluzki. Do kompletu zosta\u0142y skrojone kr\u00f3tkie spodenki, zdobione po bokach t\u0105 sam\u0105 koronk\u0105.<\/p>\n<p>Wygodna propozycja do spania, w kt\u00f3rej spokojnie mo\u017cesz r\u00f3wnie\u017c zje\u015b\u0107 leniwe, weekendowe \u015bniadanie.<\/p>\n","protected":false},"featured_media":2065,"comment_status":"open","ping_status":"closed","template":"","meta":[],"product_cat":[17],"product_tag":[],"class_list":{"0":"post-6433","1":"product","2":"type-product","3":"status-publish","4":"has-post-thumbnail","6":"product_cat-komplety","8":"first","9":"instock","10":"shipping-taxable","11":"purchasable","12":"product-type-variable","13":"has-default-attributes"},"_links":{"self":[{"href":"https:\/\/kalimo.eu\/index.php?rest_route=\/wp\/v2\/product\/6433","targetHints":{"allow":["GET"]}}],"collection":[{"href":"https:\/\/kalimo.eu\/index.php?rest_route=\/wp\/v2\/product"}],"about":[{"href":"https:\/\/kalimo.eu\/index.php?rest_route=\/wp\/v2\/types\/product"}],"replies":[{"embeddable":true,"href":"https:\/\/kalimo.eu\/index.php?rest_route=%2Fwp%2Fv2%2Fcomments&post=6433"}],"wp:featuredmedia":[{"embeddable":true,"href":"https:\/\/kalimo.eu\/index.php?rest_route=\/wp\/v2\/media\/2065"}],"wp:attachment":[{"href":"https:\/\/kalimo.eu\/index.php?rest_route=%2Fwp%2Fv2%2Fmedia&parent=6433"}],"wp:term":[{"taxonomy":"product_cat","embeddable":true,"href":"https:\/\/kalimo.eu\/index.php?rest_route=%2Fwp%2Fv2%2Fproduct_cat&post=6433"},{"taxonomy":"product_tag","embeddable":true,"href":"https:\/\/kalimo.eu\/index.php?rest_route=%2Fwp%2Fv2%2Fproduct_tag&post=6433"}],"curies":[{"name":"wp","href":"https:\/\/api.w.org\/{rel}","templated":true}]}}