{"id":6619,"date":"2021-11-19T08:02:01","date_gmt":"2021-11-19T07:02:01","guid":{"rendered":"https:\/\/kalimo.eu\/?post_type=product&#038;p=6619"},"modified":"2022-02-18T11:09:28","modified_gmt":"2022-02-18T10:09:28","slug":"komplet-anafi-wiskozakolory","status":"publish","type":"product","link":"https:\/\/kalimo.eu\/?product=komplet-anafi-wiskozakolory","title":{"rendered":"KOMPLET ANAFI (wiskoza)+kolory"},"content":{"rendered":"<p>Dziewcz\u0119cy, delikatny komplet wiskozowy, w kt\u00f3rym zakochasz si\u0119 od pierwszego wejrzenia. .<\/p>\n<p>G\u00f3r\u0119 stanowi bluzka na szerszych naramkach, kt\u00f3re zosta\u0142y obszyte dzianinow\u0105 falbank\u0105. D\u00f3\u0142 to szorty w kontrastowym kolorze, zdobione r\u00f3wnie\u017c falbank\u0105 oraz s\u0142odk\u0105 kokardk\u0105 w kolorze bluzki. Urocza pi\u017camka do spania, idealna na ciep\u0142e noce. Komplet dost\u0119pny w kilku zestawieniach kolorystycznych.<\/p>\n<p><strong>Styl:<\/strong><\/p>\n<p>komfortowy, dopasowany do odpowiednich partii cia\u0142a<br \/>\nzapewniaj\u0105cy wysok\u0105 swobod\u0119 noszenia<br \/>\nwiskozowa falbanka<br \/>\nca\u0142kowita d\u0142ugo\u015b\u0107 szort\u00f3w mierzona po szwie bocznym: ok. 19cm.<br \/>\nca\u0142kowita d\u0142ugo\u015b\u0107 koszulki mierzona po szwie bocznym: ok. 40cm.<br \/>\n\u00a0<\/p>\n<p><strong>Materia\u0142:<\/strong><\/p>\n<p>wysokogatunkowa, oddychaj\u0105ca wiskoza, tzw. \u201djedwab drzewny\u201d<br \/>\nodpowiednia mi\u0119kko\u015b\u0107 oraz elastyczno\u015b\u0107<br \/>\nlekko\u015b\u0107, przewiewno\u015b\u0107<br \/>\n\u00a0<\/p>\n<p><strong>Dodatkowe cechy produktu:<\/strong><\/p>\n<p>wyko\u0144czenia z wiskozowej falbanki<br \/>\nbielizna pakowana w \u015bliczne, du\u017ce opakowanie (idealne na prezent)<br \/>\nsk\u0142ad materia\u0142u: 95% wiskoza, 5% elastan.<\/p>\n","protected":false},"excerpt":{"rendered":"<p>Dziewcz\u0119cy, delikatny komplet wiskozowy, w kt\u00f3rym zakochasz si\u0119 od pierwszego wejrzenia. .<\/p>\n<p>G\u00f3r\u0119 stanowi bluzka na szerszych naramkach, kt\u00f3re zosta\u0142y obszyte dzianinow\u0105 falbank\u0105. D\u00f3\u0142 to szorty w kontrastowym kolorze, zdobione r\u00f3wnie\u017c falbank\u0105 oraz s\u0142odk\u0105 kokardk\u0105 w kolorze bluzki. Urocza pi\u017camka do spania, idealna na ciep\u0142e noce. Komplet dost\u0119pny w kilku zestawieniach kolorystycznych.<\/p>\n","protected":false},"featured_media":2057,"comment_status":"open","ping_status":"closed","template":"","meta":[],"product_cat":[17],"product_tag":[],"class_list":{"0":"post-6619","1":"product","2":"type-product","3":"status-publish","4":"has-post-thumbnail","6":"product_cat-komplety","8":"first","9":"outofstock","10":"shipping-taxable","11":"purchasable","12":"product-type-variable","13":"has-default-attributes"},"_links":{"self":[{"href":"https:\/\/kalimo.eu\/index.php?rest_route=\/wp\/v2\/product\/6619","targetHints":{"allow":["GET"]}}],"collection":[{"href":"https:\/\/kalimo.eu\/index.php?rest_route=\/wp\/v2\/product"}],"about":[{"href":"https:\/\/kalimo.eu\/index.php?rest_route=\/wp\/v2\/types\/product"}],"replies":[{"embeddable":true,"href":"https:\/\/kalimo.eu\/index.php?rest_route=%2Fwp%2Fv2%2Fcomments&post=6619"}],"wp:featuredmedia":[{"embeddable":true,"href":"https:\/\/kalimo.eu\/index.php?rest_route=\/wp\/v2\/media\/2057"}],"wp:attachment":[{"href":"https:\/\/kalimo.eu\/index.php?rest_route=%2Fwp%2Fv2%2Fmedia&parent=6619"}],"wp:term":[{"taxonomy":"product_cat","embeddable":true,"href":"https:\/\/kalimo.eu\/index.php?rest_route=%2Fwp%2Fv2%2Fproduct_cat&post=6619"},{"taxonomy":"product_tag","embeddable":true,"href":"https:\/\/kalimo.eu\/index.php?rest_route=%2Fwp%2Fv2%2Fproduct_tag&post=6619"}],"curies":[{"name":"wp","href":"https:\/\/api.w.org\/{rel}","templated":true}]}}