{"id":6771,"date":"2021-11-19T09:10:36","date_gmt":"2021-11-19T08:10:36","guid":{"rendered":"https:\/\/kalimo.eu\/?post_type=product&#038;p=6771"},"modified":"2022-02-21T08:35:07","modified_gmt":"2022-02-21T07:35:07","slug":"komplet-chalandri-wiskozakolory","status":"publish","type":"product","link":"https:\/\/kalimo.eu\/?product=komplet-chalandri-wiskozakolory","title":{"rendered":"KOMPLET CHALANDRI (wiskoza)+kolory"},"content":{"rendered":"<p>Uroczy dwucz\u0119\u015bciowy komplet wiskozowy Chalandri. G\u00f3r\u0119 stanowi bluzka z d\u0142ugim r\u0119kawem, kt\u00f3rej prz\u00f3d jest g\u0142adki, natomiast ty\u0142 powsta\u0142 dzi\u0119ki po\u0142\u0105czeniu koronki oraz wiskozy. W komplecie znajduj\u0105 si\u0119 szorty, kt\u00f3rych boki nogawek nak\u0142adaj\u0105 si\u0119 na siebie.<\/p>\n<p>Wygodny, niezobowi\u0105zuj\u0105cy komplet do spania na co dzie\u0144 i na wi\u0119ksze okazje.<\/p>\n<p><strong>Styl:<\/strong><\/p>\n<p>lu\u017any, wygodny<br \/>\nd\u0142ugo\u015b\u0107 bluzki mierzona od ramienia: ok. 58cm<br \/>\nd\u0142ugo\u015b\u0107 nogawki mierzona po szwie zewn\u0119trznym: ok. 20cm<br \/>\nkoronkowy dekolt na plecach<br \/>\n\u00a0<\/p>\n<p><strong>Materia\u0142:<\/strong><\/p>\n<p>wysokogatunkowa, oddychaj\u0105ca wiskoza, tzw. \u201djedwab drzewny\u201d<br \/>\nodpowiednia mi\u0119kko\u015b\u0107 oraz elastyczno\u015b\u0107<br \/>\nlekko\u015b\u0107, przewiewno\u015b\u0107<br \/>\n\u00a0<\/p>\n<p><strong>Dodatkowe cechy produktu:<\/strong><\/p>\n<p>dekoracyjne plecy<br \/>\nsk\u0142ad materia\u0142u: 95% wiskoza, 5% elastan.<\/p>\n","protected":false},"excerpt":{"rendered":"<p>Uroczy dwucz\u0119\u015bciowy komplet wiskozowy Chalandri. G\u00f3r\u0119 stanowi bluzka z d\u0142ugim r\u0119kawem, kt\u00f3rej prz\u00f3d jest g\u0142adki, natomiast ty\u0142 powsta\u0142 dzi\u0119ki po\u0142\u0105czeniu koronki oraz wiskozy. W komplecie znajduj\u0105 si\u0119 szorty, kt\u00f3rych boki nogawek nak\u0142adaj\u0105 si\u0119 na siebie.<\/p>\n<p>Wygodny, niezobowi\u0105zuj\u0105cy komplet do spania na co dzie\u0144 i na wi\u0119ksze okazje.<\/p>\n","protected":false},"featured_media":2277,"comment_status":"open","ping_status":"closed","template":"","meta":[],"product_cat":[17],"product_tag":[],"class_list":{"0":"post-6771","1":"product","2":"type-product","3":"status-publish","4":"has-post-thumbnail","6":"product_cat-komplety","8":"first","9":"instock","10":"shipping-taxable","11":"purchasable","12":"product-type-variable","13":"has-default-attributes"},"_links":{"self":[{"href":"https:\/\/kalimo.eu\/index.php?rest_route=\/wp\/v2\/product\/6771","targetHints":{"allow":["GET"]}}],"collection":[{"href":"https:\/\/kalimo.eu\/index.php?rest_route=\/wp\/v2\/product"}],"about":[{"href":"https:\/\/kalimo.eu\/index.php?rest_route=\/wp\/v2\/types\/product"}],"replies":[{"embeddable":true,"href":"https:\/\/kalimo.eu\/index.php?rest_route=%2Fwp%2Fv2%2Fcomments&post=6771"}],"wp:featuredmedia":[{"embeddable":true,"href":"https:\/\/kalimo.eu\/index.php?rest_route=\/wp\/v2\/media\/2277"}],"wp:attachment":[{"href":"https:\/\/kalimo.eu\/index.php?rest_route=%2Fwp%2Fv2%2Fmedia&parent=6771"}],"wp:term":[{"taxonomy":"product_cat","embeddable":true,"href":"https:\/\/kalimo.eu\/index.php?rest_route=%2Fwp%2Fv2%2Fproduct_cat&post=6771"},{"taxonomy":"product_tag","embeddable":true,"href":"https:\/\/kalimo.eu\/index.php?rest_route=%2Fwp%2Fv2%2Fproduct_tag&post=6771"}],"curies":[{"name":"wp","href":"https:\/\/api.w.org\/{rel}","templated":true}]}}