{"id":6834,"date":"2021-11-19T09:44:10","date_gmt":"2021-11-19T08:44:10","guid":{"rendered":"https:\/\/kalimo.eu\/?post_type=product&#038;p=6834"},"modified":"2022-02-21T08:36:42","modified_gmt":"2022-02-21T07:36:42","slug":"komplet-alinos-wiskozakolory","status":"publish","type":"product","link":"https:\/\/kalimo.eu\/?product=komplet-alinos-wiskozakolory","title":{"rendered":"KOMPLET ALINOS (wiskoza)+kolory"},"content":{"rendered":"<p>Wiskozowy komplet o sportowym charakterze to kolejna propozycja do spania marki Kalimo. Bluzka na szerokich naramkach zosta\u0142a ozdobiona urocz\u0105 kieszonk\u0105. Spodenki o nieoczywistym kroju, gdy\u017c po za\u0142o\u017ceniu przypominaj\u0105 sp\u00f3dniczk\u0119, s\u0105 idealnym dope\u0142nieniem ca\u0142o\u015bci.<\/p>\n<p>Alinos przypadnie gustom Paniom, kt\u00f3re niekoniecznie lubi\u0105 tradycyjne pi\u017camy a raczej s\u0105 zwolenniczkami komplet\u00f3w, w kt\u00f3rych swobodnie mo\u017cna r\u00f3wnie\u017c wyj\u015b\u0107 na \u015bniadanie do ogrodu.<\/p>\n<p><strong>Styl:<\/strong><\/p>\n<p>lu\u017any, wygodny<br \/>\nzapewniaj\u0105cy wysok\u0105 swobod\u0119 noszenia<br \/>\nd\u0142ugo\u015b\u0107 bluzki mierzona od ramienia: ok. 54cm<br \/>\nd\u0142ugo\u015b\u0107 nogawki mierzona po szwie zewn\u0119trznym: ok. 33cm.<br \/>\n\u00a0<\/p>\n<p><strong>Materia\u0142:<\/strong><\/p>\n<p>wysokogatunkowa, oddychaj\u0105ca wiskoza, tzw. \u201djedwab drzewny\u201d<br \/>\nodpowiednia mi\u0119kko\u015b\u0107 oraz elastyczno\u015b\u0107<br \/>\nlekko\u015b\u0107, przewiewno\u015b\u0107<br \/>\n\u00a0<\/p>\n<p><strong>Dodatkowe cechy produktu:<\/strong><\/p>\n<p>kieszonka na bluzce<br \/>\nbielizna pakowana w \u015bliczne, du\u017ce opakowanie (idealne na prezent)<br \/>\nsk\u0142ad materia\u0142u: 95% wiskoza, 5% elastan.<\/p>\n","protected":false},"excerpt":{"rendered":"<p>Wiskozowy komplet o sportowym charakterze to kolejna propozycja do spania marki Kalimo. Bluzka na szerokich naramkach zosta\u0142a ozdobiona urocz\u0105 kieszonk\u0105. Spodenki o nieoczywistym kroju, gdy\u017c po za\u0142o\u017ceniu przypominaj\u0105 sp\u00f3dniczk\u0119, s\u0105 idealnym dope\u0142nieniem ca\u0142o\u015bci.<\/p>\n<p>Alinos przypadnie gustom Paniom, kt\u00f3re niekoniecznie lubi\u0105 tradycyjne pi\u017camy a raczej s\u0105 zwolenniczkami komplet\u00f3w, w kt\u00f3rych swobodnie mo\u017cna r\u00f3wnie\u017c wyj\u015b\u0107 na \u015bniadanie do ogrodu.<\/p>\n","protected":false},"featured_media":2025,"comment_status":"open","ping_status":"closed","template":"","meta":[],"product_cat":[17],"product_tag":[],"class_list":{"0":"post-6834","1":"product","2":"type-product","3":"status-publish","4":"has-post-thumbnail","6":"product_cat-komplety","8":"first","9":"instock","10":"shipping-taxable","11":"purchasable","12":"product-type-variable","13":"has-default-attributes"},"_links":{"self":[{"href":"https:\/\/kalimo.eu\/index.php?rest_route=\/wp\/v2\/product\/6834","targetHints":{"allow":["GET"]}}],"collection":[{"href":"https:\/\/kalimo.eu\/index.php?rest_route=\/wp\/v2\/product"}],"about":[{"href":"https:\/\/kalimo.eu\/index.php?rest_route=\/wp\/v2\/types\/product"}],"replies":[{"embeddable":true,"href":"https:\/\/kalimo.eu\/index.php?rest_route=%2Fwp%2Fv2%2Fcomments&post=6834"}],"wp:featuredmedia":[{"embeddable":true,"href":"https:\/\/kalimo.eu\/index.php?rest_route=\/wp\/v2\/media\/2025"}],"wp:attachment":[{"href":"https:\/\/kalimo.eu\/index.php?rest_route=%2Fwp%2Fv2%2Fmedia&parent=6834"}],"wp:term":[{"taxonomy":"product_cat","embeddable":true,"href":"https:\/\/kalimo.eu\/index.php?rest_route=%2Fwp%2Fv2%2Fproduct_cat&post=6834"},{"taxonomy":"product_tag","embeddable":true,"href":"https:\/\/kalimo.eu\/index.php?rest_route=%2Fwp%2Fv2%2Fproduct_tag&post=6834"}],"curies":[{"name":"wp","href":"https:\/\/api.w.org\/{rel}","templated":true}]}}