{"id":6891,"date":"2021-11-19T09:52:16","date_gmt":"2021-11-19T08:52:16","guid":{"rendered":"https:\/\/kalimo.eu\/?post_type=product&#038;p=6891"},"modified":"2022-02-22T10:09:23","modified_gmt":"2022-02-22T09:09:23","slug":"podomka-chios-wiskozakolory","status":"publish","type":"product","link":"https:\/\/kalimo.eu\/?product=podomka-chios-wiskozakolory","title":{"rendered":"PODOMKA CHIOS (wiskoza)+kolory"},"content":{"rendered":"<p>Romantyczna a zarazem niezobowi\u0105zuj\u0105ca podomka wykonana z przyjemnej wiskozy. Zdobienia przodu szlafroka urocz\u0105 falbank\u0105 w kropeczki dodaj\u0105 charakteru \u201epin up girl\u201d. Zalotnie wi\u0105zany w pasie peniuar o r\u0119kawach 3\/4 zako\u0144czonych r\u00f3wnie\u017c falbank\u0105 umili Tobie wiecz\u00f3r lub poranek.<\/p>\n<p>Je\u015bli chcesz skompletowa\u0107 niezwykle udany komplet bielizny nocnej, to dobierz halk\u0119 Larisa lub halk\u0119 Livadia, w kt\u00f3rej u\u017cyto tych samych materia\u0142\u00f3w.<\/p>\n<p><strong>Styl:<\/strong><\/p>\n<p>komfortowy, dopasowany dzi\u0119ki elastycznej wiskozie<br \/>\ncodzienny, dziewcz\u0119cy<br \/>\nwyko\u0144czenia z delikatnej siateczki w kropki<br \/>\nd\u0142ugo\u015b\u0107 podomki mierzona po szwie bocznym: ok.72cm<br \/>\nd\u0142ugo\u015b\u0107 r\u0119kawa mierzona od pachy w d\u00f3\u0142: ok. 28cm<br \/>\n\u00a0<\/p>\n<p><strong>Materia\u0142:<\/strong><\/p>\n<p>wysokogatunkowa, oddychaj\u0105ca wiskoza, tzw. \u201djedwab drzewny\u201d<br \/>\nodpowiednia mi\u0119kko\u015b\u0107 oraz elastyczno\u015b\u0107<br \/>\nlekko\u015b\u0107, przewiewno\u015b\u0107<br \/>\n\u00a0<\/p>\n<p><strong>Dodatkowe cechy produktu:<\/strong><\/p>\n<p>ozdobne r\u0119kawy oraz prz\u00f3d szlafroka<br \/>\nbielizna pakowana w \u015bliczne, du\u017ce opakowanie (idealne na prezent)<br \/>\nsk\u0142ad materia\u0142u: 95% wiskoza, 5% elastan.<\/p>\n","protected":false},"excerpt":{"rendered":"<p>Romantyczna a zarazem niezobowi\u0105zuj\u0105ca podomka wykonana z przyjemnej wiskozy. Zdobienia przodu szlafroka urocz\u0105 falbank\u0105 w kropeczki dodaj\u0105 charakteru \u201epin up girl\u201d. Zalotnie wi\u0105zany w pasie peniuar o r\u0119kawach 3\/4 zako\u0144czonych r\u00f3wnie\u017c falbank\u0105 umili Tobie wiecz\u00f3r lub poranek.<\/p>\n<p>Je\u015bli chcesz skompletowa\u0107 niezwykle udany komplet bielizny nocnej, to dobierz halk\u0119 Larisa lub halk\u0119 Livadia, w kt\u00f3rej u\u017cyto tych samych materia\u0142\u00f3w.<\/p>\n","protected":false},"featured_media":2315,"comment_status":"open","ping_status":"closed","template":"","meta":[],"product_cat":[18],"product_tag":[],"class_list":{"0":"post-6891","1":"product","2":"type-product","3":"status-publish","4":"has-post-thumbnail","6":"product_cat-podomki","8":"first","9":"instock","10":"shipping-taxable","11":"purchasable","12":"product-type-variable","13":"has-default-attributes"},"_links":{"self":[{"href":"https:\/\/kalimo.eu\/index.php?rest_route=\/wp\/v2\/product\/6891","targetHints":{"allow":["GET"]}}],"collection":[{"href":"https:\/\/kalimo.eu\/index.php?rest_route=\/wp\/v2\/product"}],"about":[{"href":"https:\/\/kalimo.eu\/index.php?rest_route=\/wp\/v2\/types\/product"}],"replies":[{"embeddable":true,"href":"https:\/\/kalimo.eu\/index.php?rest_route=%2Fwp%2Fv2%2Fcomments&post=6891"}],"wp:featuredmedia":[{"embeddable":true,"href":"https:\/\/kalimo.eu\/index.php?rest_route=\/wp\/v2\/media\/2315"}],"wp:attachment":[{"href":"https:\/\/kalimo.eu\/index.php?rest_route=%2Fwp%2Fv2%2Fmedia&parent=6891"}],"wp:term":[{"taxonomy":"product_cat","embeddable":true,"href":"https:\/\/kalimo.eu\/index.php?rest_route=%2Fwp%2Fv2%2Fproduct_cat&post=6891"},{"taxonomy":"product_tag","embeddable":true,"href":"https:\/\/kalimo.eu\/index.php?rest_route=%2Fwp%2Fv2%2Fproduct_tag&post=6891"}],"curies":[{"name":"wp","href":"https:\/\/api.w.org\/{rel}","templated":true}]}}